{"id":940,"date":"2015-12-28T22:00:34","date_gmt":"2015-12-28T21:00:34","guid":{"rendered":"http:\/\/www.vrabek.de\/design\/?page_id=940"},"modified":"2015-12-28T22:00:34","modified_gmt":"2015-12-28T21:00:34","slug":"4-3-1-3-kriterien-zum-subprozess-der-zielsetzung","status":"publish","type":"page","link":"http:\/\/www.vrabek.de\/design\/4-soziales\/4-3-aesthetische-kriterien-fuer-design-in-korrespondenz-zu-sozialen-organisationsstrukturen\/4-3-1-subprozesse-im-teilprozess-der-konvention\/4-3-1-3-kriterien-zum-subprozess-der-zielsetzung\/","title":{"rendered":"4.3.1.3 Kriterien zum Subprozess der Zielsetzung"},"content":{"rendered":"<p>Jede der drei Strukturen kann langfristig bestehen. Es gibt daher die M\u00f6glichkeit, dass die beteiligten sozialen Akteure gemeinsame Ziele f\u00fcr die zuk\u00fcnftige Entwicklung des kommunikativen Systems setzen. Die Weise, auf die der Faktor Zeit und die m\u00f6gliche Antizipation von Zielen bei der kommunikativen Beeinflussung der Entwicklungsziele Ber\u00fccksichtigung finden, ist hinsichtlich jedem Strukturtyp verschieden. Zur Gewichtung der bedingenden Wirkungen auf die Erfahrung durch den Subprozess der Zielsetzung wird nachfolgend in Relation zu der integrativen Struktur das Kriterium der Reibungslosigkeit, im Verh\u00e4ltnis zur hierarchischen Struktur das Kriterium der Optimierbarkeit und bez\u00fcglich der polyvalenten Struktur das Kriterium der Alternativenbildbarkeit untersucht.<\/p>\n<h2 class=\"cprp_section_title\">:: Mehr zum Thema ::<\/h2><div class=\"cprp_items list \"><ul><li><div class=\"cprp_data\"><div class=\"cprp_title\"><a href=\"http:\/\/www.vrabek.de\/design\/2015\/12\/28\/zielsetzung-zum-kriterium-der-reibungslosigkeit-bezueglich-der-integrativen-struktur\/\" title=\"Zielsetzung &gt; Zum Kriterium der \u00bbReibungslosigkeit\u00ab bez\u00fcglich der integrativen Struktur\">Zielsetzung > Zum Kriterium der \u00bbReibungslosigkeit\u00ab bez\u00fcglich der integrativen Struktur<\/a><\/div><div class=\"cprp_excerpt\"><a href=\"http:\/\/www.vrabek.de\/design\/2015\/12\/28\/zielsetzung-zum-kriterium-der-reibungslosigkeit-bezueglich-der-integrativen-struktur\/\" title=\"Zielsetzung &gt; Zum Kriterium der \u00bbReibungslosigkeit\u00ab bez\u00fcglich der integrativen Struktur\"><img src=\"http:\/\/www.vrabek.de\/design\/wp-content\/uploads\/2016\/02\/i4_kollektiv.svg\" class=\"cprp_thumbnail\" title=\"Zielsetzung &gt; Zum Kriterium der \u00bbReibungslosigkeit\u00ab bez\u00fcglich der integrativen Struktur\" alt=\"Zielsetzung &gt; Zum Kriterium der \u00bbReibungslosigkeit\u00ab bez\u00fcglich der integrativen Struktur\" \/><\/a><span class=\"cprp_excerpt_content\">Zur integrativen Struktur passt die \u00dcberzeugung, dass sie sich aus sich selbst heraus weiterentwickelt. Im Vertrauen auf die Logik der Natur wird angenommen, dass alles, einer inneren Zielrichtung folgend zweckm\u00e4\u00dfig, sich Schritt f\u00fcr Schritt verbessernd weiterw\u00e4chst. Das h\u00f6chste Qualit\u00e4tskriterium der integrativen Struktur ist die Reibungslosigkeit, das zweckm\u00e4\u00dfige, harmonische Ineinandergreifen aller&hellip;<\/span><\/div><div class=\"cprp_tags\">Tags: struktur, integrativen, reibungslosigkeit, kriterium, sozialen, finden, bez\u00fcglich, kriterien, zielsetzung<\/div><\/div><\/li><li><div class=\"cprp_data\"><div class=\"cprp_title\"><a href=\"http:\/\/www.vrabek.de\/design\/2015\/12\/28\/zielsetzung-zum-kriterium-der-optimierbarkeit-bezueglich-der-hierarchischen-struktur\/\" title=\"Zielsetzung &gt; Zum Kriterium der \u00bbOptimierbarkeit\u00ab bez\u00fcglich der hierarchischen Struktur\">Zielsetzung > Zum Kriterium der \u00bbOptimierbarkeit\u00ab bez\u00fcglich der hierarchischen Struktur<\/a><\/div><div class=\"cprp_excerpt\"><a href=\"http:\/\/www.vrabek.de\/design\/2015\/12\/28\/zielsetzung-zum-kriterium-der-optimierbarkeit-bezueglich-der-hierarchischen-struktur\/\" title=\"Zielsetzung &gt; Zum Kriterium der \u00bbOptimierbarkeit\u00ab bez\u00fcglich der hierarchischen Struktur\"><img src=\"http:\/\/www.vrabek.de\/design\/wp-content\/uploads\/2016\/02\/i4_distinktiv.svg\" class=\"cprp_thumbnail\" title=\"Zielsetzung &gt; Zum Kriterium der \u00bbOptimierbarkeit\u00ab bez\u00fcglich der hierarchischen Struktur\" alt=\"Zielsetzung &gt; Zum Kriterium der \u00bbOptimierbarkeit\u00ab bez\u00fcglich der hierarchischen Struktur\" \/><\/a><span class=\"cprp_excerpt_content\">Der Subprozess der Zielsetzung ist bez\u00fcglich der gesamten Selbstdefinition eines sozialen Systems mit hierarchischer Struktur entscheidend. Anders als hinsichtlich der integrativen Struktur, wo alle an ihr Orientierten zwanglos und selbstverst\u00e4ndlich der gegebenen Zielrichtung zuarbeiten, muss die Zielvorgabe bez\u00fcglich der hierarchischen Struktur immer wieder gegen Anfechtungen verteidigt und abgesichert werden. Langfristig&hellip;<\/span><\/div><div class=\"cprp_tags\">Tags: struktur, bez\u00fcglich, hierarchischen, optimierbarkeit, kriterium, zielsetzung, systems, sozialen, bestehen, entwicklung<\/div><\/div><\/li><li><div class=\"cprp_data\"><div class=\"cprp_title\"><a href=\"http:\/\/www.vrabek.de\/design\/2015\/12\/28\/zielsetzung-zum-kriterium-der-alternativenbildbarkeit-bezueglich-der-polyvalenten-struktur\/\" title=\"Zielsetzung &gt; Zum Kriterium der \u00bbAlternativenbildbarkeit\u00ab bez\u00fcglich der polyvalenten Struktur\">Zielsetzung > Zum Kriterium der \u00bbAlternativenbildbarkeit\u00ab bez\u00fcglich der polyvalenten Struktur<\/a><\/div><div class=\"cprp_excerpt\"><a href=\"http:\/\/www.vrabek.de\/design\/2015\/12\/28\/zielsetzung-zum-kriterium-der-alternativenbildbarkeit-bezueglich-der-polyvalenten-struktur\/\" title=\"Zielsetzung &gt; Zum Kriterium der \u00bbAlternativenbildbarkeit\u00ab bez\u00fcglich der polyvalenten Struktur\"><img src=\"http:\/\/www.vrabek.de\/design\/wp-content\/uploads\/2016\/02\/i4_partizipativ.svg\" class=\"cprp_thumbnail\" title=\"Zielsetzung &gt; Zum Kriterium der \u00bbAlternativenbildbarkeit\u00ab bez\u00fcglich der polyvalenten Struktur\" alt=\"Zielsetzung &gt; Zum Kriterium der \u00bbAlternativenbildbarkeit\u00ab bez\u00fcglich der polyvalenten Struktur\" \/><\/a><span class=\"cprp_excerpt_content\">Im Subprozess der Zielsetzung wird bez\u00fcglich der polyvalenten Struktur nicht eine einzige Zielvorgabe angestrebt oder an nur einer Zielrichtung festgehalten. Als wertvoll f\u00fcr die Erfahrung wird vielmehr die M\u00f6glichkeit angesehen, zu einem Problembereich mehrere alternative, vielversprechende Entwicklungsziele auszubilden, um unterschiedliche Interpretationen zu einer Thematik entwickeln zu k\u00f6nnen. Daher ist das&hellip;<\/span><\/div><div class=\"cprp_tags\">Tags: polyvalenten, struktur, zielsetzung, kriterium, alternativenbildbarkeit, bez\u00fcglich, entwicklungsziele, m\u00f6glichkeit, erfahrung, subprozess<\/div><\/div><\/li><\/ul><\/div><div style=\"clear:both;\"><\/div>","protected":false},"excerpt":{"rendered":"<p>Jede der drei Strukturen kann langfristig bestehen. Es gibt daher die M\u00f6glichkeit, dass die beteiligten sozialen Akteure gemeinsame Ziele f\u00fcr die zuk\u00fcnftige Entwicklung des kommunikativen Systems setzen. Die Weise, auf die der Faktor Zeit und die m\u00f6gliche Antizipation von Zielen&hellip;  <\/p>\n<p class=\"more-link\"><a href=\"http:\/\/www.vrabek.de\/design\/4-soziales\/4-3-aesthetische-kriterien-fuer-design-in-korrespondenz-zu-sozialen-organisationsstrukturen\/4-3-1-subprozesse-im-teilprozess-der-konvention\/4-3-1-3-kriterien-zum-subprozess-der-zielsetzung\/\">Continue reading <span class=\"meta-nav\">&rarr;<\/span><\/a><\/p>\n","protected":false},"author":1,"featured_media":0,"parent":355,"menu_order":0,"comment_status":"closed","ping_status":"closed","template":"","meta":[],"_links":{"self":[{"href":"http:\/\/www.vrabek.de\/design\/wp-json\/wp\/v2\/pages\/940"}],"collection":[{"href":"http:\/\/www.vrabek.de\/design\/wp-json\/wp\/v2\/pages"}],"about":[{"href":"http:\/\/www.vrabek.de\/design\/wp-json\/wp\/v2\/types\/page"}],"author":[{"embeddable":true,"href":"http:\/\/www.vrabek.de\/design\/wp-json\/wp\/v2\/users\/1"}],"replies":[{"embeddable":true,"href":"http:\/\/www.vrabek.de\/design\/wp-json\/wp\/v2\/comments?post=940"}],"version-history":[{"count":1,"href":"http:\/\/www.vrabek.de\/design\/wp-json\/wp\/v2\/pages\/940\/revisions"}],"predecessor-version":[{"id":941,"href":"http:\/\/www.vrabek.de\/design\/wp-json\/wp\/v2\/pages\/940\/revisions\/941"}],"up":[{"embeddable":true,"href":"http:\/\/www.vrabek.de\/design\/wp-json\/wp\/v2\/pages\/355"}],"wp:attachment":[{"href":"http:\/\/www.vrabek.de\/design\/wp-json\/wp\/v2\/media?parent=940"}],"curies":[{"name":"wp","href":"https:\/\/api.w.org\/{rel}","templated":true}]}}