{"id":928,"date":"2015-12-28T21:46:15","date_gmt":"2015-12-28T20:46:15","guid":{"rendered":"http:\/\/www.vrabek.de\/design\/?page_id=928"},"modified":"2015-12-28T22:09:05","modified_gmt":"2015-12-28T21:09:05","slug":"4-3-3-3-kriterien-zu-subprozess-der-begegnung","status":"publish","type":"page","link":"http:\/\/www.vrabek.de\/design\/4-soziales\/4-3-aesthetische-kriterien-fuer-design-in-korrespondenz-zu-sozialen-organisationsstrukturen\/4-3-3-subprozesse-im-teilprozess-der-kooperation\/4-3-3-3-kriterien-zu-subprozess-der-begegnung\/","title":{"rendered":"4.3.3.3 Kriterien zu Subprozess der Begegnung"},"content":{"rendered":"<p>Die innere Orientierung an einer der unterschiedlichen Strukturen hat gro\u00dfen Einfluss darauf, wie sich die Individuen im allt\u00e4glichen Zusammenleben begegnen. Menschen sch\u00e4tzen sich gegenseitig aufgrund ihrer Position relativ zum jeweiligen Strukturtyp des sozialen Systems, an dem sie sich orientieren und im Vergleich zur je eigenen Position ein. Hierbei k\u00f6nnen Fremd- und Selbstbeobachtung stark differieren. So ertr\u00e4gt ein Mensch der sich am hierarchischen Strukturtyp orientiert kaum die vorbehaltlose Offenheit, mit der ihm am integrativen Strukturtyp orientierte Menschen begegnen. Umgekehrt wird ein Mensch, in dessen Erfahrung die integrative Struktur dominiert durch seine vorbehaltlose oder auch naive Einstellung von einem Menschen, f\u00fcr den die hierarchische Struktur pr\u00e4gend ist, leicht \u00fcbervorteilt. Als Kriterien f\u00fcr die Erfassung und Bewertung der bedingenden Wirkung auf die Erfahrung bez\u00fcglich dem Subprozess der mitmenschlichen Begegnung sind hinsichtlich der integrativen Struktur die Vorbehaltlosigkeit, relativ zur hierarchischen Struktur die Konkurrenz und in Beziehung zur polyvalenten Struktur die Toleranzf\u00e4higkeit zu analysieren.<\/p>\n<h2 class=\"cprp_section_title\">:: Mehr zum Thema ::<\/h2><div class=\"cprp_items list \"><ul><li><div class=\"cprp_data\"><div class=\"cprp_title\"><a href=\"http:\/\/www.vrabek.de\/design\/2015\/12\/28\/begegnung-zum-kriterium-der-vorbehaltlosigkeit-bezueglich-der-integrativen-struktur\/\" title=\"Begegnung &gt; Zum Kriterium der \u00bbVorbehaltlosigkeit\u00ab bez\u00fcglich der integrativen Struktur\">Begegnung > Zum Kriterium der \u00bbVorbehaltlosigkeit\u00ab bez\u00fcglich der integrativen Struktur<\/a><\/div><div class=\"cprp_excerpt\"><a href=\"http:\/\/www.vrabek.de\/design\/2015\/12\/28\/begegnung-zum-kriterium-der-vorbehaltlosigkeit-bezueglich-der-integrativen-struktur\/\" title=\"Begegnung &gt; Zum Kriterium der \u00bbVorbehaltlosigkeit\u00ab bez\u00fcglich der integrativen Struktur\"><img src=\"http:\/\/www.vrabek.de\/design\/wp-content\/uploads\/2016\/02\/i4_kollektiv.svg\" class=\"cprp_thumbnail\" title=\"Begegnung &gt; Zum Kriterium der \u00bbVorbehaltlosigkeit\u00ab bez\u00fcglich der integrativen Struktur\" alt=\"Begegnung &gt; Zum Kriterium der \u00bbVorbehaltlosigkeit\u00ab bez\u00fcglich der integrativen Struktur\" \/><\/a><span class=\"cprp_excerpt_content\">Konflikte zwischen den W\u00fcnschen des Individuums und den Anforderungen des sozialen Systems entstehen mit Orientierung an der integrativen Struktur kaum. Au\u00dfer sehr elementaren Tabus gibt es f\u00fcr die kommunikative Dimension der Erfahrung auch im Subprozess der mitmenschlichen Begegnung wenig Vorbehalte oder Grenzen. Diese unreflektierte Vorbehaltlosigkeit ist v\u00f6llig anders zu verstehen&hellip;<\/span><\/div><div class=\"cprp_tags\">Tags: vorbehaltlosigkeit, struktur, integrativen, begegnung, menschen, erfahrung, mitmenschlichen, integrative, begegnen, bez\u00fcglich<\/div><\/div><\/li><li><div class=\"cprp_data\"><div class=\"cprp_title\"><a href=\"http:\/\/www.vrabek.de\/design\/2015\/12\/28\/begegnung-zum-kriterium-der-konkurrenz-bezueglich-der-hierarchischen-struktur\/\" title=\"Begegnung &gt; Zum Kriterium der \u00bbKonkurrenz\u00ab bez\u00fcglich der hierarchischen Struktur\">Begegnung > Zum Kriterium der \u00bbKonkurrenz\u00ab bez\u00fcglich der hierarchischen Struktur<\/a><\/div><div class=\"cprp_excerpt\"><a href=\"http:\/\/www.vrabek.de\/design\/2015\/12\/28\/begegnung-zum-kriterium-der-konkurrenz-bezueglich-der-hierarchischen-struktur\/\" title=\"Begegnung &gt; Zum Kriterium der \u00bbKonkurrenz\u00ab bez\u00fcglich der hierarchischen Struktur\"><img src=\"http:\/\/www.vrabek.de\/design\/wp-content\/uploads\/2016\/02\/i4_distinktiv.svg\" class=\"cprp_thumbnail\" title=\"Begegnung &gt; Zum Kriterium der \u00bbKonkurrenz\u00ab bez\u00fcglich der hierarchischen Struktur\" alt=\"Begegnung &gt; Zum Kriterium der \u00bbKonkurrenz\u00ab bez\u00fcglich der hierarchischen Struktur\" \/><\/a><span class=\"cprp_excerpt_content\">Bez\u00fcglich der hierarchischen Struktur sind die Wertprinzipien durch die Zielvorgabe und die zugeh\u00f6rige Niveaudifferenz bestimmt. Jeder an dieser Struktur orientierte m\u00f6chte eine Position innerhalb der Hierarchie ergattern, halten oder verbessern und ist st\u00e4ndig mit den anderen Beteiligten im Wettbewerb. Andere Menschen werden danach eingeteilt, ob sie dieses konkurrierende Streben unterst\u00fctzen&hellip;<\/span><\/div><div class=\"cprp_tags\">Tags: konkurrenz, struktur, bez\u00fcglich, hierarchischen, menschen, ihrer<\/div><\/div><\/li><li><div class=\"cprp_data\"><div class=\"cprp_title\"><a href=\"http:\/\/www.vrabek.de\/design\/2015\/12\/28\/begegnung-zum-kriterium-der-toleranzfaehigkeit-bezueglich-der-polyvalenten-struktur\/\" title=\"Begegnung &gt; Zum Kriterium der \u00bbToleranzf\u00e4higkeit\u00ab bez\u00fcglich der polyvalenten Struktur\">Begegnung > Zum Kriterium der \u00bbToleranzf\u00e4higkeit\u00ab bez\u00fcglich der polyvalenten Struktur<\/a><\/div><div class=\"cprp_excerpt\"><a href=\"http:\/\/www.vrabek.de\/design\/2015\/12\/28\/begegnung-zum-kriterium-der-toleranzfaehigkeit-bezueglich-der-polyvalenten-struktur\/\" title=\"Begegnung &gt; Zum Kriterium der \u00bbToleranzf\u00e4higkeit\u00ab bez\u00fcglich der polyvalenten Struktur\"><img src=\"http:\/\/www.vrabek.de\/design\/wp-content\/uploads\/2016\/02\/i4_partizipativ.svg\" class=\"cprp_thumbnail\" title=\"Begegnung &gt; Zum Kriterium der \u00bbToleranzf\u00e4higkeit\u00ab bez\u00fcglich der polyvalenten Struktur\" alt=\"Begegnung &gt; Zum Kriterium der \u00bbToleranzf\u00e4higkeit\u00ab bez\u00fcglich der polyvalenten Struktur\" \/><\/a><span class=\"cprp_excerpt_content\">Dem Individuum als Partizipant einer polyvalenten Struktur ist bewusst, dass verschiedene Wege richtig sein k\u00f6nnen, dass der in irgendeiner Weise andersartige Mensch als solcher akzeptiert und weder in einem nivellierenden Konsens verschwinden noch durch ablehnende Vorurteile ausgeschlossen oder im Wettbewerb \u00fcbervorteilt werden sollte. Nicht gleichg\u00fcltige, das Anderssein ignorierende oder hochm\u00fctige,&hellip;<\/span><\/div><div class=\"cprp_tags\">Tags: toleranzf\u00e4higkeit, polyvalenten, struktur, begegnung, bez\u00fcglich, unterschiedlichen, \u00fcbervorteilt, position, subprozess, mitmenschlichen<\/div><\/div><\/li><\/ul><\/div><div style=\"clear:both;\"><\/div>","protected":false},"excerpt":{"rendered":"<p>Die innere Orientierung an einer der unterschiedlichen Strukturen hat gro\u00dfen Einfluss darauf, wie sich die Individuen im allt\u00e4glichen Zusammenleben begegnen. Menschen sch\u00e4tzen sich gegenseitig aufgrund ihrer Position relativ zum jeweiligen Strukturtyp des sozialen Systems, an dem sie sich orientieren und&hellip;  <\/p>\n<p class=\"more-link\"><a href=\"http:\/\/www.vrabek.de\/design\/4-soziales\/4-3-aesthetische-kriterien-fuer-design-in-korrespondenz-zu-sozialen-organisationsstrukturen\/4-3-3-subprozesse-im-teilprozess-der-kooperation\/4-3-3-3-kriterien-zu-subprozess-der-begegnung\/\">Continue reading <span class=\"meta-nav\">&rarr;<\/span><\/a><\/p>\n","protected":false},"author":1,"featured_media":0,"parent":359,"menu_order":0,"comment_status":"closed","ping_status":"closed","template":"","meta":[],"_links":{"self":[{"href":"http:\/\/www.vrabek.de\/design\/wp-json\/wp\/v2\/pages\/928"}],"collection":[{"href":"http:\/\/www.vrabek.de\/design\/wp-json\/wp\/v2\/pages"}],"about":[{"href":"http:\/\/www.vrabek.de\/design\/wp-json\/wp\/v2\/types\/page"}],"author":[{"embeddable":true,"href":"http:\/\/www.vrabek.de\/design\/wp-json\/wp\/v2\/users\/1"}],"replies":[{"embeddable":true,"href":"http:\/\/www.vrabek.de\/design\/wp-json\/wp\/v2\/comments?post=928"}],"version-history":[{"count":1,"href":"http:\/\/www.vrabek.de\/design\/wp-json\/wp\/v2\/pages\/928\/revisions"}],"predecessor-version":[{"id":929,"href":"http:\/\/www.vrabek.de\/design\/wp-json\/wp\/v2\/pages\/928\/revisions\/929"}],"up":[{"embeddable":true,"href":"http:\/\/www.vrabek.de\/design\/wp-json\/wp\/v2\/pages\/359"}],"wp:attachment":[{"href":"http:\/\/www.vrabek.de\/design\/wp-json\/wp\/v2\/media?parent=928"}],"curies":[{"name":"wp","href":"https:\/\/api.w.org\/{rel}","templated":true}]}}