{"id":926,"date":"2015-12-28T21:44:15","date_gmt":"2015-12-28T20:44:15","guid":{"rendered":"http:\/\/www.vrabek.de\/design\/?page_id=926"},"modified":"2015-12-28T21:44:15","modified_gmt":"2015-12-28T20:44:15","slug":"4-3-3-2-kriterien-zum-subprozess-der-unterstuetzung","status":"publish","type":"page","link":"http:\/\/www.vrabek.de\/design\/4-soziales\/4-3-aesthetische-kriterien-fuer-design-in-korrespondenz-zu-sozialen-organisationsstrukturen\/4-3-3-subprozesse-im-teilprozess-der-kooperation\/4-3-3-2-kriterien-zum-subprozess-der-unterstuetzung\/","title":{"rendered":"4.3.3.2 Kriterien zum Subprozess der Unterst\u00fctzung"},"content":{"rendered":"<p>Die Verhaltensorientierung an jeder der drei typischen sozialen Strukturen wirkt sich auch im kooperativen Subprozess der Unterst\u00fctzung unterschiedlich auf die Erfahrung aus. Nicht mit jedem Kommunikationsbeitrag die Anforderungen erf\u00fcllen zu m\u00fcssen, auch mal einen Fehler machen und sich trotzdem auf andere Menschen verlassen zu k\u00f6nnen, ist eine wichtige Voraussetzung f\u00fcr das Gelingen eines selbstbestimmten Lebens einerseits und f\u00fcr die Stabilisierung eines sozialen Systems andererseits. Die bedingende Wirkung auf die Erfahrungskreation w\u00e4hrend dem Subprozess der Unterst\u00fctzung wird bez\u00fcglich der integrativen Struktur mit dem Kriterium der Hilfsbereitschaft, bez\u00fcglich der hierarchischen Struktur mit dem Kriterium der Reserviertheit und in Hinsicht auf die polyvalente Struktur mit dem Kriterium der Partnerschaftlichkeit erfasst und gewertet.<\/p>\n<h2 class=\"cprp_section_title\">:: Mehr zum Thema ::<\/h2><div class=\"cprp_items list \"><ul><li><div class=\"cprp_data\"><div class=\"cprp_title\"><a href=\"http:\/\/www.vrabek.de\/design\/2015\/12\/28\/unterstuetzung-zum-kriterium-der-hilfsbereitschaft-bezueglich-der-integrativen-struktur\/\" title=\"Unterst\u00fctzung &gt; Zum Kriterium der \u00bbHilfsbereitschaft\u00ab bez\u00fcglich der integrativen Struktur\">Unterst\u00fctzung > Zum Kriterium der \u00bbHilfsbereitschaft\u00ab bez\u00fcglich der integrativen Struktur<\/a><\/div><div class=\"cprp_excerpt\"><a href=\"http:\/\/www.vrabek.de\/design\/2015\/12\/28\/unterstuetzung-zum-kriterium-der-hilfsbereitschaft-bezueglich-der-integrativen-struktur\/\" title=\"Unterst\u00fctzung &gt; Zum Kriterium der \u00bbHilfsbereitschaft\u00ab bez\u00fcglich der integrativen Struktur\"><img src=\"http:\/\/www.vrabek.de\/design\/wp-content\/uploads\/2016\/02\/i4_kollektiv.svg\" class=\"cprp_thumbnail\" title=\"Unterst\u00fctzung &gt; Zum Kriterium der \u00bbHilfsbereitschaft\u00ab bez\u00fcglich der integrativen Struktur\" alt=\"Unterst\u00fctzung &gt; Zum Kriterium der \u00bbHilfsbereitschaft\u00ab bez\u00fcglich der integrativen Struktur\" \/><\/a><span class=\"cprp_excerpt_content\">Kooperation innerhalb dieser Organisationsstruktur erfolgt gro\u00dfteils mit dem Bewusstsein, sich auf die gegenseitige Hilfsbereitschaft verlassen zu k\u00f6nnen. Die L\u00f6sung eines Problems wird mit den besten verf\u00fcgbaren Kr\u00e4ften in Angriff genommen, ohne lange zu planen oder zu z\u00f6gern. Beispielsweise zeigt jemand in einer allt\u00e4glichen Situation spontan Zivilcourage und hilft, obwohl er&hellip;<\/span><\/div><div class=\"cprp_tags\">Tags: hilfsbereitschaft, verlassen, kriterium, struktur, integrativen, bez\u00fcglich, unterst\u00fctzung<\/div><\/div><\/li><li><div class=\"cprp_data\"><div class=\"cprp_title\"><a href=\"http:\/\/www.vrabek.de\/design\/2015\/12\/28\/unterstuetzung-zum-kriterium-der-reserviertheit-bezueglich-der-hierarchischen-struktur\/\" title=\"Unterst\u00fctzung &gt; Zum Kriterium der \u00bbReserviertheit\u00ab bez\u00fcglich der hierarchischen Struktur\">Unterst\u00fctzung > Zum Kriterium der \u00bbReserviertheit\u00ab bez\u00fcglich der hierarchischen Struktur<\/a><\/div><div class=\"cprp_excerpt\"><a href=\"http:\/\/www.vrabek.de\/design\/2015\/12\/28\/unterstuetzung-zum-kriterium-der-reserviertheit-bezueglich-der-hierarchischen-struktur\/\" title=\"Unterst\u00fctzung &gt; Zum Kriterium der \u00bbReserviertheit\u00ab bez\u00fcglich der hierarchischen Struktur\"><img src=\"http:\/\/www.vrabek.de\/design\/wp-content\/uploads\/2016\/02\/i4_distinktiv.svg\" class=\"cprp_thumbnail\" title=\"Unterst\u00fctzung &gt; Zum Kriterium der \u00bbReserviertheit\u00ab bez\u00fcglich der hierarchischen Struktur\" alt=\"Unterst\u00fctzung &gt; Zum Kriterium der \u00bbReserviertheit\u00ab bez\u00fcglich der hierarchischen Struktur\" \/><\/a><span class=\"cprp_excerpt_content\">Hinsichtlich der hierarchischen Organisationsstruktur wird der kooperative Subproze\u00df der Unterst\u00fctzung m\u00f6glichst offiziell geregelt. Verl\u00e4\u00dflichkeit, die \u00fcber das rollengem\u00e4\u00dfe Verhalten hinaus geht, ist selten anzutreffen. Man begegnet einander mit Reserviertheit, m\u00f6chte nicht in die Probleme eines anderen Menschen hineingezogen werden und dadurch m\u00f6glicherweise die erreichte Position gef\u00e4hrden. In unternehmerischen, wissenschaftlichen oder&hellip;<\/span><\/div><div class=\"cprp_tags\">Tags: reserviertheit, menschen, hierarchischen, kriterium, unterst\u00fctzung<\/div><\/div><\/li><li><div class=\"cprp_data\"><div class=\"cprp_title\"><a href=\"http:\/\/www.vrabek.de\/design\/2015\/12\/28\/unterstuetzung-zum-kriterium-der-partnerschaftlichkeit-bezueglich-der-polyvalenten-struktur\/\" title=\"Unterst\u00fctzung &gt; Zum Kriterium der \u00bbPartnerschaftlichkeit\u00ab bez\u00fcglich der polyvalenten Struktur\">Unterst\u00fctzung > Zum Kriterium der \u00bbPartnerschaftlichkeit\u00ab bez\u00fcglich der polyvalenten Struktur<\/a><\/div><div class=\"cprp_excerpt\"><a href=\"http:\/\/www.vrabek.de\/design\/2015\/12\/28\/unterstuetzung-zum-kriterium-der-partnerschaftlichkeit-bezueglich-der-polyvalenten-struktur\/\" title=\"Unterst\u00fctzung &gt; Zum Kriterium der \u00bbPartnerschaftlichkeit\u00ab bez\u00fcglich der polyvalenten Struktur\"><img src=\"http:\/\/www.vrabek.de\/design\/wp-content\/uploads\/2016\/02\/i4_partizipativ.svg\" class=\"cprp_thumbnail\" title=\"Unterst\u00fctzung &gt; Zum Kriterium der \u00bbPartnerschaftlichkeit\u00ab bez\u00fcglich der polyvalenten Struktur\" alt=\"Unterst\u00fctzung &gt; Zum Kriterium der \u00bbPartnerschaftlichkeit\u00ab bez\u00fcglich der polyvalenten Struktur\" \/><\/a><span class=\"cprp_excerpt_content\">Der Subprozess der kooperativen Unterst\u00fctzung bez\u00fcglich der polyvalenten Struktur ist als aktive Hilfe zur Selbsthilfe beschreibbar. Beispielsweise werden die Bewohner einer Wohngemeinschaft einander zwar helfen, aber nicht dem Idealbild einer harmonischen Familie entsprechend grenzenlose Hilfsbereitschaft zeigen, sondern mit den Unterst\u00fctzungsma\u00dfnahmen die Erwartung an entsprechende Eigenaktivit\u00e4ten verbinden. Die aus dem Subprozess&hellip;<\/span><\/div><div class=\"cprp_tags\">Tags: menschen, unterst\u00fctzung, kriterium, struktur, partnerschaftlichkeit, sozialen, hilfsbereitschaft, subprozess, bez\u00fcglich, erfahrung<\/div><\/div><\/li><\/ul><\/div><div style=\"clear:both;\"><\/div>","protected":false},"excerpt":{"rendered":"<p>Die Verhaltensorientierung an jeder der drei typischen sozialen Strukturen wirkt sich auch im kooperativen Subprozess der Unterst\u00fctzung unterschiedlich auf die Erfahrung aus. Nicht mit jedem Kommunikationsbeitrag die Anforderungen erf\u00fcllen zu m\u00fcssen, auch mal einen Fehler machen und sich trotzdem auf&hellip;  <\/p>\n<p class=\"more-link\"><a href=\"http:\/\/www.vrabek.de\/design\/4-soziales\/4-3-aesthetische-kriterien-fuer-design-in-korrespondenz-zu-sozialen-organisationsstrukturen\/4-3-3-subprozesse-im-teilprozess-der-kooperation\/4-3-3-2-kriterien-zum-subprozess-der-unterstuetzung\/\">Continue reading <span class=\"meta-nav\">&rarr;<\/span><\/a><\/p>\n","protected":false},"author":1,"featured_media":0,"parent":359,"menu_order":0,"comment_status":"closed","ping_status":"closed","template":"","meta":[],"_links":{"self":[{"href":"http:\/\/www.vrabek.de\/design\/wp-json\/wp\/v2\/pages\/926"}],"collection":[{"href":"http:\/\/www.vrabek.de\/design\/wp-json\/wp\/v2\/pages"}],"about":[{"href":"http:\/\/www.vrabek.de\/design\/wp-json\/wp\/v2\/types\/page"}],"author":[{"embeddable":true,"href":"http:\/\/www.vrabek.de\/design\/wp-json\/wp\/v2\/users\/1"}],"replies":[{"embeddable":true,"href":"http:\/\/www.vrabek.de\/design\/wp-json\/wp\/v2\/comments?post=926"}],"version-history":[{"count":1,"href":"http:\/\/www.vrabek.de\/design\/wp-json\/wp\/v2\/pages\/926\/revisions"}],"predecessor-version":[{"id":927,"href":"http:\/\/www.vrabek.de\/design\/wp-json\/wp\/v2\/pages\/926\/revisions\/927"}],"up":[{"embeddable":true,"href":"http:\/\/www.vrabek.de\/design\/wp-json\/wp\/v2\/pages\/359"}],"wp:attachment":[{"href":"http:\/\/www.vrabek.de\/design\/wp-json\/wp\/v2\/media?parent=926"}],"curies":[{"name":"wp","href":"https:\/\/api.w.org\/{rel}","templated":true}]}}