{"id":924,"date":"2015-12-28T21:42:17","date_gmt":"2015-12-28T20:42:17","guid":{"rendered":"http:\/\/www.vrabek.de\/design\/?page_id=924"},"modified":"2015-12-28T21:42:17","modified_gmt":"2015-12-28T20:42:17","slug":"4-3-3-1-kriterien-zum-subprozess-der-verbindung","status":"publish","type":"page","link":"http:\/\/www.vrabek.de\/design\/4-soziales\/4-3-aesthetische-kriterien-fuer-design-in-korrespondenz-zu-sozialen-organisationsstrukturen\/4-3-3-subprozesse-im-teilprozess-der-kooperation\/4-3-3-1-kriterien-zum-subprozess-der-verbindung\/","title":{"rendered":"4.3.3.1 Kriterien zum Subprozess der Verbindung"},"content":{"rendered":"<p>Die prim\u00e4re Orientierung an einem der vorgestellten Strukturtypen muss sich nicht zwangsl\u00e4ufig in Form der nachfolgend beschriebenen Kriterien auf die kommunikative Dimension der Erfahrung auswirken. Es ist zumindest wahrscheinlich, dass die langfristig am gleichen Strukturtyp ausgerichtete Orientierung auch die Art des Gef\u00fchls von Verbundenheit zwischen den Beteiligten mitbeeinflusst Beispielsweise trauen die wenigsten Menschen ihrem freundlichen Nachbarn, dem sie sich bez\u00fcglich der integrativen Struktur verbunden f\u00fchlen, eine kriminelle Tat zu. Bedingende Wirkungen auf die Erfahrung bez\u00fcglich dem Subprozess der Verbindung in Relation zu den sozialen Strukturen lassen sich durch bestimmte Kriterien beschreiben und bewerten. Im Hinblick auf die integrative Struktur ist das Kriterium der Gemeinschaftlichkeit, im Verh\u00e4ltnis zur hierarchischen Struktur das Kriterium der Distanziertheit und in Bezugnahme zur polyvalenten Struktur das Kriterium der Anschlussf\u00e4higkeit zu analysieren.<\/p>\n<h2 class=\"cprp_section_title\">:: Mehr zum Thema ::<\/h2><div class=\"cprp_items list \"><ul><li><div class=\"cprp_data\"><div class=\"cprp_title\"><a href=\"http:\/\/www.vrabek.de\/design\/2015\/12\/28\/verbindung-zum-kriterium-der-gemeinschaftlichkeit-bezueglich-der-integrativen-struktur\/\" title=\"Verbindung &gt; Zum Kriterium der \u00bbGemeinschaftlichkeit\u00ab bez\u00fcglich der integrativen Struktur\">Verbindung > Zum Kriterium der \u00bbGemeinschaftlichkeit\u00ab bez\u00fcglich der integrativen Struktur<\/a><\/div><div class=\"cprp_excerpt\"><a href=\"http:\/\/www.vrabek.de\/design\/2015\/12\/28\/verbindung-zum-kriterium-der-gemeinschaftlichkeit-bezueglich-der-integrativen-struktur\/\" title=\"Verbindung &gt; Zum Kriterium der \u00bbGemeinschaftlichkeit\u00ab bez\u00fcglich der integrativen Struktur\"><img src=\"http:\/\/www.vrabek.de\/design\/wp-content\/uploads\/2016\/02\/i4_kollektiv.svg\" class=\"cprp_thumbnail\" title=\"Verbindung &gt; Zum Kriterium der \u00bbGemeinschaftlichkeit\u00ab bez\u00fcglich der integrativen Struktur\" alt=\"Verbindung &gt; Zum Kriterium der \u00bbGemeinschaftlichkeit\u00ab bez\u00fcglich der integrativen Struktur\" \/><\/a><span class=\"cprp_excerpt_content\">Bezogen auf die integrative Struktur besitzen Abgrenzungen nur dann eine Bedeutung, wenn ein Beteiligter nicht bereit ist, seine Erfahrungskreation entsprechend den Kriterien zum Teilprozess der Konvention \u00ad Ganzheitlichkeit, Durchmischbarkeit und Zweckm\u00e4\u00dfigkeit \u00ad auszurichten. Beteiligungswillige oder bereits Beteiligte, die diesbez\u00fcglich nicht allzu stark vom angepassten Verhalten abweichen, werden als gleichberechtigt und&hellip;<\/span><\/div><div class=\"cprp_tags\">Tags: gemeinschaftlichkeit, kriterium, beteiligten, menschen, struktur, verbindung<\/div><\/div><\/li><li><div class=\"cprp_data\"><div class=\"cprp_title\"><a href=\"http:\/\/www.vrabek.de\/design\/2015\/12\/28\/verbindung-zum-kriterium-der-distanziertheit-bezueglich-der-hierarchischen-struktur\/\" title=\"Verbindung &gt; Zum Kriterium der \u00bbDistanziertheit\u00ab bez\u00fcglich der hierarchischen Struktur\">Verbindung > Zum Kriterium der \u00bbDistanziertheit\u00ab bez\u00fcglich der hierarchischen Struktur<\/a><\/div><div class=\"cprp_excerpt\"><a href=\"http:\/\/www.vrabek.de\/design\/2015\/12\/28\/verbindung-zum-kriterium-der-distanziertheit-bezueglich-der-hierarchischen-struktur\/\" title=\"Verbindung &gt; Zum Kriterium der \u00bbDistanziertheit\u00ab bez\u00fcglich der hierarchischen Struktur\"><img src=\"http:\/\/www.vrabek.de\/design\/wp-content\/uploads\/2016\/02\/i4_distinktiv.svg\" class=\"cprp_thumbnail\" title=\"Verbindung &gt; Zum Kriterium der \u00bbDistanziertheit\u00ab bez\u00fcglich der hierarchischen Struktur\" alt=\"Verbindung &gt; Zum Kriterium der \u00bbDistanziertheit\u00ab bez\u00fcglich der hierarchischen Struktur\" \/><\/a><span class=\"cprp_excerpt_content\">An Systemen mit hierarchischer Struktur kann nur derjenige partizipieren, der sich in seine Rolle f\u00fcgt und st\u00e4ndig Leistungsf\u00e4higkeit demonstriert. Die Vorhersehbarkeit seines Aufstiegs und die Entlastung von Eigenverantwortung durch die Vorgaben des Systems belohnt in gewisser Weise diese Anstrengungen. Die Orientierung an der hierarchischen Struktur aufzugeben, bedeutet, diese Vorteile der&hellip;<\/span><\/div><div class=\"cprp_tags\">Tags: struktur, distanziertheit, hierarchischen, kriterium, beteiligten, bez\u00fcglich, sozialen, verbundenheit, beispielsweise, orientierung<\/div><\/div><\/li><li><div class=\"cprp_data\"><div class=\"cprp_title\"><a href=\"http:\/\/www.vrabek.de\/design\/2015\/12\/28\/verbindung-zum-kriterium-der-anschlussfaehigkeit-bezueglich-der-polyvalenten-struktur\/\" title=\"Verbindung &gt; Zum Kriterium der \u00bbAnschlussf\u00e4higkeit\u00ab bez\u00fcglich der polyvalenten Struktur\">Verbindung > Zum Kriterium der \u00bbAnschlussf\u00e4higkeit\u00ab bez\u00fcglich der polyvalenten Struktur<\/a><\/div><div class=\"cprp_excerpt\"><a href=\"http:\/\/www.vrabek.de\/design\/2015\/12\/28\/verbindung-zum-kriterium-der-anschlussfaehigkeit-bezueglich-der-polyvalenten-struktur\/\" title=\"Verbindung &gt; Zum Kriterium der \u00bbAnschlussf\u00e4higkeit\u00ab bez\u00fcglich der polyvalenten Struktur\"><img src=\"http:\/\/www.vrabek.de\/design\/wp-content\/uploads\/2016\/02\/i4_partizipativ.svg\" class=\"cprp_thumbnail\" title=\"Verbindung &gt; Zum Kriterium der \u00bbAnschlussf\u00e4higkeit\u00ab bez\u00fcglich der polyvalenten Struktur\" alt=\"Verbindung &gt; Zum Kriterium der \u00bbAnschlussf\u00e4higkeit\u00ab bez\u00fcglich der polyvalenten Struktur\" \/><\/a><span class=\"cprp_excerpt_content\">Weder das Kriterium der Grenzenlosigkeit wie bez\u00fcglich der integrativen Struktur noch das der Geschlossenheit wie hinsichtlich der hierarchischen Struktur eignen sich f\u00fcr die Kennzeichnung des kooperativen Subprozesses der Verbindung in Relation zur polyvalenten Struktur. Deren gesamte Zielrichtung ist Alternativenbildung, das Nebeneinander von verschiedenen sozialen Systemen. Dies ist nicht durch grenzenlose&hellip;<\/span><\/div><div class=\"cprp_tags\">Tags: anschlussf\u00e4higkeit, kriterium, struktur, verbindung, zwischen, sozialen, bez\u00fcglich, polyvalenten, menschen, beteiligten<\/div><\/div><\/li><\/ul><\/div><div style=\"clear:both;\"><\/div>","protected":false},"excerpt":{"rendered":"<p>Die prim\u00e4re Orientierung an einem der vorgestellten Strukturtypen muss sich nicht zwangsl\u00e4ufig in Form der nachfolgend beschriebenen Kriterien auf die kommunikative Dimension der Erfahrung auswirken. Es ist zumindest wahrscheinlich, dass die langfristig am gleichen Strukturtyp ausgerichtete Orientierung auch die Art&hellip;  <\/p>\n<p class=\"more-link\"><a href=\"http:\/\/www.vrabek.de\/design\/4-soziales\/4-3-aesthetische-kriterien-fuer-design-in-korrespondenz-zu-sozialen-organisationsstrukturen\/4-3-3-subprozesse-im-teilprozess-der-kooperation\/4-3-3-1-kriterien-zum-subprozess-der-verbindung\/\">Continue reading <span class=\"meta-nav\">&rarr;<\/span><\/a><\/p>\n","protected":false},"author":1,"featured_media":0,"parent":359,"menu_order":0,"comment_status":"closed","ping_status":"closed","template":"","meta":[],"_links":{"self":[{"href":"http:\/\/www.vrabek.de\/design\/wp-json\/wp\/v2\/pages\/924"}],"collection":[{"href":"http:\/\/www.vrabek.de\/design\/wp-json\/wp\/v2\/pages"}],"about":[{"href":"http:\/\/www.vrabek.de\/design\/wp-json\/wp\/v2\/types\/page"}],"author":[{"embeddable":true,"href":"http:\/\/www.vrabek.de\/design\/wp-json\/wp\/v2\/users\/1"}],"replies":[{"embeddable":true,"href":"http:\/\/www.vrabek.de\/design\/wp-json\/wp\/v2\/comments?post=924"}],"version-history":[{"count":1,"href":"http:\/\/www.vrabek.de\/design\/wp-json\/wp\/v2\/pages\/924\/revisions"}],"predecessor-version":[{"id":925,"href":"http:\/\/www.vrabek.de\/design\/wp-json\/wp\/v2\/pages\/924\/revisions\/925"}],"up":[{"embeddable":true,"href":"http:\/\/www.vrabek.de\/design\/wp-json\/wp\/v2\/pages\/359"}],"wp:attachment":[{"href":"http:\/\/www.vrabek.de\/design\/wp-json\/wp\/v2\/media?parent=924"}],"curies":[{"name":"wp","href":"https:\/\/api.w.org\/{rel}","templated":true}]}}