{"id":831,"date":"2015-12-28T16:53:08","date_gmt":"2015-12-28T15:53:08","guid":{"rendered":"http:\/\/www.vrabek.de\/design\/?page_id=831"},"modified":"2018-05-08T22:45:44","modified_gmt":"2018-05-08T20:45:44","slug":"3-3-3-3-kriterien-zum-subprozess-der-vertrauensbildung","status":"publish","type":"page","link":"http:\/\/www.vrabek.de\/design\/3-subliminales\/3-3-aesthetische-kriterien-fuer-design-in-korrespondenz-zu-subliminalen-organisationstendenzen\/3-3-3-subprozesse-im-teilprozess-der-emotion\/3-3-3-3-kriterien-zum-subprozess-der-vertrauensbildung\/","title":{"rendered":"3.3.3.3 Kriterien zum Subprozess der Vertrauensbildung"},"content":{"rendered":"<p>Ohne Vertrauen in die eigenen F\u00e4higkeiten kann ein Mensch kein selbstbestimmtes Handeln entwickeln. Das Gef\u00fchl des Vertrauens bildet sich durch Best\u00e4tigung einer Erwartung, die mit einer T\u00e4tigkeit verbunden wurde. Wenn keine Gelegenheit zur Ein\u00fcbung selbstbestimmten Handelns gegeben ist, wird das Vertrauen nicht an der eigenen Person, sondern an anderen Personen oder Objekten verankert. Solange Erziehungssysteme die Sch\u00fcler dauerhaft in eine passive Rolle dr\u00e4ngen und den Eindruck vermitteln, alles Wissen w\u00fcrde bereits feststehen und sie k\u00f6nnten daher fraglos ihren Lehrern und B\u00fcchern vertrauen, f\u00f6rdern sie das Verlangen nach einer feststehenden, verl\u00e4sslichen Richtschnur an der sich eigenes Handeln risikolos orientieren kann. Alles Fremde, was dieser Richtschnur nicht entspricht wird dann aus Angst davor, die scheinbar existierende Sicherheit zu verlieren, abgelehnt. Kontr\u00e4r dazu beg\u00fcnstigt \u00fcbertriebene Best\u00e4tigung das Entstehen von \u00fcbertriebenem, die eigenen F\u00e4higkeiten \u00fcbersch\u00e4tzendem Selbstvertrauen.<\/p>\n<p>Welches Angebot f\u00fcr die Verankerung von Vertrauen in einer Gesellschaft bevorzugt wird, h\u00e4ngt von den angestrebten oder von den politischen Machthabern vertretenen sozialen Organisationsmodellen ab. Weil Menschen ohne das Gef\u00fchl von Vertrautheit den Boden unter den F\u00fc\u00dfen verlieren, in Existenzangst und Stress geraten, also die psychische Stabilit\u00e4t in besonderer Weise von verl\u00e4sslichen Bezugspunkten f\u00fcr Vertrauen abh\u00e4ngt, ist die Verantwortung derjenigen, welche die Vertrauensanker f\u00fcr Individuen und soziale Gruppen mitgestalten, besonders hoch.<\/p>\n<p>Soweit Designer an dieser Problematik beteiligt sind, sollten sie zumindest bem\u00fcht sein, durch den Einsatz von \u00e4sthetischen Elementen keine \u00fcbertriebenen oder falschen Hoffnungen zu wecken, die dann nicht einzul\u00f6sen sind und das in sie gesetzte Vertrauen entt\u00e4uschen. Doch es gibt keine Garantie auf einen unver\u00e4nderlichen, sicheren Vertrauensanker. Menschen m\u00fcssen lernen, zeitweise die Unsicherheit zu bew\u00e4ltigen und durch Eigeninitiative immer wieder die Ankerpunkte ihres Vertrauens zu pr\u00fcfen und zu erneuern. Der Subprozess der Vertrauensbildung und dessen bedingender Einfluss auf die Erfahrung wird bezogen auf die somatische Tendenz mit dem Kriterium der Wohligkeit, innerhalb der introvertierten Tendenz durch das Kriterium der Zufriedenheit und im Zuge der explorativen Tendenz durch das Kriterium der Selbstsicherheit beschrieben und bewertet.<\/p>\n<h2 class=\"cprp_section_title\">:: Mehr zum Thema ::<\/h2><div class=\"cprp_items list \"><ul><li><div class=\"cprp_data\"><div class=\"cprp_title\"><a href=\"http:\/\/www.vrabek.de\/design\/2020\/03\/15\/zum-kriterium-der-wohligkeit-bezueglich-der-somatischen-tendenz\/\" title=\"Zum Kriterium der \u00bbWohligkeit\u00ab bez\u00fcglich der somatischen Tendenz\">Zum Kriterium der \u00bbWohligkeit\u00ab bez\u00fcglich der somatischen Tendenz<\/a><\/div><div class=\"cprp_excerpt\"><a href=\"http:\/\/www.vrabek.de\/design\/2020\/03\/15\/zum-kriterium-der-wohligkeit-bezueglich-der-somatischen-tendenz\/\" title=\"Zum Kriterium der \u00bbWohligkeit\u00ab bez\u00fcglich der somatischen Tendenz\"><img src=\"http:\/\/www.vrabek.de\/design\/wp-content\/uploads\/2016\/02\/i3_sensitiv.svg\" class=\"cprp_thumbnail\" title=\"Zum Kriterium der \u00bbWohligkeit\u00ab bez\u00fcglich der somatischen Tendenz\" alt=\"Zum Kriterium der \u00bbWohligkeit\u00ab bez\u00fcglich der somatischen Tendenz\" \/><\/a><span class=\"cprp_excerpt_content\">Nach der positiven Bew\u00e4ltigung einer k\u00f6rperlichen Aufgabe und dem Abklingen der emotionalen Intensit\u00e4t der Gegenw\u00e4rtigkeit kommt das Gef\u00fchl einer anhaltenden Wohligkeit auf. Das somatisches Feedback der Wohligkeit wird als St\u00e4rkung der k\u00f6rperlichen Kondition erlebt. Ob der K\u00f6rper objektiv eine Funktionssteigerung aufweist ist in diesem Zusammenhang zweitrangig; wichtig ist das subjektive&hellip;<\/span><\/div><div class=\"cprp_tags\">Tags: wohligkeit, eigenen, kriterium, verbunden, vertrautheit, gef\u00fchl, tendenz, welche, vermitteln, menschen<\/div><\/div><\/li><li><div class=\"cprp_data\"><div class=\"cprp_title\"><a href=\"http:\/\/www.vrabek.de\/design\/2016\/03\/15\/zum-kriterium-der-zufriedenheit-bezueglich-der-introvertierten-tendenz\/\" title=\"Zum Kriterium der \u00bbZufriedenheit\u00ab bez\u00fcglich der introvertierten Tendenz\">Zum Kriterium der \u00bbZufriedenheit\u00ab bez\u00fcglich der introvertierten Tendenz<\/a><\/div><div class=\"cprp_excerpt\"><a href=\"http:\/\/www.vrabek.de\/design\/2016\/03\/15\/zum-kriterium-der-zufriedenheit-bezueglich-der-introvertierten-tendenz\/\" title=\"Zum Kriterium der \u00bbZufriedenheit\u00ab bez\u00fcglich der introvertierten Tendenz\"><img src=\"http:\/\/www.vrabek.de\/design\/wp-content\/uploads\/2016\/02\/i3_animativ.svg\" class=\"cprp_thumbnail\" title=\"Zum Kriterium der \u00bbZufriedenheit\u00ab bez\u00fcglich der introvertierten Tendenz\" alt=\"Zum Kriterium der \u00bbZufriedenheit\u00ab bez\u00fcglich der introvertierten Tendenz\" \/><\/a><span class=\"cprp_excerpt_content\">Innere Leichtigkeit als Kriterium f\u00fcr die emotionale Intensit\u00e4t innerhalb der introvertierten Tendenz verfl\u00fcchtigt sich nach einiger Zeit und geht in die Stimmung von Zufriedenheit \u00fcber. In dieser Stimmung kommt die introvertierte Tendenz nach einer aktiven Phase zur inneren Sammlung und zur selbstbez\u00fcglichen Vertrautheit. Die Emotion der Zufriedenheit schafft innere Harmonie&hellip;<\/span><\/div><div class=\"cprp_tags\">Tags: zufriedenheit, tendenz, introvertierten, kriterium<\/div><\/div><\/li><li><div class=\"cprp_data\"><div class=\"cprp_title\"><a href=\"http:\/\/www.vrabek.de\/design\/2016\/03\/15\/zum-kriterium-der-selbstsicherheit-bezueglich-der-explorativen-tendenz\/\" title=\"Zum Kriterium der \u00bbSelbstsicherheit\u00ab bez\u00fcglich der explorativen Tendenz\">Zum Kriterium der \u00bbSelbstsicherheit\u00ab bez\u00fcglich der explorativen Tendenz<\/a><\/div><div class=\"cprp_excerpt\"><a href=\"http:\/\/www.vrabek.de\/design\/2016\/03\/15\/zum-kriterium-der-selbstsicherheit-bezueglich-der-explorativen-tendenz\/\" title=\"Zum Kriterium der \u00bbSelbstsicherheit\u00ab bez\u00fcglich der explorativen Tendenz\"><img src=\"http:\/\/www.vrabek.de\/design\/wp-content\/uploads\/2016\/02\/i3_impulsiv.svg\" class=\"cprp_thumbnail\" title=\"Zum Kriterium der \u00bbSelbstsicherheit\u00ab bez\u00fcglich der explorativen Tendenz\" alt=\"Zum Kriterium der \u00bbSelbstsicherheit\u00ab bez\u00fcglich der explorativen Tendenz\" \/><\/a><span class=\"cprp_excerpt_content\">Der emotionale H\u00f6hepunkt, die Erfahrung von Grenzenlosigkeit, im Zuge einer von der explorativen Tendenz beeinflussten Aktivit\u00e4t, ebbt nach einer intensiven Phase ab und geht im Subprozess der Vertrauensbildung in ein Empfinden von Gewissheit und Mutigkeit \u00fcber. Diese Empfindung ist durch das Kriterium der Selbstsicherheit zu erfassen und zu bewerten. Obwohl&hellip;<\/span><\/div><div class=\"cprp_tags\">Tags: tendenz, selbstsicherheit, explorativen, kriterium, menschen, vertrauensbildung, dann, sondern, erwartung, vertrautheit<\/div><\/div><\/li><\/ul><\/div><div style=\"clear:both;\"><\/div>","protected":false},"excerpt":{"rendered":"<p>Ohne Vertrauen in die eigenen F\u00e4higkeiten kann ein Mensch kein selbstbestimmtes Handeln entwickeln. Das Gef\u00fchl des Vertrauens bildet sich durch Best\u00e4tigung einer Erwartung, die mit einer T\u00e4tigkeit verbunden wurde. Wenn keine Gelegenheit zur Ein\u00fcbung selbstbestimmten Handelns gegeben ist, wird das&hellip;  <\/p>\n<p class=\"more-link\"><a href=\"http:\/\/www.vrabek.de\/design\/3-subliminales\/3-3-aesthetische-kriterien-fuer-design-in-korrespondenz-zu-subliminalen-organisationstendenzen\/3-3-3-subprozesse-im-teilprozess-der-emotion\/3-3-3-3-kriterien-zum-subprozess-der-vertrauensbildung\/\">Continue reading <span class=\"meta-nav\">&rarr;<\/span><\/a><\/p>\n","protected":false},"author":1,"featured_media":0,"parent":339,"menu_order":0,"comment_status":"closed","ping_status":"closed","template":"","meta":[],"_links":{"self":[{"href":"http:\/\/www.vrabek.de\/design\/wp-json\/wp\/v2\/pages\/831"}],"collection":[{"href":"http:\/\/www.vrabek.de\/design\/wp-json\/wp\/v2\/pages"}],"about":[{"href":"http:\/\/www.vrabek.de\/design\/wp-json\/wp\/v2\/types\/page"}],"author":[{"embeddable":true,"href":"http:\/\/www.vrabek.de\/design\/wp-json\/wp\/v2\/users\/1"}],"replies":[{"embeddable":true,"href":"http:\/\/www.vrabek.de\/design\/wp-json\/wp\/v2\/comments?post=831"}],"version-history":[{"count":1,"href":"http:\/\/www.vrabek.de\/design\/wp-json\/wp\/v2\/pages\/831\/revisions"}],"predecessor-version":[{"id":832,"href":"http:\/\/www.vrabek.de\/design\/wp-json\/wp\/v2\/pages\/831\/revisions\/832"}],"up":[{"embeddable":true,"href":"http:\/\/www.vrabek.de\/design\/wp-json\/wp\/v2\/pages\/339"}],"wp:attachment":[{"href":"http:\/\/www.vrabek.de\/design\/wp-json\/wp\/v2\/media?parent=831"}],"curies":[{"name":"wp","href":"https:\/\/api.w.org\/{rel}","templated":true}]}}