{"id":829,"date":"2015-12-28T16:51:00","date_gmt":"2015-12-28T15:51:00","guid":{"rendered":"http:\/\/www.vrabek.de\/design\/?page_id=829"},"modified":"2018-05-08T22:44:09","modified_gmt":"2018-05-08T20:44:09","slug":"3-3-3-2-kriterien-zum-subprozess-der-erfuellung","status":"publish","type":"page","link":"http:\/\/www.vrabek.de\/design\/3-subliminales\/3-3-aesthetische-kriterien-fuer-design-in-korrespondenz-zu-subliminalen-organisationstendenzen\/3-3-3-subprozesse-im-teilprozess-der-emotion\/3-3-3-2-kriterien-zum-subprozess-der-erfuellung\/","title":{"rendered":"3.3.3.2 Kriterien zum Subprozess der Erf\u00fcllung"},"content":{"rendered":"<p>Zu den Emotionen, die das Erleben am intensivsten erf\u00fcllen und deren subliminale Tiefe deutlich sp\u00fcrbar ist, weil sie aus dem Innersten aufzusteigen scheinen und sich mit Macht ins Bewusstsein dr\u00e4ngen, geh\u00f6ren Freude und Angst. Freude bezeichnet ein Erlebnis von Freiheit, Sicherheit und offener Leichtigkeit. Im Kontrast dazu geh\u00f6rt zur Angst das Erleben von Gezwungenheit, Unsicherheit und erdr\u00fcckender Schwere. Die Intensit\u00e4t, Weite und F\u00fclle dieser Gef\u00fchle kann vom Organismus nicht dauerhaft aufrechterhalten werden. Mit ihrem Abklingen bleiben positive oder negative emotionale Marker im Erfahrungshintergrund zur\u00fcck, die sich auf die weitere T\u00e4tigkeitorientierung entscheidend auswirken k\u00f6nnen. Zudem dr\u00fccken sie sich durch die gesamte Person, beispielsweise auch in der K\u00f6rperhaltung bis hin zur Gestaltung des pers\u00f6nlichen Lebenskontexts aus, dies wird auch f\u00fcr Au\u00dfenstehende sp\u00fcrbar. Umgekehrt kann entsprechendes Design im Lebensumfeld f\u00f6rderlich auf das Entstehen positiver oder negativer emotionaler Erlebnisintensit\u00e4t wirken.<\/p>\n<p>Freude als positives Gef\u00fchl wird gegen\u00fcber der negativ besetzten Angst bevorzugt. Ihre Entfaltung kann behindert sein, wenn im Hinterkopf der Gedanke an ihre Verg\u00e4nglichkeit und die Bedrohung durch die wiederkehrende Angst wach bleibt. Die Bew\u00e4ltigung eines be\u00e4ngstigenden Problems kann das Selbstvertrauen st\u00e4rken und Freude noch freier erleben lassen. Dieses innere Wachsen im \u00dcberwinden der Angst ist hinsichtlich aller drei subliminalen Tendenzen nur dann m\u00f6glich, wenn eine Aktivit\u00e4tssequenz vollst\u00e4ndig aus eigenem Antrieb zum Abschluss gebracht wurde. In einer Situation der Abh\u00e4ngigkeit von \u00e4u\u00dferlichen Gr\u00f6\u00dfen, die aus eigener Kraft nicht ver\u00e4ndert werden k\u00f6nnen wie Drogen, beruflicher Druck, sozialer Zwang usw. wird das Handeln zunehmend von Angst beherrscht. Design sollte dazu beitragen Lebensverh\u00e4ltnisse zu gestalten, die Menschen darin best\u00e4rken, ihr Leben in den jeweiligen M\u00f6glichkeiten selbstbestimmt zu gestalten und sie nicht zu Marionetten ihrer Angst werden lassen. Wichtige Voraussetzung hierzu ist die zunehmende Einbeziehung der subjektspezifischen \u00e4sthetischen Kriterien in den Designprozess, um einen auf die Pers\u00f6nlichkeit abgestimmten Zugang zu einer angstfreien Interaktion und nachfolgenden kritischen Reflexion mit Objekten der Lebensumwelt zu erleichtern. Der positiv ausgerichtete Subprozess, die Erf\u00fcllung, innerhalb des Teilprozesses der Emotion beeinflusst die Erfahrung bez\u00fcglich jeder Tendenz unterschiedlich. Bezogen auf die somatische Tendenz ist er durch das Kriterium von lebendiger Gegenw\u00e4rtigkeit, hinsichtlich der introvertierten Tendenz durch das Kriterium der innerlichen Leichtigkeit und relativ zur explorativen Tendenz mit dem Kriterium der Grenzenlosigkeit beschreibbar.<\/p>\n<h2 class=\"cprp_section_title\">:: Mehr zum Thema ::<\/h2><div class=\"cprp_items list \"><ul><li><div class=\"cprp_data\"><div class=\"cprp_title\"><a href=\"http:\/\/www.vrabek.de\/design\/2016\/03\/15\/zum-kriterium-der-gegenwaertigkeit-bezueglich-der-somatischen-tendenz\/\" title=\"Zum Kriterium der \u00bbGegenw\u00e4rtigkeit\u00ab bez\u00fcglich der somatischen Tendenz\">Zum Kriterium der \u00bbGegenw\u00e4rtigkeit\u00ab bez\u00fcglich der somatischen Tendenz<\/a><\/div><div class=\"cprp_excerpt\"><a href=\"http:\/\/www.vrabek.de\/design\/2016\/03\/15\/zum-kriterium-der-gegenwaertigkeit-bezueglich-der-somatischen-tendenz\/\" title=\"Zum Kriterium der \u00bbGegenw\u00e4rtigkeit\u00ab bez\u00fcglich der somatischen Tendenz\"><img src=\"http:\/\/www.vrabek.de\/design\/wp-content\/uploads\/2016\/02\/i3_sensitiv.svg\" class=\"cprp_thumbnail\" title=\"Zum Kriterium der \u00bbGegenw\u00e4rtigkeit\u00ab bez\u00fcglich der somatischen Tendenz\" alt=\"Zum Kriterium der \u00bbGegenw\u00e4rtigkeit\u00ab bez\u00fcglich der somatischen Tendenz\" \/><\/a><span class=\"cprp_excerpt_content\">Das k\u00f6rperbezogene Gl\u00fccksgef\u00fchl dr\u00fcckt sich in der Erlebnisqualit\u00e4t von Gegenw\u00e4rtigkeit aus. Im Hier und Jetzt \u00fcbersteigt das k\u00f6rperliche Erleben von positiver Intensit\u00e4t die Einfl\u00fcsse der anderen subliminalen Tendenzen und hebt den Unterschied zwischen innen und au\u00dfen, vorher und nachher auf. Neben den k\u00f6rperlichen Erfahrungsbereichen von Erotik und Sexualit\u00e4t vermitteln vor&hellip;<\/span><\/div><div class=\"cprp_tags\">Tags: tendenz, kriterium, erleben, design, erf\u00fcllung<\/div><\/div><\/li><li><div class=\"cprp_data\"><div class=\"cprp_title\"><a href=\"http:\/\/www.vrabek.de\/design\/2016\/03\/15\/zum-kriterium-der-leichtigkeit-bezueglich-der-introvertierten-tendenz\/\" title=\"Zum Kriterium der \u00bbLeichtigkeit\u00ab bez\u00fcglich der introvertierten Tendenz\">Zum Kriterium der \u00bbLeichtigkeit\u00ab bez\u00fcglich der introvertierten Tendenz<\/a><\/div><div class=\"cprp_excerpt\"><a href=\"http:\/\/www.vrabek.de\/design\/2016\/03\/15\/zum-kriterium-der-leichtigkeit-bezueglich-der-introvertierten-tendenz\/\" title=\"Zum Kriterium der \u00bbLeichtigkeit\u00ab bez\u00fcglich der introvertierten Tendenz\"><img src=\"http:\/\/www.vrabek.de\/design\/wp-content\/uploads\/2016\/02\/i3_animativ.svg\" class=\"cprp_thumbnail\" title=\"Zum Kriterium der \u00bbLeichtigkeit\u00ab bez\u00fcglich der introvertierten Tendenz\" alt=\"Zum Kriterium der \u00bbLeichtigkeit\u00ab bez\u00fcglich der introvertierten Tendenz\" \/><\/a><span class=\"cprp_excerpt_content\">Bezogen auf die introvertierte Tendenz qualifiziert das Kriterium der Leichtigkeit den emotionalen Subprozess innerer Erf\u00fcllung. Die Dimensionen der inneren Welt sind in Phasen, in denen der Subprozess der Erf\u00fcllung dominiert, mit Gedanken und Anschauungen gef\u00fcllt zu sein, die sich wie von selbst zu einer ungezwungenen Ganzheit von tiefen und oberfl\u00e4chlichen,&hellip;<\/span><\/div><div class=\"cprp_tags\">Tags: leichtigkeit, design, tendenz, kriterium, subprozess, erf\u00fcllung<\/div><\/div><\/li><li><div class=\"cprp_data\"><div class=\"cprp_title\"><a href=\"http:\/\/www.vrabek.de\/design\/2016\/03\/15\/zum-kriterium-der-grenzenlosigkeit-bezueglich-der-explorativen-tendenz\/\" title=\"Zum Kriterium der \u00bbGrenzenlosigkeit\u00ab bez\u00fcglich der explorativen Tendenz\">Zum Kriterium der \u00bbGrenzenlosigkeit\u00ab bez\u00fcglich der explorativen Tendenz<\/a><\/div><div class=\"cprp_excerpt\"><a href=\"http:\/\/www.vrabek.de\/design\/2016\/03\/15\/zum-kriterium-der-grenzenlosigkeit-bezueglich-der-explorativen-tendenz\/\" title=\"Zum Kriterium der \u00bbGrenzenlosigkeit\u00ab bez\u00fcglich der explorativen Tendenz\"><img src=\"http:\/\/www.vrabek.de\/design\/wp-content\/uploads\/2016\/02\/i3_impulsiv.svg\" class=\"cprp_thumbnail\" title=\"Zum Kriterium der \u00bbGrenzenlosigkeit\u00ab bez\u00fcglich der explorativen Tendenz\" alt=\"Zum Kriterium der \u00bbGrenzenlosigkeit\u00ab bez\u00fcglich der explorativen Tendenz\" \/><\/a><span class=\"cprp_excerpt_content\">Das Erleben von Freude stellt sich unter dem Einfluss der explorativen Tendenz ein, wenn die Neugier viele freie Entfaltungsm\u00f6glichkeiten vorfindet und dadurch ein Gef\u00fchl der Grenzenlosigkeit entsteht. Der Besuch einer Ausstellung zu einem interessanten Themengebiet, bei dem jedes Exponat wie eine pers\u00f6nliche Entdeckung erscheint, zur kognitiven Entfaltung f\u00fchrt und als&hellip;<\/span><\/div><div class=\"cprp_tags\">Tags: tendenz, kriterium, freude, design<\/div><\/div><\/li><\/ul><\/div><div style=\"clear:both;\"><\/div>","protected":false},"excerpt":{"rendered":"<p>Zu den Emotionen, die das Erleben am intensivsten erf\u00fcllen und deren subliminale Tiefe deutlich sp\u00fcrbar ist, weil sie aus dem Innersten aufzusteigen scheinen und sich mit Macht ins Bewusstsein dr\u00e4ngen, geh\u00f6ren Freude und Angst. Freude bezeichnet ein Erlebnis von Freiheit,&hellip;  <\/p>\n<p class=\"more-link\"><a href=\"http:\/\/www.vrabek.de\/design\/3-subliminales\/3-3-aesthetische-kriterien-fuer-design-in-korrespondenz-zu-subliminalen-organisationstendenzen\/3-3-3-subprozesse-im-teilprozess-der-emotion\/3-3-3-2-kriterien-zum-subprozess-der-erfuellung\/\">Continue reading <span class=\"meta-nav\">&rarr;<\/span><\/a><\/p>\n","protected":false},"author":1,"featured_media":0,"parent":339,"menu_order":0,"comment_status":"closed","ping_status":"closed","template":"","meta":[],"_links":{"self":[{"href":"http:\/\/www.vrabek.de\/design\/wp-json\/wp\/v2\/pages\/829"}],"collection":[{"href":"http:\/\/www.vrabek.de\/design\/wp-json\/wp\/v2\/pages"}],"about":[{"href":"http:\/\/www.vrabek.de\/design\/wp-json\/wp\/v2\/types\/page"}],"author":[{"embeddable":true,"href":"http:\/\/www.vrabek.de\/design\/wp-json\/wp\/v2\/users\/1"}],"replies":[{"embeddable":true,"href":"http:\/\/www.vrabek.de\/design\/wp-json\/wp\/v2\/comments?post=829"}],"version-history":[{"count":1,"href":"http:\/\/www.vrabek.de\/design\/wp-json\/wp\/v2\/pages\/829\/revisions"}],"predecessor-version":[{"id":830,"href":"http:\/\/www.vrabek.de\/design\/wp-json\/wp\/v2\/pages\/829\/revisions\/830"}],"up":[{"embeddable":true,"href":"http:\/\/www.vrabek.de\/design\/wp-json\/wp\/v2\/pages\/339"}],"wp:attachment":[{"href":"http:\/\/www.vrabek.de\/design\/wp-json\/wp\/v2\/media?parent=829"}],"curies":[{"name":"wp","href":"https:\/\/api.w.org\/{rel}","templated":true}]}}