{"id":827,"date":"2015-12-28T16:47:59","date_gmt":"2015-12-28T15:47:59","guid":{"rendered":"http:\/\/www.vrabek.de\/design\/?page_id=827"},"modified":"2018-05-08T22:44:54","modified_gmt":"2018-05-08T20:44:54","slug":"3-3-3-1-kriterien-zum-subprozess-der-zuneigung","status":"publish","type":"page","link":"http:\/\/www.vrabek.de\/design\/3-subliminales\/3-3-aesthetische-kriterien-fuer-design-in-korrespondenz-zu-subliminalen-organisationstendenzen\/3-3-3-subprozesse-im-teilprozess-der-emotion\/3-3-3-1-kriterien-zum-subprozess-der-zuneigung\/","title":{"rendered":"3.3.3.1 Kriterien zum Subprozess der Zuneigung"},"content":{"rendered":"<p>Die Konfrontation mit einem Reizangebot kann trotz motivationsbezogener Aufmerksamkeit oder kognitiver Anschlussf\u00e4higkeit zur emotionalen Ablehnung f\u00fchren. Dagegen setzt sich manchmal das Gef\u00fchl der Zuneigung durch und regt beispielsweise zur Besch\u00e4ftigung mit dem Eigenwert des Reizangebots an. Dem Teilprozess der Emotion kommt der gr\u00f6\u00dfte Anteil an der subjektiven und bereits subliminal erfolgenden Bewertung des momentanen Verhaltens zu. Ein Reizangebot, dem nicht minimale Sympathie entgegengebracht wird, bleibt letztlich unwirksam. Deshalb muss der Versuch, eine elementare, \u00fcber sachliches Interessen hinausgehende Zuneigung zu erzeugen, ein Hauptanliegen von jedem sein, der etwas mitteilen will. Erst aufgrund der Zuneigung als erstem Subprozess im Teilprozess der Emotion kann eine l\u00e4ngerfristige und vielleicht m\u00fchevolle Besch\u00e4ftigung mit einem Reizangebot erwachsen. Andererseits k\u00f6nnte durch Design, das negative Emotionen hervorruft, absichtlich Ablehnung erzeugt werden, um Menschen von der Interaktion mit einem Reizangebot abzuhalten. Der subliminal bedingende Einfluss auf die Erfahrung durch den Subprozess der Zuneigung ist in Relation zu der somatischen, der introvertierten und der explorativen Tendenz durch die Kriterien der Begierigkeit, der Hingezogenheit und der Neugierigkeit zu erfassen und zu bewerten.<\/p>\n<h2 class=\"cprp_section_title\">:: Mehr zum Thema ::<\/h2><div class=\"cprp_items list \"><ul><li><div class=\"cprp_data\"><div class=\"cprp_title\"><a href=\"http:\/\/www.vrabek.de\/design\/2016\/03\/17\/zum-kriterium-der-begierigkeit-bezueglich-der-somatischen-tendenz\/\" title=\"Zum Kriterium der \u00bbBegierigkeit\u00ab bez\u00fcglich der somatischen Tendenz\">Zum Kriterium der \u00bbBegierigkeit\u00ab bez\u00fcglich der somatischen Tendenz<\/a><\/div><div class=\"cprp_excerpt\"><a href=\"http:\/\/www.vrabek.de\/design\/2016\/03\/17\/zum-kriterium-der-begierigkeit-bezueglich-der-somatischen-tendenz\/\" title=\"Zum Kriterium der \u00bbBegierigkeit\u00ab bez\u00fcglich der somatischen Tendenz\"><img src=\"http:\/\/www.vrabek.de\/design\/wp-content\/uploads\/2016\/02\/i3_sensitiv.svg\" class=\"cprp_thumbnail\" title=\"Zum Kriterium der \u00bbBegierigkeit\u00ab bez\u00fcglich der somatischen Tendenz\" alt=\"Zum Kriterium der \u00bbBegierigkeit\u00ab bez\u00fcglich der somatischen Tendenz\" \/><\/a><span class=\"cprp_excerpt_content\">Der Organismus wird aus einer Kombination von genetischen und erlernten Programmen gesteuert. Untersuchungen belegen, dass dem Menschen durch die Gene eine Abneigung vor blau aussehenden Nahrungsmitteln mitgegeben ist. Das Ekelgef\u00fchl gegen\u00fcber bestimmten Ger\u00fcchen von Essbarem kann aber auch in negativen subjektiven Erfahrungen gr\u00fcnden. Wenn beispielsweise nach dem Verzehr einer Speise&hellip;<\/span><\/div><div class=\"cprp_tags\">Tags: begierigkeit, design, zuneigung, tendenz, somatischen, um, relation, subprozess, bewertung, aufgrund<\/div><\/div><\/li><li><div class=\"cprp_data\"><div class=\"cprp_title\"><a href=\"http:\/\/www.vrabek.de\/design\/2016\/03\/17\/zum-kriterium-der-hingezogenheit-bezueglich-der-introvertierten-tendenz\/\" title=\"Zum Kriterium der \u00bbHingezogenheit\u00ab bez\u00fcglich der introvertierten Tendenz\">Zum Kriterium der \u00bbHingezogenheit\u00ab bez\u00fcglich der introvertierten Tendenz<\/a><\/div><div class=\"cprp_excerpt\"><a href=\"http:\/\/www.vrabek.de\/design\/2016\/03\/17\/zum-kriterium-der-hingezogenheit-bezueglich-der-introvertierten-tendenz\/\" title=\"Zum Kriterium der \u00bbHingezogenheit\u00ab bez\u00fcglich der introvertierten Tendenz\"><img src=\"http:\/\/www.vrabek.de\/design\/wp-content\/uploads\/2016\/02\/i3_animativ.svg\" class=\"cprp_thumbnail\" title=\"Zum Kriterium der \u00bbHingezogenheit\u00ab bez\u00fcglich der introvertierten Tendenz\" alt=\"Zum Kriterium der \u00bbHingezogenheit\u00ab bez\u00fcglich der introvertierten Tendenz\" \/><\/a><span class=\"cprp_excerpt_content\">Das Kriterium der Hingezogenheit bezeichnet eine erste emotionale Bewertung von \u00c4sthetischem bez\u00fcglich der introvertierten Tendenz. Als Ausl\u00f6ser f\u00fcr die intuitive Zuneigung zu einem Reizangebot soll hier weniger die von Eibl-Eibelsfeld diagnostizierte emotionale Empf\u00e4nglichkeit, welche beispielsweise eine Gestaltfiguration im Kindchen-Schema anspricht, untersucht werden, als vielmehr das subtile Empfinden einer inneren N\u00e4he,&hellip;<\/span><\/div><div class=\"cprp_tags\">Tags: hingezogenheit, gef\u00fchl, bereits, um, introvertierten, tendenz, zuneigung, design, menschen, etwas<\/div><\/div><\/li><li><div class=\"cprp_data\"><div class=\"cprp_title\"><a href=\"http:\/\/www.vrabek.de\/design\/2016\/03\/17\/zum-kriterium-der-neugierigkeit-bezueglich-der-explorativen-tendenz\/\" title=\"Zum Kriterium der \u00bbNeugierigkeit\u00ab bez\u00fcglich der explorativen Tendenz\">Zum Kriterium der \u00bbNeugierigkeit\u00ab bez\u00fcglich der explorativen Tendenz<\/a><\/div><div class=\"cprp_excerpt\"><a href=\"http:\/\/www.vrabek.de\/design\/2016\/03\/17\/zum-kriterium-der-neugierigkeit-bezueglich-der-explorativen-tendenz\/\" title=\"Zum Kriterium der \u00bbNeugierigkeit\u00ab bez\u00fcglich der explorativen Tendenz\"><img src=\"http:\/\/www.vrabek.de\/design\/wp-content\/uploads\/2016\/02\/i3_impulsiv.svg\" class=\"cprp_thumbnail\" title=\"Zum Kriterium der \u00bbNeugierigkeit\u00ab bez\u00fcglich der explorativen Tendenz\" alt=\"Zum Kriterium der \u00bbNeugierigkeit\u00ab bez\u00fcglich der explorativen Tendenz\" \/><\/a><span class=\"cprp_excerpt_content\">Von der explorativen Tendenz beeinflusste Aktivit\u00e4ten sind vom Gef\u00fchl der Neugier und des Erlebnishungers begleitet. Die emotionale Erstbewertung entsteht unter der Erwartung, dass die Interaktion mit dem vorgefundenen Reizangebot spannend ist und die Neugier aufrecht h\u00e4lt. Mit der Neugierigkeit gegen\u00fcber einem Reizangebot ist nicht zwangsl\u00e4ufig dessen absolute Neuheit verkn\u00fcpft. Beispielsweise&hellip;<\/span><\/div><div class=\"cprp_tags\">Tags: tendenz, explorativen, reizangebot, beispielsweise, neugierigkeit, menschen, dagegen, besch\u00e4ftigung, aufgrund, zuneigung<\/div><\/div><\/li><\/ul><\/div><div style=\"clear:both;\"><\/div>","protected":false},"excerpt":{"rendered":"<p>Die Konfrontation mit einem Reizangebot kann trotz motivationsbezogener Aufmerksamkeit oder kognitiver Anschlussf\u00e4higkeit zur emotionalen Ablehnung f\u00fchren. Dagegen setzt sich manchmal das Gef\u00fchl der Zuneigung durch und regt beispielsweise zur Besch\u00e4ftigung mit dem Eigenwert des Reizangebots an. Dem Teilprozess der Emotion&hellip;  <\/p>\n<p class=\"more-link\"><a href=\"http:\/\/www.vrabek.de\/design\/3-subliminales\/3-3-aesthetische-kriterien-fuer-design-in-korrespondenz-zu-subliminalen-organisationstendenzen\/3-3-3-subprozesse-im-teilprozess-der-emotion\/3-3-3-1-kriterien-zum-subprozess-der-zuneigung\/\">Continue reading <span class=\"meta-nav\">&rarr;<\/span><\/a><\/p>\n","protected":false},"author":1,"featured_media":0,"parent":339,"menu_order":0,"comment_status":"closed","ping_status":"closed","template":"","meta":[],"_links":{"self":[{"href":"http:\/\/www.vrabek.de\/design\/wp-json\/wp\/v2\/pages\/827"}],"collection":[{"href":"http:\/\/www.vrabek.de\/design\/wp-json\/wp\/v2\/pages"}],"about":[{"href":"http:\/\/www.vrabek.de\/design\/wp-json\/wp\/v2\/types\/page"}],"author":[{"embeddable":true,"href":"http:\/\/www.vrabek.de\/design\/wp-json\/wp\/v2\/users\/1"}],"replies":[{"embeddable":true,"href":"http:\/\/www.vrabek.de\/design\/wp-json\/wp\/v2\/comments?post=827"}],"version-history":[{"count":1,"href":"http:\/\/www.vrabek.de\/design\/wp-json\/wp\/v2\/pages\/827\/revisions"}],"predecessor-version":[{"id":828,"href":"http:\/\/www.vrabek.de\/design\/wp-json\/wp\/v2\/pages\/827\/revisions\/828"}],"up":[{"embeddable":true,"href":"http:\/\/www.vrabek.de\/design\/wp-json\/wp\/v2\/pages\/339"}],"wp:attachment":[{"href":"http:\/\/www.vrabek.de\/design\/wp-json\/wp\/v2\/media?parent=827"}],"curies":[{"name":"wp","href":"https:\/\/api.w.org\/{rel}","templated":true}]}}