{"id":825,"date":"2015-12-28T16:45:53","date_gmt":"2015-12-28T15:45:53","guid":{"rendered":"http:\/\/www.vrabek.de\/design\/?page_id=825"},"modified":"2016-03-17T22:15:50","modified_gmt":"2016-03-17T21:15:50","slug":"3-3-2-3-kriterien-zum-subprozess-der-gewichtung","status":"publish","type":"page","link":"http:\/\/www.vrabek.de\/design\/3-subliminales\/3-3-aesthetische-kriterien-fuer-design-in-korrespondenz-zu-subliminalen-organisationstendenzen\/3-3-2-subprozesse-im-teilprozess-der-kognition\/3-3-2-3-kriterien-zum-subprozess-der-gewichtung\/","title":{"rendered":"3.3.2.3 Kriterien zum Subprozess der Gewichtung"},"content":{"rendered":"<p>Selbst wenn ein Reizangebot eine Ankn\u00fcpfung erm\u00f6glicht hat oder zur Erfahrung eines \u00e4sthetischen Eigenwerts veranlasste, wenn es zur Sinnbildung anregen konnte oder als isolierte Black-Box behandelt wird, ist noch zu entscheiden, ob das Reizangebot weiterhin wichtig bleibt und l\u00e4ngerfristig kognitiv eingeschlossen oder ob es endg\u00fcltig ignoriert wird. Dieser Subprozess der Kognition wird daher als Gewichtung bezeichnet. Die Gewichtung ist nur relativ zum bestehenden individuellen Erfahrungshintergrund zu untersuchen. Dieser ist dynamisch angelegt. Jahre sp\u00e4ter kann die Konfrontation mit einem zuvor als unwichtig ausgeschlossenen Reizangebot zu einer v\u00f6llig anderen Entscheidung f\u00fchren. Die subliminale Ebene ist nicht festgelegt, sondern nimmt Ver\u00e4nderungen auf. Lernen findet, wenn auch oft sehr langsam, bereits dort statt und setzt nicht erst mit der bewussten Reflexion ein.<\/p>\n<p>St\u00e4ndig ist von wichtigen Informationen die Rede. Die meisten dieser Informationen werden schon nach kurzer Pr\u00fcfung ignoriert. Nur wenige Informationen entfalten ihre Wichtigkeit innerhalb des kognitiven Bereichs der somatischen, der introvertierten oder der explorativen Tendenz. Die h\u00e4ufige Bedeutungskoppelung des Informationsbegriffs mit Wichtigkeit suggeriert, dass hier eine Auswahl nach objektiven Kriterien erfolgen kann. Die Entscheidung f\u00fcr Wichtigkeit wird aber von jedem einzelnen nach subjektiven Kriterien getroffen. Wenn sie keinen Impuls erhalten, prallen alle angeblich wichtigen Informationen wirkungslos, ohne eine Bewegung im Kopf oder der Kognition zu initiieren, ab. Die Einschlie\u00dfung von Wichtigem im kognitiven Bereich ist hinsichtlich der somatischen Tendenz durch das Kriterium der Verwachsenheit, bezogen auf die introvertierte Tendenz durch das Kriterium der Einbindbarkeit und in Relation zur explorativen Tendenz durch das Kriterium der Zuordnbarkeit analysierbar.<\/p>\n<h2 class=\"cprp_section_title\">:: Mehr zum Thema ::<\/h2><div class=\"cprp_items list \"><ul><li><div class=\"cprp_data\"><div class=\"cprp_title\"><a href=\"http:\/\/www.vrabek.de\/design\/2016\/03\/17\/zum-kriterium-der-verwachsenheit-bezueglich-der-somatischen-tendenz\/\" title=\"Zum Kriterium der \u00bbVerwachsenheit\u00ab bez\u00fcglich der somatischen Tendenz\">Zum Kriterium der \u00bbVerwachsenheit\u00ab bez\u00fcglich der somatischen Tendenz<\/a><\/div><div class=\"cprp_excerpt\"><a href=\"http:\/\/www.vrabek.de\/design\/2016\/03\/17\/zum-kriterium-der-verwachsenheit-bezueglich-der-somatischen-tendenz\/\" title=\"Zum Kriterium der \u00bbVerwachsenheit\u00ab bez\u00fcglich der somatischen Tendenz\"><img src=\"http:\/\/www.vrabek.de\/design\/wp-content\/uploads\/2016\/02\/i3_sensitiv.svg\" class=\"cprp_thumbnail\" title=\"Zum Kriterium der \u00bbVerwachsenheit\u00ab bez\u00fcglich der somatischen Tendenz\" alt=\"Zum Kriterium der \u00bbVerwachsenheit\u00ab bez\u00fcglich der somatischen Tendenz\" \/><\/a><span class=\"cprp_excerpt_content\">Das Kriterium der Verwachsenheit bezeichnet die stabile Einschlie\u00dfung von allem, die somatische Tendenz betreffendem Wichtigen durch das K\u00f6rperschema. Beispielsweise werden Schmerzen die phasenweise wiederkommen nicht nur emotional erlebt. Wenn sie kognitiv erkl\u00e4rbar sind, verwachsen sie schlie\u00dflich mit dem K\u00f6rperschema und erscheinen weniger unangenehm. Ebenso stellt sich zu anderen wiederkehrenden wichtigen&hellip;<\/span><\/div><div class=\"cprp_tags\">Tags: verwachsenheit, tendenz, ohne, kriterium, bezeichnet, somatischen, wichtigen, wichtigkeit, v\u00f6llig, selbst<\/div><\/div><\/li><li><div class=\"cprp_data\"><div class=\"cprp_title\"><a href=\"http:\/\/www.vrabek.de\/design\/2016\/03\/17\/zum-kriterium-der-einbindbarkeit-bezueglich-der-introvertierten-tendenz\/\" title=\"Zum Kriterium der \u00bbEinbindbarkeit\u00ab bez\u00fcglich der introvertierten Tendenz\">Zum Kriterium der \u00bbEinbindbarkeit\u00ab bez\u00fcglich der introvertierten Tendenz<\/a><\/div><div class=\"cprp_excerpt\"><a href=\"http:\/\/www.vrabek.de\/design\/2016\/03\/17\/zum-kriterium-der-einbindbarkeit-bezueglich-der-introvertierten-tendenz\/\" title=\"Zum Kriterium der \u00bbEinbindbarkeit\u00ab bez\u00fcglich der introvertierten Tendenz\"><img src=\"http:\/\/www.vrabek.de\/design\/wp-content\/uploads\/2016\/02\/i3_animativ.svg\" class=\"cprp_thumbnail\" title=\"Zum Kriterium der \u00bbEinbindbarkeit\u00ab bez\u00fcglich der introvertierten Tendenz\" alt=\"Zum Kriterium der \u00bbEinbindbarkeit\u00ab bez\u00fcglich der introvertierten Tendenz\" \/><\/a><span class=\"cprp_excerpt_content\">Kognitiv Wichtiges wird bez\u00fcglich der introvertierten Tendenz durch das Kriterium der Einbindbarkeit in den Teilprozess der Kognition eingeschlossen. In Phasen der introvertierten Besinnung entstehen charakteristische, sinnliche Vorstellungen zu erinnerten Erlebnissen, die wichtig f\u00fcr die introvertierte Tendenz sind. Zum Beispiel sind in dem Bild der Stra\u00dfe, in der man aufgewachsen ist,&hellip;<\/span><\/div><div class=\"cprp_tags\">Tags: einbindbarkeit, kriterium, tendenz, introvertierten, \u00e4sthetischen, wichtig, subliminale, introvertierte<\/div><\/div><\/li><li><div class=\"cprp_data\"><div class=\"cprp_title\"><a href=\"http:\/\/www.vrabek.de\/design\/2016\/03\/17\/zum-kriterium-der-zuordnbarkeit-bezueglich-der-explorativen-tendenz\/\" title=\"Zum Kriterium der \u00bbZuordnbarkeit\u00ab bez\u00fcglich der explorativen Tendenz\">Zum Kriterium der \u00bbZuordnbarkeit\u00ab bez\u00fcglich der explorativen Tendenz<\/a><\/div><div class=\"cprp_excerpt\"><a href=\"http:\/\/www.vrabek.de\/design\/2016\/03\/17\/zum-kriterium-der-zuordnbarkeit-bezueglich-der-explorativen-tendenz\/\" title=\"Zum Kriterium der \u00bbZuordnbarkeit\u00ab bez\u00fcglich der explorativen Tendenz\"><img src=\"http:\/\/www.vrabek.de\/design\/wp-content\/uploads\/2016\/02\/i3_impulsiv.svg\" class=\"cprp_thumbnail\" title=\"Zum Kriterium der \u00bbZuordnbarkeit\u00ab bez\u00fcglich der explorativen Tendenz\" alt=\"Zum Kriterium der \u00bbZuordnbarkeit\u00ab bez\u00fcglich der explorativen Tendenz\" \/><\/a><span class=\"cprp_excerpt_content\">Die Stabilisierung von Wichtigem im kognitven Subprozess der Einschlie\u00dfung ist auch bez\u00fcglich der explorativen Tendenz mit ihrem Drang nach Neuem relevant. Wenn ein Reizangebot kognitive Entfaltungsm\u00f6glichkeiten f\u00fcr die explorative Tendenz anbietet, kann daraus eine l\u00e4ngere und wiederholte Besch\u00e4ftigung mit dem Reizangebot und eine zunehmend geordnetere Interaktion erfolgen. Diese Geordnetheit ergibt&hellip;<\/span><\/div><div class=\"cprp_tags\">Tags: tendenz, explorativen, wichtigkeit, kriterium, nur, reizangebot<\/div><\/div><\/li><\/ul><\/div><div style=\"clear:both;\"><\/div>","protected":false},"excerpt":{"rendered":"<p>Selbst wenn ein Reizangebot eine Ankn\u00fcpfung erm\u00f6glicht hat oder zur Erfahrung eines \u00e4sthetischen Eigenwerts veranlasste, wenn es zur Sinnbildung anregen konnte oder als isolierte Black-Box behandelt wird, ist noch zu entscheiden, ob das Reizangebot weiterhin wichtig bleibt und l\u00e4ngerfristig kognitiv&hellip;  <\/p>\n<p class=\"more-link\"><a href=\"http:\/\/www.vrabek.de\/design\/3-subliminales\/3-3-aesthetische-kriterien-fuer-design-in-korrespondenz-zu-subliminalen-organisationstendenzen\/3-3-2-subprozesse-im-teilprozess-der-kognition\/3-3-2-3-kriterien-zum-subprozess-der-gewichtung\/\">Continue reading <span class=\"meta-nav\">&rarr;<\/span><\/a><\/p>\n","protected":false},"author":1,"featured_media":0,"parent":337,"menu_order":0,"comment_status":"closed","ping_status":"closed","template":"","meta":[],"_links":{"self":[{"href":"http:\/\/www.vrabek.de\/design\/wp-json\/wp\/v2\/pages\/825"}],"collection":[{"href":"http:\/\/www.vrabek.de\/design\/wp-json\/wp\/v2\/pages"}],"about":[{"href":"http:\/\/www.vrabek.de\/design\/wp-json\/wp\/v2\/types\/page"}],"author":[{"embeddable":true,"href":"http:\/\/www.vrabek.de\/design\/wp-json\/wp\/v2\/users\/1"}],"replies":[{"embeddable":true,"href":"http:\/\/www.vrabek.de\/design\/wp-json\/wp\/v2\/comments?post=825"}],"version-history":[{"count":1,"href":"http:\/\/www.vrabek.de\/design\/wp-json\/wp\/v2\/pages\/825\/revisions"}],"predecessor-version":[{"id":826,"href":"http:\/\/www.vrabek.de\/design\/wp-json\/wp\/v2\/pages\/825\/revisions\/826"}],"up":[{"embeddable":true,"href":"http:\/\/www.vrabek.de\/design\/wp-json\/wp\/v2\/pages\/337"}],"wp:attachment":[{"href":"http:\/\/www.vrabek.de\/design\/wp-json\/wp\/v2\/media?parent=825"}],"curies":[{"name":"wp","href":"https:\/\/api.w.org\/{rel}","templated":true}]}}