{"id":821,"date":"2015-12-28T16:39:02","date_gmt":"2015-12-28T15:39:02","guid":{"rendered":"http:\/\/www.vrabek.de\/design\/?page_id=821"},"modified":"2016-03-17T21:43:53","modified_gmt":"2016-03-17T20:43:53","slug":"3-3-2-1-kriterien-zum-subprozess-der-anknuepfung","status":"publish","type":"page","link":"http:\/\/www.vrabek.de\/design\/3-subliminales\/3-3-aesthetische-kriterien-fuer-design-in-korrespondenz-zu-subliminalen-organisationstendenzen\/3-3-2-subprozesse-im-teilprozess-der-kognition\/3-3-2-1-kriterien-zum-subprozess-der-anknuepfung\/","title":{"rendered":"3.3.2.1 Kriterien zum Subprozess der Ankn\u00fcpfung"},"content":{"rendered":"<p>Den Kommentar: \u00bbdamit kann ich nichts anfangen\u00ab, musste wohl jeder schon einmal abgeben. Das Reizangebot wird zwar registriert, aber die Kognition findet weder auf der subliminalen Ebene, der somatischen, der introvertierten oder der explorativen Tendenz noch auf der bewussten Wertungsebene hinsichtlich des Aspekts des Gef\u00fchls oder der Erkenntnis eine Ankn\u00fcpfung. Meist ist dieses Erlebnis der Verst\u00e4ndnislosigkeit frustrierend. Der \u00e4sthetische Eigenwert stellt dahingehend einen Sonderfall dar, da sich seine Erfahrung gerade dann leicht einstellt, wenn keine sonstige Ankn\u00fcpfung m\u00f6glich ist. Es geht allein um den Moment, in dem das Reizangebot erlebt wird, nicht um daraus erwachsende Konsequenzen. Zunehmend spielt dieser \u00e4sthetische Aspekt auch beim Design von Gebrauchsgegenst\u00e4nden eine Rolle, denn die Zeit des Gebrauchs ist oft sehr kurz im Vergleich zur Zeit, in welcher ein Gegenstand zwar verf\u00fcgbar ist, jedoch nicht benutzt wird. Daher ist auch Gebrauchsgegenst\u00e4nden ein \u00e4sthetischer Eigenwert zuzugestehen. Sie m\u00fcssen nicht immer nach den Kriterien, die sich dem Subprozess der Ankn\u00fcpfung zuordnen lassen gestaltet sein.<\/p>\n<p>Durch entsprechende Gestaltung bieten Reizangebote f\u00fcr bestimmte Menschen oder Zielgruppen bereits auf der subliminalen Ebene eine kognitive Ankn\u00fcpfung oder geben eine Abgrenzung vor und sind auch als soziales Steuerungsinstrument einsetzbar. Auf diese Weise k\u00f6nnen Dinge gestaltet werden, die nur dem kognitiven Anteil der \u00e4sthetischen Erfahrung einer Gruppe von Eingeweihten eine Ankn\u00fcpfung bieten.<\/p>\n<h2 class=\"cprp_section_title\">:: Mehr zum Thema ::<\/h2><div class=\"cprp_items list \"><ul><li><div class=\"cprp_data\"><div class=\"cprp_title\"><a href=\"http:\/\/www.vrabek.de\/design\/2020\/03\/17\/zum-kriterium-der-direktheit-bezueglich-der-somatischen-tendenz\/\" title=\"Zum Kriterium der \u00bbDirektheit\u00ab bez\u00fcglich der somatischen Tendenz\">Zum Kriterium der \u00bbDirektheit\u00ab bez\u00fcglich der somatischen Tendenz<\/a><\/div><div class=\"cprp_excerpt\"><a href=\"http:\/\/www.vrabek.de\/design\/2020\/03\/17\/zum-kriterium-der-direktheit-bezueglich-der-somatischen-tendenz\/\" title=\"Zum Kriterium der \u00bbDirektheit\u00ab bez\u00fcglich der somatischen Tendenz\"><img src=\"http:\/\/www.vrabek.de\/design\/wp-content\/uploads\/2016\/02\/i3_sensitiv.svg\" class=\"cprp_thumbnail\" title=\"Zum Kriterium der \u00bbDirektheit\u00ab bez\u00fcglich der somatischen Tendenz\" alt=\"Zum Kriterium der \u00bbDirektheit\u00ab bez\u00fcglich der somatischen Tendenz\" \/><\/a><span class=\"cprp_excerpt_content\">W\u00e4hrend einer Sightseeing-Tour in einer fremden Stadt ergreifen Touristen h\u00e4ufig unmittelbar jede Gelegenheit, die sich zum kurzfristigen Hinsetzen und Ausruhen des K\u00f6rpers bietet. Dar\u00fcber, ob sich ein Gel\u00e4nder, ein Stein, eine Treppe, ein Brunnenrand usw. zum bequemen Sitzen eignet, wird nicht lange kognitioniert. Die Ankn\u00fcpfung scheint direkt m\u00f6glich zu sein.&hellip;<\/span><\/div><div class=\"cprp_tags\">Tags: design, dinge, somatischen, tendenz, gestaltung, ankn\u00fcpfung, hinsichtlich, dann, entsprechende, kognitive<\/div><\/div><\/li><li><div class=\"cprp_data\"><div class=\"cprp_title\"><a href=\"http:\/\/www.vrabek.de\/design\/2016\/03\/17\/zum-kriterium-der-bekanntheit-bezueglich-der-introvertierten-tendenz\/\" title=\"Zum Kriterium der \u00bbBekanntheit\u00ab bez\u00fcglich der introvertierten Tendenz\">Zum Kriterium der \u00bbBekanntheit\u00ab bez\u00fcglich der introvertierten Tendenz<\/a><\/div><div class=\"cprp_excerpt\"><a href=\"http:\/\/www.vrabek.de\/design\/2016\/03\/17\/zum-kriterium-der-bekanntheit-bezueglich-der-introvertierten-tendenz\/\" title=\"Zum Kriterium der \u00bbBekanntheit\u00ab bez\u00fcglich der introvertierten Tendenz\"><img src=\"http:\/\/www.vrabek.de\/design\/wp-content\/uploads\/2016\/02\/i3_animativ.svg\" class=\"cprp_thumbnail\" title=\"Zum Kriterium der \u00bbBekanntheit\u00ab bez\u00fcglich der introvertierten Tendenz\" alt=\"Zum Kriterium der \u00bbBekanntheit\u00ab bez\u00fcglich der introvertierten Tendenz\" \/><\/a><span class=\"cprp_excerpt_content\">Die Ankn\u00fcpfung an ein Reizangebot wird bez\u00fcglich der introvertierten Tendenz durch Intuition auf der Basis von Bekannthheit entschieden. Bei intuitiven Entscheidungen, die schnell Weichen f\u00fcr anschlie\u00dfendes Handeln stellen, ist es notwendig, sich auf sich selbst verlassen zu k\u00f6nnen. Bereits Bekanntes dient als Entscheidungsgrundlage. F\u00fcr die introvertierte Tendenz, deren Aktivit\u00e4tsziel innere&hellip;<\/span><\/div><div class=\"cprp_tags\">Tags: ankn\u00fcpfung, tendenz, um, introvertierten, design, zunehmend, \u00e4sthetische, kognitive, kognitiven, bereits<\/div><\/div><\/li><li><div class=\"cprp_data\"><div class=\"cprp_title\"><a href=\"http:\/\/www.vrabek.de\/design\/2016\/03\/17\/zum-kriterium-der-neuheit-bezueglich-der-explorativen-tendenz\/\" title=\"Zum Kriterium der \u00bbNeuheit\u00ab bez\u00fcglich der explorativen Tendenz\">Zum Kriterium der \u00bbNeuheit\u00ab bez\u00fcglich der explorativen Tendenz<\/a><\/div><div class=\"cprp_excerpt\"><a href=\"http:\/\/www.vrabek.de\/design\/2016\/03\/17\/zum-kriterium-der-neuheit-bezueglich-der-explorativen-tendenz\/\" title=\"Zum Kriterium der \u00bbNeuheit\u00ab bez\u00fcglich der explorativen Tendenz\"><img src=\"http:\/\/www.vrabek.de\/design\/wp-content\/uploads\/2016\/02\/i3_impulsiv.svg\" class=\"cprp_thumbnail\" title=\"Zum Kriterium der \u00bbNeuheit\u00ab bez\u00fcglich der explorativen Tendenz\" alt=\"Zum Kriterium der \u00bbNeuheit\u00ab bez\u00fcglich der explorativen Tendenz\" \/><\/a><span class=\"cprp_excerpt_content\">W\u00e4hrend hinsichtlich der introvertierten Tendenz das Bekannte die intuitive Ankn\u00fcpfung erleichtert, ist bez\u00fcglich der explorativen Tendenz die Neuheit das Kriterium, mit dem \u00e4sthetisches Material den ersten Anschluss beg\u00fcnstigt. Nicht das bew\u00e4hrte Alte, sondern das vielversprechende Neue wird gesucht. In der progressiven Dynamik der explorativen Tendenz geraten viele Reize in das&hellip;<\/span><\/div><div class=\"cprp_tags\">Tags: tendenz, explorativen, design, um<\/div><\/div><\/li><\/ul><\/div><div style=\"clear:both;\"><\/div>","protected":false},"excerpt":{"rendered":"<p>Den Kommentar: \u00bbdamit kann ich nichts anfangen\u00ab, musste wohl jeder schon einmal abgeben. Das Reizangebot wird zwar registriert, aber die Kognition findet weder auf der subliminalen Ebene, der somatischen, der introvertierten oder der explorativen Tendenz noch auf der bewussten Wertungsebene&hellip;  <\/p>\n<p class=\"more-link\"><a href=\"http:\/\/www.vrabek.de\/design\/3-subliminales\/3-3-aesthetische-kriterien-fuer-design-in-korrespondenz-zu-subliminalen-organisationstendenzen\/3-3-2-subprozesse-im-teilprozess-der-kognition\/3-3-2-1-kriterien-zum-subprozess-der-anknuepfung\/\">Continue reading <span class=\"meta-nav\">&rarr;<\/span><\/a><\/p>\n","protected":false},"author":1,"featured_media":0,"parent":337,"menu_order":0,"comment_status":"closed","ping_status":"closed","template":"","meta":[],"_links":{"self":[{"href":"http:\/\/www.vrabek.de\/design\/wp-json\/wp\/v2\/pages\/821"}],"collection":[{"href":"http:\/\/www.vrabek.de\/design\/wp-json\/wp\/v2\/pages"}],"about":[{"href":"http:\/\/www.vrabek.de\/design\/wp-json\/wp\/v2\/types\/page"}],"author":[{"embeddable":true,"href":"http:\/\/www.vrabek.de\/design\/wp-json\/wp\/v2\/users\/1"}],"replies":[{"embeddable":true,"href":"http:\/\/www.vrabek.de\/design\/wp-json\/wp\/v2\/comments?post=821"}],"version-history":[{"count":1,"href":"http:\/\/www.vrabek.de\/design\/wp-json\/wp\/v2\/pages\/821\/revisions"}],"predecessor-version":[{"id":822,"href":"http:\/\/www.vrabek.de\/design\/wp-json\/wp\/v2\/pages\/821\/revisions\/822"}],"up":[{"embeddable":true,"href":"http:\/\/www.vrabek.de\/design\/wp-json\/wp\/v2\/pages\/337"}],"wp:attachment":[{"href":"http:\/\/www.vrabek.de\/design\/wp-json\/wp\/v2\/media?parent=821"}],"curies":[{"name":"wp","href":"https:\/\/api.w.org\/{rel}","templated":true}]}}