{"id":817,"date":"2015-12-28T16:33:05","date_gmt":"2015-12-28T15:33:05","guid":{"rendered":"http:\/\/www.vrabek.de\/design\/?page_id=817"},"modified":"2018-05-08T22:38:20","modified_gmt":"2018-05-08T20:38:20","slug":"3-3-1-2-kriterien-zu-subprozess-der-kanalisierung","status":"publish","type":"page","link":"http:\/\/www.vrabek.de\/design\/3-subliminales\/3-3-aesthetische-kriterien-fuer-design-in-korrespondenz-zu-subliminalen-organisationstendenzen\/3-3-1-2-kriterien-zu-subprozess-der-kanalisierung\/","title":{"rendered":"3.3.1.2 Kriterien zu Subprozess der Kanalisierung"},"content":{"rendered":"<p>Der Subprozess der subliminalen Kanalisierung wirkt sich zweifach aus. Einerseits werden bestimmte Reizereignisse, die zwar nicht zum bekannten Erfahrungshorizont eines Menschen geh\u00f6ren, sich in ihrer sinnlich erfahrbaren \u00e4sthetischen Verfasstheit aber in das Bekannte eingliedern lassen, manchmal bereits auf subliminaler Ebene ausgefiltert und gelangen nicht in das Bewusstsein. Diese Vorauswahl entlastet das Bewusstsein und kann als ein Schutz oder als Konzentrationshilfe fungieren, erschwert aber auch das Lernen von Neuem. Andererseits werden durch die Kanalisierung diejenigen Reizangebote ignoriert, die nicht mit dem gegenw\u00e4rtig verfolgten Motivationsziel in Zusammenhang zu bringen sind. Wer Hunger hat, sich innerlich traurig f\u00fchlt oder gerade bem\u00fcht ist, eine Abk\u00fcrzung f\u00fcr die Verkehrsumleitung zu finden, l\u00e4sst sich nicht so leicht durch andere Reizangebote ablenken. Um die Motivation bez\u00fcglich langfristig erreichbarer Ziele aufrechzuhalten ist immer wieder bewusste Reflexion und Konzentration n\u00f6tig, denn die wechselhafte, situationsbezogene subliminale Kanalisierung kann auf ein bewusst eingeschlagenes T\u00e4tigkeitsziel hin rasch ablenkend auswirken. Der Einflu\u00df des subliminalen Subprozesses der Kanalisierung auf die Erfahrung kann im Bezug auf die somatische Tendenz durch das Kriterium der Bed\u00fcrfnisgerechtheit, hinsichtlich der introvertierten Tendenz mittels dem Kriterium der Befindlichkeit und in Relation zur explorativen Tendenz mit dem Kriterium des Angeregtheit untersucht werden.<\/p>\n<h2 class=\"cprp_section_title\">:: Mehr zum Thema ::<\/h2><div class=\"cprp_items list \"><ul><li><div class=\"cprp_data\"><div class=\"cprp_title\"><a href=\"http:\/\/www.vrabek.de\/design\/2020\/03\/15\/zum-kriterium-der-beduerfnisgerechtheit-bezueglich-der-somatischen-tendenz\/\" title=\"Zum Kriterium der \u00bbBed\u00fcrfnisgerechtheit\u00ab bez\u00fcglich der somatischen Tendenz\">Zum Kriterium der \u00bbBed\u00fcrfnisgerechtheit\u00ab bez\u00fcglich der somatischen Tendenz<\/a><\/div><div class=\"cprp_excerpt\"><a href=\"http:\/\/www.vrabek.de\/design\/2020\/03\/15\/zum-kriterium-der-beduerfnisgerechtheit-bezueglich-der-somatischen-tendenz\/\" title=\"Zum Kriterium der \u00bbBed\u00fcrfnisgerechtheit\u00ab bez\u00fcglich der somatischen Tendenz\"><img src=\"http:\/\/www.vrabek.de\/design\/wp-content\/uploads\/2016\/02\/i3_sensitiv.svg\" class=\"cprp_thumbnail\" title=\"Zum Kriterium der \u00bbBed\u00fcrfnisgerechtheit\u00ab bez\u00fcglich der somatischen Tendenz\" alt=\"Zum Kriterium der \u00bbBed\u00fcrfnisgerechtheit\u00ab bez\u00fcglich der somatischen Tendenz\" \/><\/a><span class=\"cprp_excerpt_content\">Ein Bed\u00fcrfnis der somatische Tendenz macht sich durch ein Gef\u00fchl von nerv\u00f6ser Anspannung, die sich auf einen bestimmten Bereich des K\u00f6rperschemas richtet, bemerkbar. Die grobe Richtung eines Bed\u00fcrfnisses wie Hunger, Durst, Sehnsucht nach Streicheleinheiten, Bewegungsdrang usw. bringt sich recht eindeutig ins Bewusstsein Schwieriger ist die spezielle Bestimmung, wodurch der Hunger&hellip;<\/span><\/div><div class=\"cprp_tags\">Tags: tendenz, um, kriterium, menschen, lernen, hunger, bed\u00fcrfnisgerechtheit, somatische, ihrer, denn<\/div><\/div><\/li><li><div class=\"cprp_data\"><div class=\"cprp_title\"><a href=\"http:\/\/www.vrabek.de\/design\/2020\/03\/15\/zum-kriterium-der-befindlichkeit-bezueglich-der-introvertierten-tendenz\/\" title=\"Zum Kriterium der \u00bbBefindlichkeit\u00ab bez\u00fcglich der introvertierten Tendenz\">Zum Kriterium der \u00bbBefindlichkeit\u00ab bez\u00fcglich der introvertierten Tendenz<\/a><\/div><div class=\"cprp_excerpt\"><a href=\"http:\/\/www.vrabek.de\/design\/2020\/03\/15\/zum-kriterium-der-befindlichkeit-bezueglich-der-introvertierten-tendenz\/\" title=\"Zum Kriterium der \u00bbBefindlichkeit\u00ab bez\u00fcglich der introvertierten Tendenz\"><img src=\"http:\/\/www.vrabek.de\/design\/wp-content\/uploads\/2016\/02\/i3_animativ.svg\" class=\"cprp_thumbnail\" title=\"Zum Kriterium der \u00bbBefindlichkeit\u00ab bez\u00fcglich der introvertierten Tendenz\" alt=\"Zum Kriterium der \u00bbBefindlichkeit\u00ab bez\u00fcglich der introvertierten Tendenz\" \/><\/a><span class=\"cprp_excerpt_content\">Hinsichtlich der introvertierten Tendenz stellt die Befindlichkeit oder die Stimmung den Selektionsfilter f\u00fcr die Kanalisierung dar. In einer fr\u00f6hlichen Stimmung werden negative Reize ausgeblendet und umgekehrt. Der Filter der jeweiligen Befindlichkeit f\u00e4rbt die gesamte Wirklichkeitserfahrung ein. Da Befindlichkeiten schwanken und instabil sind, erh\u00e4lt die nach Integrit\u00e4t und Gefasstheit strebende introvertierte&hellip;<\/span><\/div><div class=\"cprp_tags\">Tags: befindlichkeit, tendenz, introvertierten, diese, um, subliminale<\/div><\/div><\/li><li><div class=\"cprp_data\"><div class=\"cprp_title\"><a href=\"http:\/\/www.vrabek.de\/design\/2020\/03\/15\/zum-kriterium-der-angeregtheit-bezueglich-der-explorativen-tendenz\/\" title=\"Zum Kriterium der \u00bbAngeregtheit\u00ab bez\u00fcglich der explorativen Tendenz\">Zum Kriterium der \u00bbAngeregtheit\u00ab bez\u00fcglich der explorativen Tendenz<\/a><\/div><div class=\"cprp_excerpt\"><a href=\"http:\/\/www.vrabek.de\/design\/2020\/03\/15\/zum-kriterium-der-angeregtheit-bezueglich-der-explorativen-tendenz\/\" title=\"Zum Kriterium der \u00bbAngeregtheit\u00ab bez\u00fcglich der explorativen Tendenz\"><img src=\"http:\/\/www.vrabek.de\/design\/wp-content\/uploads\/2016\/02\/i3_impulsiv.svg\" class=\"cprp_thumbnail\" title=\"Zum Kriterium der \u00bbAngeregtheit\u00ab bez\u00fcglich der explorativen Tendenz\" alt=\"Zum Kriterium der \u00bbAngeregtheit\u00ab bez\u00fcglich der explorativen Tendenz\" \/><\/a><span class=\"cprp_excerpt_content\">Von der explorativen Tendenz motiviert strebt der Verhaltensfluss relativ unbestimmt irgendwelchen Reizangeboten zu. Auch hierdurch entsteht eine verengende Kanalisierung. Diese ist nicht durch das somatische Kriterium der Bed\u00fcrfnisgerechtheit oder das introvertierte Kriterium der Befindlichkeit vorgegeben, sondern formt sich durch zuf\u00e4llig vorgefundene und im Verhalten verkn\u00fcpfte Reize der externen Welt nach&hellip;<\/span><\/div><div class=\"cprp_tags\">Tags: kriterium, explorativen, tendenz, angeregtheit, denn, diese, kanalisierung, lernen, reizangebote, hin<\/div><\/div><\/li><\/ul><\/div><div style=\"clear:both;\"><\/div>","protected":false},"excerpt":{"rendered":"<p>Der Subprozess der subliminalen Kanalisierung wirkt sich zweifach aus. Einerseits werden bestimmte Reizereignisse, die zwar nicht zum bekannten Erfahrungshorizont eines Menschen geh\u00f6ren, sich in ihrer sinnlich erfahrbaren \u00e4sthetischen Verfasstheit aber in das Bekannte eingliedern lassen, manchmal bereits auf subliminaler Ebene&hellip;  <\/p>\n<p class=\"more-link\"><a href=\"http:\/\/www.vrabek.de\/design\/3-subliminales\/3-3-aesthetische-kriterien-fuer-design-in-korrespondenz-zu-subliminalen-organisationstendenzen\/3-3-1-2-kriterien-zu-subprozess-der-kanalisierung\/\">Continue reading <span class=\"meta-nav\">&rarr;<\/span><\/a><\/p>\n","protected":false},"author":1,"featured_media":0,"parent":109,"menu_order":0,"comment_status":"closed","ping_status":"closed","template":"","meta":[],"_links":{"self":[{"href":"http:\/\/www.vrabek.de\/design\/wp-json\/wp\/v2\/pages\/817"}],"collection":[{"href":"http:\/\/www.vrabek.de\/design\/wp-json\/wp\/v2\/pages"}],"about":[{"href":"http:\/\/www.vrabek.de\/design\/wp-json\/wp\/v2\/types\/page"}],"author":[{"embeddable":true,"href":"http:\/\/www.vrabek.de\/design\/wp-json\/wp\/v2\/users\/1"}],"replies":[{"embeddable":true,"href":"http:\/\/www.vrabek.de\/design\/wp-json\/wp\/v2\/comments?post=817"}],"version-history":[{"count":1,"href":"http:\/\/www.vrabek.de\/design\/wp-json\/wp\/v2\/pages\/817\/revisions"}],"predecessor-version":[{"id":818,"href":"http:\/\/www.vrabek.de\/design\/wp-json\/wp\/v2\/pages\/817\/revisions\/818"}],"up":[{"embeddable":true,"href":"http:\/\/www.vrabek.de\/design\/wp-json\/wp\/v2\/pages\/109"}],"wp:attachment":[{"href":"http:\/\/www.vrabek.de\/design\/wp-json\/wp\/v2\/media?parent=817"}],"curies":[{"name":"wp","href":"https:\/\/api.w.org\/{rel}","templated":true}]}}