{"id":815,"date":"2015-12-28T16:30:30","date_gmt":"2015-12-28T15:30:30","guid":{"rendered":"http:\/\/www.vrabek.de\/design\/?page_id=815"},"modified":"2018-05-08T22:36:51","modified_gmt":"2018-05-08T20:36:51","slug":"3-3-1-1-kriterien-zum-subprozess-der-registrierung","status":"publish","type":"page","link":"http:\/\/www.vrabek.de\/design\/3-subliminales\/3-3-aesthetische-kriterien-fuer-design-in-korrespondenz-zu-subliminalen-organisationstendenzen\/3-3-1-1-kriterien-zum-subprozess-der-registrierung\/","title":{"rendered":"3.3.1.1 Kriterien zum Subprozess der Registrierung"},"content":{"rendered":"<p>Zum Subprozess der Registrierung als subliminaler Grundvoraussetzung f\u00fcr motivationale Aktivit\u00e4t geh\u00f6rt eine innere Bereitschaft, eine allgemeine Empf\u00e4nglichkeit f\u00fcr Reize, die zu verschiedenen Zeitpunkten unterschiedlich stark ausgepr\u00e4gt sein kann. Auf den graduellen Aufbau des Bereitschaftspotentials im Zuge der Registrierung kommt es bei den folgenden \u00dcberlegungen an, nicht auf affektgesteuertes Verhalten. Bei dauerhaft gleichm\u00e4\u00dfiger hoher Bereitschaft k\u00f6nnte das Gehirn gegen\u00fcber den wechselnden Reizen, ob von innen oder au\u00dfen kommend, weder Eigenst\u00e4ndigkeit noch Konzentriertheit entwickeln. Bei niedrigem Bereitschaftsniveau ist die subliminale Generierung von Entwicklungsalternativen durch Ignoranz gegen\u00fcber dem Reizgeschehen zu stark eingeschr\u00e4nkt. Die Registrierung als erster Subprozess im Teilprozess der Motivation l\u00e4sst sich im Verh\u00e4ltnis zur somatischen Tendenz durch das Kriterium der Sensibilit\u00e4t erfassen, bez\u00fcglich der introvertierten Tendenz durch das Kriterium der Achtsamkeit und f\u00fcr die explorative Tendenz mit dem Kriterium der Spontaneit\u00e4t.<\/p>\n<h2 class=\"cprp_section_title\">:: Mehr zum Thema ::<\/h2><div class=\"cprp_items list \"><ul><li><div class=\"cprp_data\"><div class=\"cprp_title\"><a href=\"http:\/\/www.vrabek.de\/design\/2016\/03\/15\/zum-kriterium-der-sensibilitaet-bezueglich-der-somatischen-tendenz\/\" title=\"Zum Kriterium der \u00bbSensibilit\u00e4t\u00ab bez\u00fcglich der somatischen Tendenz\">Zum Kriterium der \u00bbSensibilit\u00e4t\u00ab bez\u00fcglich der somatischen Tendenz<\/a><\/div><div class=\"cprp_excerpt\"><a href=\"http:\/\/www.vrabek.de\/design\/2016\/03\/15\/zum-kriterium-der-sensibilitaet-bezueglich-der-somatischen-tendenz\/\" title=\"Zum Kriterium der \u00bbSensibilit\u00e4t\u00ab bez\u00fcglich der somatischen Tendenz\"><img src=\"http:\/\/www.vrabek.de\/design\/wp-content\/uploads\/2016\/02\/i3_sensitiv.svg\" class=\"cprp_thumbnail\" title=\"Zum Kriterium der \u00bbSensibilit\u00e4t\u00ab bez\u00fcglich der somatischen Tendenz\" alt=\"Zum Kriterium der \u00bbSensibilit\u00e4t\u00ab bez\u00fcglich der somatischen Tendenz\" \/><\/a><span class=\"cprp_excerpt_content\">Manche Menschen erwachen sehr leicht, wenn sich an ihrem Zustand etwas \u00e4ndert. Der Anlass kann von au\u00dfen kommen wie ein Ger\u00e4usch oder ein k\u00fchler Luftzug oder von innen wie ein Hungergef\u00fchl oder ein schlechter Traum. Auch im Wachzustand nimmt der K\u00f6rper durch seine Sensibilit\u00e4t dauernd das Bereitschaftspotential in Anspruch und&hellip;<\/span><\/div><div class=\"cprp_tags\">Tags: sensibilit\u00e4t, somatischen, tendenz, bez\u00fcglich, bereitschaft, kriterium, reizen, registrierung, subliminale<\/div><\/div><\/li><li><div class=\"cprp_data\"><div class=\"cprp_title\"><a href=\"http:\/\/www.vrabek.de\/design\/2020\/03\/15\/zum-kriterium-der-achtsamkeit-bezueglich-der-introvertierten-tendenz\/\" title=\"Zum Kriterium der \u00bbAchtsamkeit\u00ab bez\u00fcglich der introvertierten Tendenz\">Zum Kriterium der \u00bbAchtsamkeit\u00ab bez\u00fcglich der introvertierten Tendenz<\/a><\/div><div class=\"cprp_excerpt\"><a href=\"http:\/\/www.vrabek.de\/design\/2020\/03\/15\/zum-kriterium-der-achtsamkeit-bezueglich-der-introvertierten-tendenz\/\" title=\"Zum Kriterium der \u00bbAchtsamkeit\u00ab bez\u00fcglich der introvertierten Tendenz\"><img src=\"http:\/\/www.vrabek.de\/design\/wp-content\/uploads\/2016\/02\/i3_animativ.svg\" class=\"cprp_thumbnail\" title=\"Zum Kriterium der \u00bbAchtsamkeit\u00ab bez\u00fcglich der introvertierten Tendenz\" alt=\"Zum Kriterium der \u00bbAchtsamkeit\u00ab bez\u00fcglich der introvertierten Tendenz\" \/><\/a><span class=\"cprp_excerpt_content\">Mit einer achtsamen Grundhaltung werden st\u00e4ndig Reizangebote registriert und auf die innere Wirklichkeit bezogen. Jede geringf\u00fcgige Ver\u00e4nderung veranlasst zum Nachsinnen. Das Kriterium der Achtsamkeit als Bereitschaftshaltung der introvertierten Tendenz regelt noch vor dem Bewusstwerden den Zugang zum Innersten. Das gilt gegen\u00fcber Reizen die von au\u00dfen kommen wie das freundliche L\u00e4cheln&hellip;<\/span><\/div><div class=\"cprp_tags\">Tags: achtsamkeit, introvertierten, tendenz, reize, verhalten, gegen\u00fcber, kriterium, innere, bez\u00fcglich, bereitschaft<\/div><\/div><\/li><li><div class=\"cprp_data\"><div class=\"cprp_title\"><a href=\"http:\/\/www.vrabek.de\/design\/2016\/03\/15\/zum-kriterium-der-spontaneitaet-bezueglich-der-explorativen-tendenz\/\" title=\"Zum Kriterium der \u00bbSpontaneit\u00e4t\u00ab bez\u00fcglich der explorativen Tendenz\">Zum Kriterium der \u00bbSpontaneit\u00e4t\u00ab bez\u00fcglich der explorativen Tendenz<\/a><\/div><div class=\"cprp_excerpt\"><a href=\"http:\/\/www.vrabek.de\/design\/2016\/03\/15\/zum-kriterium-der-spontaneitaet-bezueglich-der-explorativen-tendenz\/\" title=\"Zum Kriterium der \u00bbSpontaneit\u00e4t\u00ab bez\u00fcglich der explorativen Tendenz\"><img src=\"http:\/\/www.vrabek.de\/design\/wp-content\/uploads\/2016\/02\/i3_impulsiv.svg\" class=\"cprp_thumbnail\" title=\"Zum Kriterium der \u00bbSpontaneit\u00e4t\u00ab bez\u00fcglich der explorativen Tendenz\" alt=\"Zum Kriterium der \u00bbSpontaneit\u00e4t\u00ab bez\u00fcglich der explorativen Tendenz\" \/><\/a><span class=\"cprp_excerpt_content\">Die Bereitschaft zur explorativen Tendenz, konkretisiert sich in einer Haltung der Offenheit und Spontaneit\u00e4t bez\u00fcglich Reizen, die in der \u00e4u\u00dferen Wirklichkeit lokalisiert werden. Mit der offenen Haltung wird h\u00e4ufig Neues entdeckt und viele gleichzeitig stattfindende Reizereignisse werden gemeinsam registriert. Dadurch entstehen neuronale Verkn\u00fcpfungen, die sp\u00e4ter zu kreativen Assoziationen beitragen k\u00f6nnen.&hellip;<\/span><\/div><div class=\"cprp_tags\">Tags: spontaneit\u00e4t, tendenz, verhalten, noch, bez\u00fcglich<\/div><\/div><\/li><\/ul><\/div><div style=\"clear:both;\"><\/div>","protected":false},"excerpt":{"rendered":"<p>Zum Subprozess der Registrierung als subliminaler Grundvoraussetzung f\u00fcr motivationale Aktivit\u00e4t geh\u00f6rt eine innere Bereitschaft, eine allgemeine Empf\u00e4nglichkeit f\u00fcr Reize, die zu verschiedenen Zeitpunkten unterschiedlich stark ausgepr\u00e4gt sein kann. Auf den graduellen Aufbau des Bereitschaftspotentials im Zuge der Registrierung kommt es&hellip;  <\/p>\n<p class=\"more-link\"><a href=\"http:\/\/www.vrabek.de\/design\/3-subliminales\/3-3-aesthetische-kriterien-fuer-design-in-korrespondenz-zu-subliminalen-organisationstendenzen\/3-3-1-1-kriterien-zum-subprozess-der-registrierung\/\">Continue reading <span class=\"meta-nav\">&rarr;<\/span><\/a><\/p>\n","protected":false},"author":1,"featured_media":0,"parent":109,"menu_order":0,"comment_status":"closed","ping_status":"closed","template":"","meta":[],"_links":{"self":[{"href":"http:\/\/www.vrabek.de\/design\/wp-json\/wp\/v2\/pages\/815"}],"collection":[{"href":"http:\/\/www.vrabek.de\/design\/wp-json\/wp\/v2\/pages"}],"about":[{"href":"http:\/\/www.vrabek.de\/design\/wp-json\/wp\/v2\/types\/page"}],"author":[{"embeddable":true,"href":"http:\/\/www.vrabek.de\/design\/wp-json\/wp\/v2\/users\/1"}],"replies":[{"embeddable":true,"href":"http:\/\/www.vrabek.de\/design\/wp-json\/wp\/v2\/comments?post=815"}],"version-history":[{"count":1,"href":"http:\/\/www.vrabek.de\/design\/wp-json\/wp\/v2\/pages\/815\/revisions"}],"predecessor-version":[{"id":816,"href":"http:\/\/www.vrabek.de\/design\/wp-json\/wp\/v2\/pages\/815\/revisions\/816"}],"up":[{"embeddable":true,"href":"http:\/\/www.vrabek.de\/design\/wp-json\/wp\/v2\/pages\/109"}],"wp:attachment":[{"href":"http:\/\/www.vrabek.de\/design\/wp-json\/wp\/v2\/media?parent=815"}],"curies":[{"name":"wp","href":"https:\/\/api.w.org\/{rel}","templated":true}]}}