{"id":7,"date":"2020-05-22T21:27:00","date_gmt":"2020-05-22T19:27:00","guid":{"rendered":"http:\/\/www.vrabek.de\/design\/?page_id=7"},"modified":"2020-12-29T12:07:02","modified_gmt":"2020-12-29T11:07:02","slug":"1-design-und-aesthetische-erfahrung-innerhalb-der-wirklichkeitsbildenden-basis-von-erfahrung","status":"publish","type":"page","link":"http:\/\/www.vrabek.de\/design\/1-design-und-aesthetische-erfahrung-innerhalb-der-wirklichkeitsbildenden-basis-von-erfahrung\/","title":{"rendered":"1 \u00c4sthetisches"},"content":{"rendered":"<p>1 Design und \u00e4sthetische Erfahrung innerhalb der wirklichkeitsbildenden Basis von Erfahrung<\/p>\n<h2 class=\"cprp_section_title\">:: Mehr zum Thema ::<\/h2><div class=\"cprp_items list \"><ul><li><div class=\"cprp_data\"><div class=\"cprp_title\"><a href=\"http:\/\/www.vrabek.de\/design\/1-design-und-aesthetische-erfahrung-innerhalb-der-wirklichkeitsbildenden-basis-von-erfahrung\/1-4-differenzierte-richtlinien-fuer-design-in-korrespondenz-zur-vielfalt-aesthetischer-erfahrung\/\" title=\"1.4 Differenzierte Richtlinien f\u00fcr Design in Korrespondenz zur Vielfalt \u00e4sthetischer Erfahrung\">1.4 Differenzierte Richtlinien f\u00fcr Design in Korrespondenz zur Vielfalt \u00e4sthetischer Erfahrung<\/a><\/div><div class=\"cprp_excerpt\"><span class=\"cprp_excerpt_content\">Nach Herleitung der Grundeinteilung, die auf dem Modell einer Korrespondenz von Design und \u00e4sthetischer Erfahrung in Relation zu den stabilisierenden Orientierungen von Erfahrung basiert, ist im Folgenden die weitere Vorgehensweise darzulegen (vgl. Abbildung 3), um differenzierte Richtlinien f\u00fcr Design in Korrespondenz zur Vielfalt \u00e4sthetischer Erfahrung zu entwickeln. Diese sind nicht&hellip;<\/span><\/div><div class=\"cprp_tags\">Tags: erfahrung, \u00e4sthetische, design<\/div><\/div><\/li><li><div class=\"cprp_data\"><div class=\"cprp_title\"><a href=\"http:\/\/www.vrabek.de\/design\/1-design-und-aesthetische-erfahrung-innerhalb-der-wirklichkeitsbildenden-basis-von-erfahrung\/1-4-1-komponenten-zum-teilprozess-der-aesthetischen-erfahrung\/\" title=\"1.4.1 Komponenten zum Teilprozess der \u00e4sthetischen Erfahrung\">1.4.1 Komponenten zum Teilprozess der \u00e4sthetischen Erfahrung<\/a><\/div><div class=\"cprp_excerpt\"><span class=\"cprp_excerpt_content\">Trotz der Intention, die Vielf\u00e4ltigkeit der Erfahrungskreationen aufgrund verschiedener Grundlagen zuzulassen, muss eine kritisierbare, mit anderen Theorien vergleichbare Theorie in sich selbst koh\u00e4rent aufgebaut sein und eine modellhafte, einheitliche Sichtweise auf ihren Problembereich darstellen. Diesen Gedanken stellt Nelson Goodman seinen \u00dcberlegungen zu den vielen gleichberechtigt nebeneinanderzustellen Weisen der Welterzeugung voraus.&hellip;<\/span><\/div><div class=\"cprp_tags\">Tags: erfahrung, design<\/div><\/div><\/li><li><div class=\"cprp_data\"><div class=\"cprp_title\"><a href=\"http:\/\/www.vrabek.de\/design\/1-design-und-aesthetische-erfahrung-innerhalb-der-wirklichkeitsbildenden-basis-von-erfahrung\/1-4-2-kategorien-zum-teilprozess-des-designens\/\" title=\"1.4.2 Kategorien zum Teilprozess des Designens\">1.4.2 Kategorien zum Teilprozess des Designens<\/a><\/div><div class=\"cprp_excerpt\"><span class=\"cprp_excerpt_content\">Der Begriff \u00bbDesign\u00ab erlangte in den letzten Jahren steigende Popularit\u00e4t. Dadurch umfasst seine Bedeutung \u00fcber die fachspezifische Definition hinaus oft schillernde Konnotationen. So wird Design h\u00e4ufig mit Extravaganz in Verbindung gebracht. Diesbez\u00fcglich hilft es nicht, \u00fcber die inflation\u00e4re Verwendung des Begriffs zu klagen oder aus einer Machtposition heraus die einzig&hellip;<\/span><\/div><div class=\"cprp_tags\">Tags: design, erfahrung<\/div><\/div><\/li><\/ul><\/div><div style=\"clear:both;\"><\/div>","protected":false},"excerpt":{"rendered":"<p>1 Design und \u00e4sthetische Erfahrung innerhalb der wirklichkeitsbildenden Basis von Erfahrung :: Mehr zum Thema ::1.4 Differenzierte Richtlinien f\u00fcr Design in Korrespondenz zur Vielfalt \u00e4sthetischer ErfahrungNach Herleitung der Grundeinteilung, die auf dem Modell einer Korrespondenz von Design und \u00e4sthetischer Erfahrung&hellip;  <\/p>\n<p class=\"more-link\"><a href=\"http:\/\/www.vrabek.de\/design\/1-design-und-aesthetische-erfahrung-innerhalb-der-wirklichkeitsbildenden-basis-von-erfahrung\/\">Continue reading <span class=\"meta-nav\">&rarr;<\/span><\/a><\/p>\n","protected":false},"author":1,"featured_media":0,"parent":0,"menu_order":0,"comment_status":"closed","ping_status":"closed","template":"","meta":[],"_links":{"self":[{"href":"http:\/\/www.vrabek.de\/design\/wp-json\/wp\/v2\/pages\/7"}],"collection":[{"href":"http:\/\/www.vrabek.de\/design\/wp-json\/wp\/v2\/pages"}],"about":[{"href":"http:\/\/www.vrabek.de\/design\/wp-json\/wp\/v2\/types\/page"}],"author":[{"embeddable":true,"href":"http:\/\/www.vrabek.de\/design\/wp-json\/wp\/v2\/users\/1"}],"replies":[{"embeddable":true,"href":"http:\/\/www.vrabek.de\/design\/wp-json\/wp\/v2\/comments?post=7"}],"version-history":[{"count":3,"href":"http:\/\/www.vrabek.de\/design\/wp-json\/wp\/v2\/pages\/7\/revisions"}],"predecessor-version":[{"id":60,"href":"http:\/\/www.vrabek.de\/design\/wp-json\/wp\/v2\/pages\/7\/revisions\/60"}],"wp:attachment":[{"href":"http:\/\/www.vrabek.de\/design\/wp-json\/wp\/v2\/media?parent=7"}],"curies":[{"name":"wp","href":"https:\/\/api.w.org\/{rel}","templated":true}]}}