{"id":663,"date":"2015-12-18T19:12:25","date_gmt":"2015-12-18T18:12:25","guid":{"rendered":"http:\/\/www.vrabek.de\/design\/?page_id=663"},"modified":"2015-12-18T22:02:47","modified_gmt":"2015-12-18T21:02:47","slug":"5-3-2-2-kriterien-zum-subprozess-der-verbreitung","status":"publish","type":"page","link":"http:\/\/www.vrabek.de\/design\/5-mediales\/5-3-2-subprozesse-im-teilprozess-der-manifestation\/5-3-2-2-kriterien-zum-subprozess-der-verbreitung\/","title":{"rendered":"5.3.2.2 Kriterien zum Subprozess der Verbreitung"},"content":{"rendered":"<p>Jedes Medium, gleichg\u00fcltig mit welcher Logik, wird erst dann in gr\u00f6\u00dferem Ma\u00dfe wirksam, wenn viele Menschen ihre Interaktionen darauf ausrichten. Daher ist die Vervielf\u00e4ltigung und Verbreitung eines Mediums ein wichtiger Subprozess zwischen Fixierung und Einpr\u00e4gung. Bez\u00fcglich jedem Medientyp sind besondere Bedingungen f\u00fcr die Verbreitung zu beachten und entsprechende Kriterien zur Beurteilung seiner Relevanz f\u00fcr die Erfahrung und f\u00fcr die Qualit\u00e4t der \u00e4sthetischen Erfahrung abzuleiten. Hinsichtlich der durch Verk\u00f6rperung fixierten Medien ist das Kriterium der Darstellbarkeit wichtig. Die Verbreitung der materialisierbaren kontextuellen Medien erfolgt durch Reproduktion und der Einfluss auf die Erfahrung kann durch das Kriterium der Transportierbarkeit beschrieben werden. Standardisierte Medien sind durch Abstraktion zu verbreiten und ihr Einfluss auf die Erfahrung im Subprozess der Verbreitung ist dementsprechend durch das Kriterium der Abstrahierbarkeit zu erfassen.<\/p>\n<h2 class=\"cprp_section_title\">:: Mehr zum Thema ::<\/h2><div class=\"cprp_items list \"><ul><li><div class=\"cprp_data\"><div class=\"cprp_title\"><a href=\"http:\/\/www.vrabek.de\/design\/2015\/12\/18\/verbreitung-zum-kriterium-des-darstellbarkeit-bezueglich-der-organischen-logik\/\" title=\"Verbreitung &gt; Zum Kriterium des \u00bbDarstellbarkeit\u00ab bez\u00fcglich der organischen Logik\">Verbreitung > Zum Kriterium des \u00bbDarstellbarkeit\u00ab bez\u00fcglich der organischen Logik<\/a><\/div><div class=\"cprp_excerpt\"><a href=\"http:\/\/www.vrabek.de\/design\/2015\/12\/18\/verbreitung-zum-kriterium-des-darstellbarkeit-bezueglich-der-organischen-logik\/\" title=\"Verbreitung &gt; Zum Kriterium des \u00bbDarstellbarkeit\u00ab bez\u00fcglich der organischen Logik\"><img src=\"http:\/\/www.vrabek.de\/design\/wp-content\/uploads\/2015\/12\/i_adaptiv.svg\" class=\"cprp_thumbnail\" title=\"Verbreitung &gt; Zum Kriterium des \u00bbDarstellbarkeit\u00ab bez\u00fcglich der organischen Logik\" alt=\"Verbreitung &gt; Zum Kriterium des \u00bbDarstellbarkeit\u00ab bez\u00fcglich der organischen Logik\" \/><\/a><span class=\"cprp_excerpt_content\">Solange ein Individuum vorwiegend seine organischen Medien f\u00fcr die Interaktion mit der Welt nutzt, bleibt deren Entfaltung f\u00fcr die Erfahrung im Prinzip auf das subjektive Erleben begrenzt. Ein im Spiel versunkenes Kind ist in seinem Tun aufgehoben. Es will damit nichts mitteilen, denkt nicht an au\u00dfenstehende Beobachter oder an ein&hellip;<\/span><\/div><div class=\"cprp_tags\">Tags: f\u00fcr, darstellbarkeit, medien, kriterium, bez\u00fcglich, menschen, verbreitung<\/div><\/div><\/li><li><div class=\"cprp_data\"><div class=\"cprp_title\"><a href=\"http:\/\/www.vrabek.de\/design\/2015\/12\/18\/verbreitung-zum-kriterium-der-transportierbarkeit-bezueglich-der-kontextuellen-logik\/\" title=\"Verbreitung &gt; Zum Kriterium der \u00bbTransportierbarkeit\u00ab bez\u00fcglich der kontextuellen Logik\">Verbreitung > Zum Kriterium der \u00bbTransportierbarkeit\u00ab bez\u00fcglich der kontextuellen Logik<\/a><\/div><div class=\"cprp_excerpt\"><a href=\"http:\/\/www.vrabek.de\/design\/2015\/12\/18\/verbreitung-zum-kriterium-der-transportierbarkeit-bezueglich-der-kontextuellen-logik\/\" title=\"Verbreitung &gt; Zum Kriterium der \u00bbTransportierbarkeit\u00ab bez\u00fcglich der kontextuellen Logik\"><img src=\"http:\/\/www.vrabek.de\/design\/wp-content\/uploads\/2015\/12\/i_situativ.svg\" class=\"cprp_thumbnail\" title=\"Verbreitung &gt; Zum Kriterium der \u00bbTransportierbarkeit\u00ab bez\u00fcglich der kontextuellen Logik\" alt=\"Verbreitung &gt; Zum Kriterium der \u00bbTransportierbarkeit\u00ab bez\u00fcglich der kontextuellen Logik\" \/><\/a><span class=\"cprp_excerpt_content\">Der zweite Subprozess der Manifestation von Erfahrungen durch Medien mit kontextueller Logik in der individuellen und sozialen Erfahrungswirklichkeit, die Verbreitung, betrifft auch die serielle Produktion von Gegenst\u00e4nden. Diese ist eine wichtige Voraussetzung, um die beispielsweise in Alltagsdingen manifestierten Erfahrungen zu vervielf\u00e4ltigen und vielen Menschen zug\u00e4nglich zu machen. Doch erst der&hellip;<\/span><\/div><div class=\"cprp_tags\">Tags: verbreitung, transportierbarkeit, medien, logik, f\u00fcr, kriterium, kontextuellen, menschen, vervielf\u00e4ltigung, bez\u00fcglich<\/div><\/div><\/li><li><div class=\"cprp_data\"><div class=\"cprp_title\"><a href=\"http:\/\/www.vrabek.de\/design\/2015\/12\/18\/verbreitung-zum-kriterium-der-abstrahierbarkeit-bezueglich-der-standardisierten-logik\/\" title=\"Verbreitung &gt; Zum Kriterium der \u00bbAbstrahierbarkeit\u00ab bez\u00fcglich der standardisierten Logik\">Verbreitung > Zum Kriterium der \u00bbAbstrahierbarkeit\u00ab bez\u00fcglich der standardisierten Logik<\/a><\/div><div class=\"cprp_excerpt\"><a href=\"http:\/\/www.vrabek.de\/design\/2015\/12\/18\/verbreitung-zum-kriterium-der-abstrahierbarkeit-bezueglich-der-standardisierten-logik\/\" title=\"Verbreitung &gt; Zum Kriterium der \u00bbAbstrahierbarkeit\u00ab bez\u00fcglich der standardisierten Logik\"><img src=\"http:\/\/www.vrabek.de\/design\/wp-content\/uploads\/2015\/12\/i_innovativ-1.svg\" class=\"cprp_thumbnail\" title=\"Verbreitung &gt; Zum Kriterium der \u00bbAbstrahierbarkeit\u00ab bez\u00fcglich der standardisierten Logik\" alt=\"Verbreitung &gt; Zum Kriterium der \u00bbAbstrahierbarkeit\u00ab bez\u00fcglich der standardisierten Logik\" \/><\/a><span class=\"cprp_excerpt_content\">Medien mit standardisierter Logik und die mit ihrem Umgang verbundenen Erfahrungen werden im zweiten Subprozess im Teilprozess der Manifestation durch eine weitgehende Abl\u00f6sung von r\u00e4umlichen und zeitlichen Beschr\u00e4nkungen verbreitet. Technische Zeichnungen abstrahieren beispielsweise durch die ma\u00dfst\u00e4bliche Verkleinerung von r\u00e4umlichen Bedingungen. Die moderne Zeitmessung abstrahiert von naturgegebenen Rhythmen wie den Gezeiten&hellip;<\/span><\/div><div class=\"cprp_tags\">Tags: f\u00fcr, menschen, medien, erfahrung, verbreitung, abstrahierbarkeit, logik, wichtig, abstraktion, zwischen<\/div><\/div><\/li><\/ul><\/div><div style=\"clear:both;\"><\/div>","protected":false},"excerpt":{"rendered":"<p>Jedes Medium, gleichg\u00fcltig mit welcher Logik, wird erst dann in gr\u00f6\u00dferem Ma\u00dfe wirksam, wenn viele Menschen ihre Interaktionen darauf ausrichten. Daher ist die Vervielf\u00e4ltigung und Verbreitung eines Mediums ein wichtiger Subprozess zwischen Fixierung und Einpr\u00e4gung. Bez\u00fcglich jedem Medientyp sind besondere&hellip;  <\/p>\n<p class=\"more-link\"><a href=\"http:\/\/www.vrabek.de\/design\/5-mediales\/5-3-2-subprozesse-im-teilprozess-der-manifestation\/5-3-2-2-kriterien-zum-subprozess-der-verbreitung\/\">Continue reading <span class=\"meta-nav\">&rarr;<\/span><\/a><\/p>\n","protected":false},"author":1,"featured_media":0,"parent":345,"menu_order":0,"comment_status":"closed","ping_status":"closed","template":"","meta":[],"_links":{"self":[{"href":"http:\/\/www.vrabek.de\/design\/wp-json\/wp\/v2\/pages\/663"}],"collection":[{"href":"http:\/\/www.vrabek.de\/design\/wp-json\/wp\/v2\/pages"}],"about":[{"href":"http:\/\/www.vrabek.de\/design\/wp-json\/wp\/v2\/types\/page"}],"author":[{"embeddable":true,"href":"http:\/\/www.vrabek.de\/design\/wp-json\/wp\/v2\/users\/1"}],"replies":[{"embeddable":true,"href":"http:\/\/www.vrabek.de\/design\/wp-json\/wp\/v2\/comments?post=663"}],"version-history":[{"count":1,"href":"http:\/\/www.vrabek.de\/design\/wp-json\/wp\/v2\/pages\/663\/revisions"}],"predecessor-version":[{"id":664,"href":"http:\/\/www.vrabek.de\/design\/wp-json\/wp\/v2\/pages\/663\/revisions\/664"}],"up":[{"embeddable":true,"href":"http:\/\/www.vrabek.de\/design\/wp-json\/wp\/v2\/pages\/345"}],"wp:attachment":[{"href":"http:\/\/www.vrabek.de\/design\/wp-json\/wp\/v2\/media?parent=663"}],"curies":[{"name":"wp","href":"https:\/\/api.w.org\/{rel}","templated":true}]}}