{"id":65,"date":"2015-11-26T22:32:09","date_gmt":"2015-11-26T21:32:09","guid":{"rendered":"http:\/\/www.vrabek.de\/design\/?page_id=65"},"modified":"2018-10-05T11:44:53","modified_gmt":"2018-10-05T09:44:53","slug":"6-antizipierendes","status":"publish","type":"page","link":"http:\/\/www.vrabek.de\/design\/6-antizipierendes\/","title":{"rendered":"6 Antizipierendes"},"content":{"rendered":"<p>6 Strategien f\u00fcr Design<br \/>\nin Korrespondenz zur antizipierenden Komponente \u00e4sthetischer Erfahrung<\/p>\n<h2 class=\"cprp_section_title\">:: Mehr zum Thema ::<\/h2><div class=\"cprp_items list \"><ul><li><div class=\"cprp_data\"><div class=\"cprp_title\"><a href=\"http:\/\/www.vrabek.de\/design\/6-antizipierendes\/6-3-aesthetische-strategien-fuer-design-in-korrespondenz-zu-antizipierenden-organisationsoptionen\/\" title=\"6.3 \u00c4sthetische Strategien f\u00fcr Design in Korrespondenz zu antizipierenden Organisationsoptionen\">6.3 \u00c4sthetische Strategien f\u00fcr Design in Korrespondenz zu antizipierenden Organisationsoptionen<\/a><\/div><div class=\"cprp_excerpt\"><span class=\"cprp_excerpt_content\">Mit der Entscheidung f\u00fcr eine der beiden besonders bedeutsamen Organisationsoptionen f\u00fcr die \u00e4sthetische Erfahrung geht die Wahl der korrespondierenden Perspektivit\u00e4t von Design einher. Im Zusammenhang der vorliegenden Gesamtuntersuchung ist keiner der beiden herausgestellten Optionen der Vorzug zu geben. Beide haben ihre Berechtigung in Relation zu dem Wunsch nach Verbesserung der&hellip;<\/span><\/div><div class=\"cprp_tags\">Tags: strategien, design, komponente, antizipierenden, erfahrung, korrespondenz<\/div><\/div><\/li><li><div class=\"cprp_data\"><div class=\"cprp_title\"><a href=\"http:\/\/www.vrabek.de\/design\/6-antizipierendes\/6-3-aesthetische-strategien-fuer-design-in-korrespondenz-zu-antizipierenden-organisationsoptionen\/6-3-1-strategien-zum-hauptprozess-der-bewussten-evaluation-von-erfahrung\/\" title=\"6.3.1 Strategien zum Hauptprozess der bewussten Evaluation von Erfahrung\">6.3.1 Strategien zum Hauptprozess der bewussten Evaluation von Erfahrung<\/a><\/div><div class=\"cprp_excerpt\"><span class=\"cprp_excerpt_content\">W\u00e4hrend der bewussten Erfahrungsevaluation erlebt sich der Mensch als selbstbestimmtes Wesen, das den Anlass seiner Erfahrung kennt und in die Bewertung miteinbezieht. Jede positive, \u00e4sthetische Bewertung von Erfahrung ist von dem gegenw\u00e4rtigen Gef\u00fchl etwas Besonderes zu erleben sowie frei von bedrohender Angst oder innerem Zwang zu sein begleitet. Sie kann&hellip;<\/span><\/div><div class=\"cprp_tags\">Tags: erfahrung, design, strategien<\/div><\/div><\/li><li><div class=\"cprp_data\"><div class=\"cprp_title\"><a href=\"http:\/\/www.vrabek.de\/design\/6-antizipierendes\/6-3-2-strategien-zum-hauptprozess-der-subliminalen-akkumulation-von-erfahrung\/\" title=\"6.3.2 Strategien zum Hauptprozess der subliminalen Akkumulation von Erfahrung\">6.3.2 Strategien zum Hauptprozess der subliminalen Akkumulation von Erfahrung<\/a><\/div><div class=\"cprp_excerpt\"><span class=\"cprp_excerpt_content\">Innerhalb der selbstorganisierenden Dynamik der subliminalen Organisationstendenzen sammeln sich die wichtigen pers\u00f6nlichen Erfahrungen an und bleiben im subliminalen Hintergrund \u00fcber ihr bewusstes Erleben hinaus wirksam. Hier manifestiert sich die pers\u00f6nliche Historie. Der Erfahrungsschatz bildet einen Referenzbereich, in dem eine Osmose zwischen Erfahrungen die der Motivation, der Kognition und der Emotion&hellip;<\/span><\/div><div class=\"cprp_tags\">Tags: design, strategien, erfahrung<\/div><\/div><\/li><li><div class=\"cprp_data\"><div class=\"cprp_title\"><a href=\"http:\/\/www.vrabek.de\/design\/6-antizipierendes\/6-3-3-strategien-zum-hauptprozess-der-sozialen-selektion-von-erfahrung\/\" title=\"6.3.3 Strategien zum Hauptprozess der sozialen Selektion von Erfahrung\">6.3.3 Strategien zum Hauptprozess der sozialen Selektion von Erfahrung<\/a><\/div><div class=\"cprp_excerpt\"><span class=\"cprp_excerpt_content\">W\u00e4hrend sich die subliminalen Tendenzen haupts\u00e4chlich auf die pers\u00f6nliche Erfahrungsakkumulation auswirken, l\u00e4sst sich der ma\u00dfgebende Einfluss der sozialen Strukturen auf die \u00e4sthetische Erfahrung mit der Erfahrungsselektion charakterisieren. Der individuellen Ged\u00e4chtniskonstruktion durch die pers\u00f6nliche Erfahrungsakkumulation steht als Pendant die gemeinsame Konstruktion eines kulturellen Ged\u00e4chtnisses (vgl. Assmann, 1992, 1992) durch die langfristige&hellip;<\/span><\/div><div class=\"cprp_tags\">Tags: erfahrung, design, strategien<\/div><\/div><\/li><\/ul><\/div><div style=\"clear:both;\"><\/div>","protected":false},"excerpt":{"rendered":"<p>6 Strategien f\u00fcr Design in Korrespondenz zur antizipierenden Komponente \u00e4sthetischer Erfahrung :: Mehr zum Thema ::6.3 \u00c4sthetische Strategien f\u00fcr Design in Korrespondenz zu antizipierenden OrganisationsoptionenMit der Entscheidung f\u00fcr eine der beiden besonders bedeutsamen Organisationsoptionen f\u00fcr die \u00e4sthetische Erfahrung geht die&hellip;  <\/p>\n<p class=\"more-link\"><a href=\"http:\/\/www.vrabek.de\/design\/6-antizipierendes\/\">Continue reading <span class=\"meta-nav\">&rarr;<\/span><\/a><\/p>\n","protected":false},"author":1,"featured_media":0,"parent":0,"menu_order":0,"comment_status":"closed","ping_status":"closed","template":"","meta":[],"_links":{"self":[{"href":"http:\/\/www.vrabek.de\/design\/wp-json\/wp\/v2\/pages\/65"}],"collection":[{"href":"http:\/\/www.vrabek.de\/design\/wp-json\/wp\/v2\/pages"}],"about":[{"href":"http:\/\/www.vrabek.de\/design\/wp-json\/wp\/v2\/types\/page"}],"author":[{"embeddable":true,"href":"http:\/\/www.vrabek.de\/design\/wp-json\/wp\/v2\/users\/1"}],"replies":[{"embeddable":true,"href":"http:\/\/www.vrabek.de\/design\/wp-json\/wp\/v2\/comments?post=65"}],"version-history":[{"count":1,"href":"http:\/\/www.vrabek.de\/design\/wp-json\/wp\/v2\/pages\/65\/revisions"}],"predecessor-version":[{"id":66,"href":"http:\/\/www.vrabek.de\/design\/wp-json\/wp\/v2\/pages\/65\/revisions\/66"}],"wp:attachment":[{"href":"http:\/\/www.vrabek.de\/design\/wp-json\/wp\/v2\/media?parent=65"}],"curies":[{"name":"wp","href":"https:\/\/api.w.org\/{rel}","templated":true}]}}