{"id":61,"date":"2020-11-26T22:30:00","date_gmt":"2020-11-26T21:30:00","guid":{"rendered":"http:\/\/www.vrabek.de\/design\/?page_id=61"},"modified":"2020-12-29T14:48:24","modified_gmt":"2020-12-29T13:48:24","slug":"4-soziales","status":"publish","type":"page","link":"http:\/\/www.vrabek.de\/design\/4-soziales\/","title":{"rendered":"4 Soziales"},"content":{"rendered":"<p>4 Kriterien f\u00fcr Design in Korrespondenz zur sozialen Komponente \u00e4sthetischer Erfahrung<\/p>\n<h2 class=\"cprp_section_title\">:: Mehr zum Thema ::<\/h2><div class=\"cprp_items list \"><ul><li><div class=\"cprp_data\"><div class=\"cprp_title\"><a href=\"http:\/\/www.vrabek.de\/design\/4-soziales\/4-3-aesthetische-kriterien-fuer-design-in-korrespondenz-zu-sozialen-organisationsstrukturen\/\" title=\"4.3 \u00c4sthetische Kriterien f\u00fcr Design in Korrespondenz zu sozialen Organisationsstrukturen\">4.3 \u00c4sthetische Kriterien f\u00fcr Design in Korrespondenz zu sozialen Organisationsstrukturen<\/a><\/div><div class=\"cprp_excerpt\"><span class=\"cprp_excerpt_content\">Aufgrund der zuvor dargestellten Korrespondenz von Design und sozialen Organisationsstrukturen kann im Folgenden untersucht werden, in welcher Weise die typischen sozialen Strukturen als Akzentuierungen der sozial bedingte Komponenten die Erfahrungsdynamik und die \u00e4sthetische Erfahrung beeinflussen und welche \u00e4sthetischen Kriterien f\u00fcr das jeweils entsprechende Potential von Design abzuleiten sind. Der Grundaufbau&hellip;<\/span><\/div><div class=\"cprp_tags\">Tags: design, sozialen, kriterien, erfahrung, korrespondenz, \u00e4sthetischer<\/div><\/div><\/li><li><div class=\"cprp_data\"><div class=\"cprp_title\"><a href=\"http:\/\/www.vrabek.de\/design\/4-soziales\/4-3-aesthetische-kriterien-fuer-design-in-korrespondenz-zu-sozialen-organisationsstrukturen\/4-3-1-subprozesse-im-teilprozess-der-konvention\/\" title=\"4.3.1 Subprozesse im Teilprozess der Konvention\">4.3.1 Subprozesse im Teilprozess der Konvention<\/a><\/div><div class=\"cprp_excerpt\"><span class=\"cprp_excerpt_content\">Eine soziale Organisation festigt und verdinglicht sich als soziale Wirklichkeit, durch die Konventionen, die mit ihr in Zusammenhang stehen. Der soziale Teilprozess der Ausbildung von Konventionen definiert ein soziales System strukturell, zeitbezogen und inhaltlich. Dementsprechend kann es weiter untergliedert werden. Grundlegend f\u00fcr die strukturelle Ausrichtung des Kommunikationsflusses in einem sozialen&hellip;<\/span><\/div><div class=\"cprp_tags\">Tags: sozialen, erfahrung, soziales<\/div><\/div><\/li><li><div class=\"cprp_data\"><div class=\"cprp_title\"><a href=\"http:\/\/www.vrabek.de\/design\/4-soziales\/4-3-aesthetische-kriterien-fuer-design-in-korrespondenz-zu-sozialen-organisationsstrukturen\/4-3-2-subprozesse-im-teilprozess-der-partizipation\/\" title=\"4.3.2 Subprozesse im Teilprozess der Partizipation\">4.3.2 Subprozesse im Teilprozess der Partizipation<\/a><\/div><div class=\"cprp_excerpt\"><span class=\"cprp_excerpt_content\">Ein weiterer Teilprozess, der die kommunikative Dimension der Erfahrung beeinflusst, ist die Partizipation. Die Erhaltung einer sozialen Organisationsstruktur erfordert die Mitwirkung von sozialen Akteuren. Auch dieser Prozess ist in drei Subprozesse zu gliedern. Der erste Subprozess kann als Eingliederung gekennzeichnet werden. Hierbei ist darauf zu achten, die bestehende Struktur nicht&hellip;<\/span><\/div><div class=\"cprp_tags\">Tags: sozialen, erfahrung<\/div><\/div><\/li><li><div class=\"cprp_data\"><div class=\"cprp_title\"><a href=\"http:\/\/www.vrabek.de\/design\/4-soziales\/4-3-aesthetische-kriterien-fuer-design-in-korrespondenz-zu-sozialen-organisationsstrukturen\/4-3-3-subprozesse-im-teilprozess-der-kooperation\/\" title=\"4.3.3 Subprozesse im Teilprozess der Kooperation\">4.3.3 Subprozesse im Teilprozess der Kooperation<\/a><\/div><div class=\"cprp_excerpt\"><span class=\"cprp_excerpt_content\">Jede dauerhafte Orientierung an einer typischen Organisationsstruktur wirkt auf die mitmenschliche Kooperation der Beteiligten oder auch auf die Einsch\u00e4tzung von an anderen Strukturen orientierten Mitmenschen zur\u00fcck. Deshalb ist als dritter Teilprozess zur Erfassung der sozialen Bedingtheit von Erfahrung die Kooperation zu untersuchen. Auch dieser Prozess kann durch drei Subprozesse untergliedert&hellip;<\/span><\/div><div class=\"cprp_tags\">Tags: erfahrung, sozialen<\/div><\/div><\/li><\/ul><\/div><div style=\"clear:both;\"><\/div>","protected":false},"excerpt":{"rendered":"<p>4 Kriterien f\u00fcr Design in Korrespondenz zur sozialen Komponente \u00e4sthetischer Erfahrung :: Mehr zum Thema ::4.3 \u00c4sthetische Kriterien f\u00fcr Design in Korrespondenz zu sozialen OrganisationsstrukturenAufgrund der zuvor dargestellten Korrespondenz von Design und sozialen Organisationsstrukturen kann im Folgenden untersucht werden, in&hellip;  <\/p>\n<p class=\"more-link\"><a href=\"http:\/\/www.vrabek.de\/design\/4-soziales\/\">Continue reading <span class=\"meta-nav\">&rarr;<\/span><\/a><\/p>\n","protected":false},"author":1,"featured_media":0,"parent":0,"menu_order":0,"comment_status":"closed","ping_status":"closed","template":"","meta":[],"_links":{"self":[{"href":"http:\/\/www.vrabek.de\/design\/wp-json\/wp\/v2\/pages\/61"}],"collection":[{"href":"http:\/\/www.vrabek.de\/design\/wp-json\/wp\/v2\/pages"}],"about":[{"href":"http:\/\/www.vrabek.de\/design\/wp-json\/wp\/v2\/types\/page"}],"author":[{"embeddable":true,"href":"http:\/\/www.vrabek.de\/design\/wp-json\/wp\/v2\/users\/1"}],"replies":[{"embeddable":true,"href":"http:\/\/www.vrabek.de\/design\/wp-json\/wp\/v2\/comments?post=61"}],"version-history":[{"count":1,"href":"http:\/\/www.vrabek.de\/design\/wp-json\/wp\/v2\/pages\/61\/revisions"}],"predecessor-version":[{"id":62,"href":"http:\/\/www.vrabek.de\/design\/wp-json\/wp\/v2\/pages\/61\/revisions\/62"}],"wp:attachment":[{"href":"http:\/\/www.vrabek.de\/design\/wp-json\/wp\/v2\/media?parent=61"}],"curies":[{"name":"wp","href":"https:\/\/api.w.org\/{rel}","templated":true}]}}