{"id":54,"date":"2015-11-26T22:26:35","date_gmt":"2015-11-26T21:26:35","guid":{"rendered":"http:\/\/www.vrabek.de\/design\/?page_id=54"},"modified":"2018-10-05T11:41:40","modified_gmt":"2018-10-05T09:41:40","slug":"3-subliminales","status":"publish","type":"page","link":"http:\/\/www.vrabek.de\/design\/3-subliminales\/","title":{"rendered":"3 Subliminales"},"content":{"rendered":"<p>3 Kriterien f\u00fcr Design in Korrespondenz zur subliminalen Komponente \u00e4sthetischer Erfahrung<\/p>\n<h2 class=\"cprp_section_title\">:: Mehr zum Thema ::<\/h2><div class=\"cprp_items list \"><ul><li><div class=\"cprp_data\"><div class=\"cprp_title\"><a href=\"http:\/\/www.vrabek.de\/design\/3-subliminales\/3-3-aesthetische-kriterien-fuer-design-in-korrespondenz-zu-subliminalen-organisationstendenzen\/\" title=\"3.3 \u00c4sthetische Kriterien f\u00fcr Design in Korrespondenz zu subliminalen Organisationstendenzen\">3.3 \u00c4sthetische Kriterien f\u00fcr Design in Korrespondenz zu subliminalen Organisationstendenzen<\/a><\/div><div class=\"cprp_excerpt\"><span class=\"cprp_excerpt_content\">Wie oben hergeleitet, umfasst die Funktion der subliminalen Reizorganisation mehr als nur die quantitative Entlastung des Bewusstseins Subliminale Tendenzen beeinflussen auch die Qualit\u00e4t der bewussten \u00e4sthetischen Erfahrung. Dies gilt ebenso f\u00fcr die Pers\u00f6nlichkeit der Designer selbst. F\u00fcr sie ist es wichtig, mittels distanzierter, differenzierter Analysen subjektive Pr\u00e4gungen ihrer \u00e4sthetischen Konzepte&hellip;<\/span><\/div><div class=\"cprp_tags\">Tags: design, subliminalen, erfahrung, kriterien, korrespondenz, komponente, \u00e4sthetischer<\/div><\/div><\/li><li><div class=\"cprp_data\"><div class=\"cprp_title\"><a href=\"http:\/\/www.vrabek.de\/design\/3-subliminales\/3-3-aesthetische-kriterien-fuer-design-in-korrespondenz-zu-subliminalen-organisationstendenzen\/3-3-1-subprozesse-im-teilprozess-der-motivation\/\" title=\"3.3.1 Subprozesse im Teilprozess der Motivation\">3.3.1 Subprozesse im Teilprozess der Motivation<\/a><\/div><div class=\"cprp_excerpt\"><span class=\"cprp_excerpt_content\">Je nach psychologischem Ansatz erh\u00e4lt der Begriff Motivation, als Wille, Drang, Trieb zu handeln, eine andere Bedeutung. Freud hielt den Sexualtrieb f\u00fcr zentral, Adler den Macht- und Geltungstrieb. Sp\u00e4ter entstanden dualistische Theorien, die einen r\u00fcckw\u00e4rts oder nach innen gerichteten und einen vorw\u00e4rts, nach Neuem strebenden Trieb annahmen. Auch der egoistische&hellip;<\/span><\/div><div class=\"cprp_tags\">Tags: subliminalen<\/div><\/div><\/li><li><div class=\"cprp_data\"><div class=\"cprp_title\"><a href=\"http:\/\/www.vrabek.de\/design\/3-subliminales\/3-3-aesthetische-kriterien-fuer-design-in-korrespondenz-zu-subliminalen-organisationstendenzen\/3-3-2-subprozesse-im-teilprozess-der-kognition\/\" title=\"3.3.2 Subprozesse im Teilprozess der Kognition\">3.3.2 Subprozesse im Teilprozess der Kognition<\/a><\/div><div class=\"cprp_excerpt\"><span class=\"cprp_excerpt_content\">Der Kognitionsbegriff nimmt seit seinem Aufkommen in den sechziger Jahren eine zentrale Rolle in der Psychologie und in anderen Wissenschaften ein. Die Begriffsdefinitionen sind vielf\u00e4ltig und reichen von der sehr engen Bezeichnung der h\u00f6heren geistigen F\u00e4higkeiten zu weiten Begriffsfeldern wie bei Maturana. Im vorliegenden Zusammenhang reicht es aus, das Bedeutungsfeld&hellip;<\/span><\/div><div class=\"cprp_tags\">Tags: kriterien, erfahrung, subliminalen<\/div><\/div><\/li><li><div class=\"cprp_data\"><div class=\"cprp_title\"><a href=\"http:\/\/www.vrabek.de\/design\/3-subliminales\/3-3-aesthetische-kriterien-fuer-design-in-korrespondenz-zu-subliminalen-organisationstendenzen\/3-3-3-subprozesse-im-teilprozess-der-emotion\/\" title=\"3.3.3 Subprozesse im Teilprozess der Emotion\">3.3.3 Subprozesse im Teilprozess der Emotion<\/a><\/div><div class=\"cprp_excerpt\"><span class=\"cprp_excerpt_content\">Der psychische Bereich der Emotion hat zum einen die Funktion der abschlie\u00dfenden Bewertung einer Verhaltenssequenz und zum anderen die Funktion deren Verankerung im Erfahrungshintergrund. Das Ged\u00e4chtnis kann emotional gef\u00e4rbte Erinnerungen leichter reaktivieren und das Wertungsergebnis bleibt mit der Erinnerung an die vorhergehende Aktion verbunden und flie\u00dft wiederum in die Motivation&hellip;<\/span><\/div><div class=\"cprp_tags\">Tags: design, kriterien<\/div><\/div><\/li><\/ul><\/div><div style=\"clear:both;\"><\/div>","protected":false},"excerpt":{"rendered":"<p>3 Kriterien f\u00fcr Design in Korrespondenz zur subliminalen Komponente \u00e4sthetischer Erfahrung :: Mehr zum Thema ::3.3 \u00c4sthetische Kriterien f\u00fcr Design in Korrespondenz zu subliminalen OrganisationstendenzenWie oben hergeleitet, umfasst die Funktion der subliminalen Reizorganisation mehr als nur die quantitative Entlastung des&hellip;  <\/p>\n<p class=\"more-link\"><a href=\"http:\/\/www.vrabek.de\/design\/3-subliminales\/\">Continue reading <span class=\"meta-nav\">&rarr;<\/span><\/a><\/p>\n","protected":false},"author":1,"featured_media":0,"parent":0,"menu_order":0,"comment_status":"closed","ping_status":"closed","template":"","meta":[],"_links":{"self":[{"href":"http:\/\/www.vrabek.de\/design\/wp-json\/wp\/v2\/pages\/54"}],"collection":[{"href":"http:\/\/www.vrabek.de\/design\/wp-json\/wp\/v2\/pages"}],"about":[{"href":"http:\/\/www.vrabek.de\/design\/wp-json\/wp\/v2\/types\/page"}],"author":[{"embeddable":true,"href":"http:\/\/www.vrabek.de\/design\/wp-json\/wp\/v2\/users\/1"}],"replies":[{"embeddable":true,"href":"http:\/\/www.vrabek.de\/design\/wp-json\/wp\/v2\/comments?post=54"}],"version-history":[{"count":2,"href":"http:\/\/www.vrabek.de\/design\/wp-json\/wp\/v2\/pages\/54\/revisions"}],"predecessor-version":[{"id":59,"href":"http:\/\/www.vrabek.de\/design\/wp-json\/wp\/v2\/pages\/54\/revisions\/59"}],"wp:attachment":[{"href":"http:\/\/www.vrabek.de\/design\/wp-json\/wp\/v2\/media?parent=54"}],"curies":[{"name":"wp","href":"https:\/\/api.w.org\/{rel}","templated":true}]}}