{"id":48,"date":"2020-11-19T23:37:00","date_gmt":"2020-11-19T22:37:00","guid":{"rendered":"http:\/\/www.vrabek.de\/design\/?page_id=48"},"modified":"2020-12-29T12:34:29","modified_gmt":"2020-12-29T11:34:29","slug":"2-design-und","status":"publish","type":"page","link":"http:\/\/www.vrabek.de\/design\/2-design-und\/","title":{"rendered":"2 Emotionales"},"content":{"rendered":"<p>2 Hauptkriterien f\u00fcr Design in Korrespondenz zur gef\u00fchlsbezogenen Komponente \u00e4sthetischer Erfahrung<\/p>\n<h2 class=\"cprp_section_title\">:: Mehr zum Thema ::<\/h2><div class=\"cprp_items list \"><ul><li><div class=\"cprp_data\"><div class=\"cprp_title\"><a href=\"http:\/\/www.vrabek.de\/design\/2-design-und\/2-3-aesthetische-hauptkriterien-fuer-design-in-korrespondenz-zu-bewussten-organisationsqualitaeten\/\" title=\"2.3 \u00c4sthetische Hauptkriterien f\u00fcr Design in Korrespondenz zu bewussten Organisationsqualit\u00e4ten\">2.3 \u00c4sthetische Hauptkriterien f\u00fcr Design in Korrespondenz zu bewussten Organisationsqualit\u00e4ten<\/a><\/div><div class=\"cprp_excerpt\"><span class=\"cprp_excerpt_content\">Die bewussten Organisationsqualit\u00e4ten als gef\u00fchlsbezogene Akzentuierung \u00e4sthetischer Erfahrung werden in der folgenden detaillierten Analyse hinsichtlich drei Dimensionen des Selbstkonzepts untersucht. Es werden Hauptkriterien benannt, die f\u00fcr das Zustandekommen der jeweiligen bewussten Organisationsqualit\u00e4t relevant sind. Je nach subjektiver Ausrichtung des Selbstkonzepts und des prim\u00e4ren Gef\u00fchlsbezugs auf eine Dimension und deren Gewichtung&hellip;<\/span><\/div><div class=\"cprp_tags\">Tags: hauptkriterien, design<\/div><\/div><\/li><li><div class=\"cprp_data\"><div class=\"cprp_title\"><a href=\"http:\/\/www.vrabek.de\/design\/2-design-und\/2-3-aesthetische-hauptkriterien-fuer-design-in-korrespondenz-zu-bewussten-organisationsqualitaeten\/2-3-1-hauptkriterien-zur-dimension-der-selbstreflexion\/\" title=\"2.3.1 Hauptkriterien zur Dimension der Selbstreflexion\">2.3.1 Hauptkriterien zur Dimension der Selbstreflexion<\/a><\/div><div class=\"cprp_excerpt\"><span class=\"cprp_excerpt_content\">Der Erfahrungsbereich des pers\u00f6nlichen Selbst als ein Referenzbereich des Selbstkonzepts wird durch Selbstreflexion erschlossen und mitkonstruiert. Als bedingende Einflussgr\u00f6\u00dfen hierf\u00fcr sind insbesondere die subliminalen Organisationstendenzen zu ber\u00fccksichtigen (vgl. Kapitel 3). Selbstverwirklichung und bewusst erlebte Lebensqualit\u00e4t wird unter diesem Schwerpunkt haupts\u00e4chlich als St\u00e4rkung, Vertiefung und Erweiterung des inneren Selbst verstanden. Durch&hellip;<\/span><\/div><div class=\"cprp_tags\">Tags: hauptkriterien<\/div><\/div><\/li><li><div class=\"cprp_data\"><div class=\"cprp_title\"><a href=\"http:\/\/www.vrabek.de\/design\/2-design-und\/2-3-aesthetische-hauptkriterien-fuer-design-in-korrespondenz-zu-bewussten-organisationsqualitaeten\/2-3-2-hauptkriterien-zur-dimension-der-kommunikation\/\" title=\"2.3.2 Hauptkriterien zur Dimension der Kommunikation\">2.3.2 Hauptkriterien zur Dimension der Kommunikation<\/a><\/div><div class=\"cprp_excerpt\"><span class=\"cprp_excerpt_content\">Nach der Analyse der Ausrichtung des Selbstkonzepts auf das innerliche Selbst, das in erster Linie durch Selbstreflexion zug\u00e4nglich ist, wird im Anschluss die zweite Dimension des Selbstkonzepts, die an den Mitmenschen ausgerichtet ist und durch Kommunikation entfaltet wird, untersucht. W\u00e4hrend diese Dimension hier nur als eine von weiteren Dimensionen betrachtet&hellip;<\/span><\/div><div class=\"cprp_tags\">Tags: erfahrung, hauptkriterien<\/div><\/div><\/li><li><div class=\"cprp_data\"><div class=\"cprp_title\"><a href=\"http:\/\/www.vrabek.de\/design\/2-design-und\/2-3-aesthetische-hauptkriterien-fuer-design-in-korrespondenz-zu-bewussten-organisationsqualitaeten\/2-3-3-hauptkriterien-zur-dimension-der-interaktion\/\" title=\"2.3.3 Hauptkriterien zur Dimension der Interaktion\">2.3.3 Hauptkriterien zur Dimension der Interaktion<\/a><\/div><div class=\"cprp_excerpt\"><span class=\"cprp_excerpt_content\">Die dritte Dimension der schwerpunktm\u00e4\u00dfigen Ausrichtung der bewussten Organisationsqualit\u00e4ten und des Selbstkonzepts ergibt sich aus der Interaktion mit der Welt. Diese Dimension ist die elementarste und liegt der Selbstreflexion, welche die Erschlie\u00dfung und Entwicklung des inneren Selbst betrifft sowie der Kommunikation, welche die Beziehung zu den Mitmenschen erfasst, zugrunde. Sie&hellip;<\/span><\/div><div class=\"cprp_tags\">Tags: erfahrung, design, komponente, hauptkriterien<\/div><\/div><\/li><\/ul><\/div><div style=\"clear:both;\"><\/div>","protected":false},"excerpt":{"rendered":"<p>2 Hauptkriterien f\u00fcr Design in Korrespondenz zur gef\u00fchlsbezogenen Komponente \u00e4sthetischer Erfahrung :: Mehr zum Thema ::2.3 \u00c4sthetische Hauptkriterien f\u00fcr Design in Korrespondenz zu bewussten Organisationsqualit\u00e4tenDie bewussten Organisationsqualit\u00e4ten als gef\u00fchlsbezogene Akzentuierung \u00e4sthetischer Erfahrung werden in der folgenden detaillierten Analyse hinsichtlich drei&hellip;  <\/p>\n<p class=\"more-link\"><a href=\"http:\/\/www.vrabek.de\/design\/2-design-und\/\">Continue reading <span class=\"meta-nav\">&rarr;<\/span><\/a><\/p>\n","protected":false},"author":1,"featured_media":0,"parent":0,"menu_order":0,"comment_status":"closed","ping_status":"closed","template":"","meta":[],"_links":{"self":[{"href":"http:\/\/www.vrabek.de\/design\/wp-json\/wp\/v2\/pages\/48"}],"collection":[{"href":"http:\/\/www.vrabek.de\/design\/wp-json\/wp\/v2\/pages"}],"about":[{"href":"http:\/\/www.vrabek.de\/design\/wp-json\/wp\/v2\/types\/page"}],"author":[{"embeddable":true,"href":"http:\/\/www.vrabek.de\/design\/wp-json\/wp\/v2\/users\/1"}],"replies":[{"embeddable":true,"href":"http:\/\/www.vrabek.de\/design\/wp-json\/wp\/v2\/comments?post=48"}],"version-history":[{"count":5,"href":"http:\/\/www.vrabek.de\/design\/wp-json\/wp\/v2\/pages\/48\/revisions"}],"predecessor-version":[{"id":58,"href":"http:\/\/www.vrabek.de\/design\/wp-json\/wp\/v2\/pages\/48\/revisions\/58"}],"wp:attachment":[{"href":"http:\/\/www.vrabek.de\/design\/wp-json\/wp\/v2\/media?parent=48"}],"curies":[{"name":"wp","href":"https:\/\/api.w.org\/{rel}","templated":true}]}}