{"id":453,"date":"2015-12-16T21:59:39","date_gmt":"2015-12-16T20:59:39","guid":{"rendered":"http:\/\/www.vrabek.de\/design\/?page_id=453"},"modified":"2018-05-05T15:13:31","modified_gmt":"2018-05-05T13:13:31","slug":"5-3-1-1-kriterien-zum-subprozess-der-erzeugung","status":"publish","type":"page","link":"http:\/\/www.vrabek.de\/design\/5-mediales\/5-3-1-1-kriterien-zum-subprozess-der-erzeugung\/","title":{"rendered":"5.3.1.1 Kriterien zum Subprozess der Erzeugung"},"content":{"rendered":"<p>Im Umgang mit bereits vorgefundenen Medien oder im Teilprozess der Reaktivation, k\u00f6nnen neue Medien durch die Abgrenzung von weiteren Zwischen- oder Verbindungsst\u00fccken erzeugt werden. Jeder typischen medialen Logik entspricht eine besondere Art und Weise der Erzeugung von Medien, die bez\u00fcglich der jeweiligen Erfahrung neu sind. Bisher unbekannte, der organischen Logik unterliegenden Medien werden durch das Kriterium der Erspielbarkeit f\u00fcr die pers\u00f6nliche Erfahrung erzeugt. Neue Medien mit kontextueller Logik werden aufgrund dem Kriterium der Erprobbarkeit gefunden und neue standardisierte Logiken entstehen dann, wenn das Kriterium der Experimentierbarkeit erf\u00fcllt ist.<\/p>\n<h2 class=\"cprp_section_title\">:: Mehr zum Thema ::<\/h2><div class=\"cprp_items list \"><ul><li><div class=\"cprp_data\"><div class=\"cprp_title\"><a href=\"http:\/\/www.vrabek.de\/design\/2015\/12\/16\/zum-kriterium-der-erspielbarkeit-bezueglich-der-organischen-logik\/\" title=\"Erzeugung &gt; Zum Kriterium der \u00bbErspielbarkeit\u00ab bez\u00fcglich der organischen Logik\">Erzeugung > Zum Kriterium der \u00bbErspielbarkeit\u00ab bez\u00fcglich der organischen Logik<\/a><\/div><div class=\"cprp_excerpt\"><a href=\"http:\/\/www.vrabek.de\/design\/2015\/12\/16\/zum-kriterium-der-erspielbarkeit-bezueglich-der-organischen-logik\/\" title=\"Erzeugung &gt; Zum Kriterium der \u00bbErspielbarkeit\u00ab bez\u00fcglich der organischen Logik\"><img src=\"http:\/\/www.vrabek.de\/design\/wp-content\/uploads\/2015\/12\/i_adaptiv.svg\" class=\"cprp_thumbnail\" title=\"Erzeugung &gt; Zum Kriterium der \u00bbErspielbarkeit\u00ab bez\u00fcglich der organischen Logik\" alt=\"Erzeugung &gt; Zum Kriterium der \u00bbErspielbarkeit\u00ab bez\u00fcglich der organischen Logik\" \/><\/a><span class=\"cprp_excerpt_content\">Die elementarste kreative T\u00e4tigkeit ist das Spiel mit dem eigenen K\u00f6rper. Jedes Kleinkind entdeckt und erzeugt spielerisch f\u00fcr sich die Grenzen seines k\u00f6rperlichen Erfahrungsbereiches. Die Logik des H\u00f6rens als einem sinnlichen Medium wird durch die spielerische Produktion von Ger\u00e4uschen ob mit der eigenen Stimme oder k\u00f6rperlichen Interaktionen mit der Welt&hellip;<\/span><\/div><div class=\"cprp_tags\">Tags: logik, medien, erspielbarkeit, abgrenzung, erfahrung, bez\u00fcglich, organischen, kriterium<\/div><\/div><\/li><li><div class=\"cprp_data\"><div class=\"cprp_title\"><a href=\"http:\/\/www.vrabek.de\/design\/2015\/12\/16\/zum-kriterium-der-erprobbarkeit-bezueglich-der-kontextuellen-logik\/\" title=\"Erzeugung &gt; Zum Kriterium der \u00bbErprobbarkeit\u00ab bez\u00fcglich der kontextuellen Logik\">Erzeugung > Zum Kriterium der \u00bbErprobbarkeit\u00ab bez\u00fcglich der kontextuellen Logik<\/a><\/div><div class=\"cprp_excerpt\"><a href=\"http:\/\/www.vrabek.de\/design\/2015\/12\/16\/zum-kriterium-der-erprobbarkeit-bezueglich-der-kontextuellen-logik\/\" title=\"Erzeugung &gt; Zum Kriterium der \u00bbErprobbarkeit\u00ab bez\u00fcglich der kontextuellen Logik\"><img src=\"http:\/\/www.vrabek.de\/design\/wp-content\/uploads\/2015\/12\/i_situativ.svg\" class=\"cprp_thumbnail\" title=\"Erzeugung &gt; Zum Kriterium der \u00bbErprobbarkeit\u00ab bez\u00fcglich der kontextuellen Logik\" alt=\"Erzeugung &gt; Zum Kriterium der \u00bbErprobbarkeit\u00ab bez\u00fcglich der kontextuellen Logik\" \/><\/a><span class=\"cprp_excerpt_content\">Im Unterschied zu organischen Medien sind kontextuelle Medien bereits in irgendeiner Form im Lebensumfeld fixiert. Bei Interaktionen mit Ihnen darf ein bestimmtes Ma\u00df an Zuverl\u00e4ssigkeit erwartet werden. Neben dem Verhalten, das in der Erwartungsbest\u00e4tigung endet, vollzieht sich erprobendes Verhalten, das den Erfahrungshorizont erweitert und verschiedene Arten von Interaktionen mit einem&hellip;<\/span><\/div><div class=\"cprp_tags\">Tags: medien, erfahrung, vorgefundenen, art, organischen, bereits, logik, kriterium, erprobbarkeit, bez\u00fcglich<\/div><\/div><\/li><li><div class=\"cprp_data\"><div class=\"cprp_title\"><a href=\"http:\/\/www.vrabek.de\/design\/2015\/12\/16\/zum-kriterium-der-experimentierbarkeit-bezueglich-der-standardisierten-logik\/\" title=\"Erzeugung &gt; Zum Kriterium der \u00bbExperimentierbarkeit\u00ab bez\u00fcglich der standardisierten Logik\">Erzeugung > Zum Kriterium der \u00bbExperimentierbarkeit\u00ab bez\u00fcglich der standardisierten Logik<\/a><\/div><div class=\"cprp_excerpt\"><a href=\"http:\/\/www.vrabek.de\/design\/2015\/12\/16\/zum-kriterium-der-experimentierbarkeit-bezueglich-der-standardisierten-logik\/\" title=\"Erzeugung &gt; Zum Kriterium der \u00bbExperimentierbarkeit\u00ab bez\u00fcglich der standardisierten Logik\"><img src=\"http:\/\/www.vrabek.de\/design\/wp-content\/uploads\/2015\/12\/i_innovativ-1.svg\" class=\"cprp_thumbnail\" title=\"Erzeugung &gt; Zum Kriterium der \u00bbExperimentierbarkeit\u00ab bez\u00fcglich der standardisierten Logik\" alt=\"Erzeugung &gt; Zum Kriterium der \u00bbExperimentierbarkeit\u00ab bez\u00fcglich der standardisierten Logik\" \/><\/a><span class=\"cprp_excerpt_content\">Im Vergleich zu den bisher untersuchten, Medien ver\u00e4ndernden Aktivit\u00e4ten, ist das Experimentieren am zielgerichtetsten. Es setzt nicht bei Null an, sondern kombiniert verschiedene Medien systematisch miteinander, um nachvollziehbare Resultate zu erhalten und neue Standards setzten zu k\u00f6nnen. Spielen oder Erproben sind T\u00e4tigkeit, deren Zweck eher im Tun selbst liegt und&hellip;<\/span><\/div><div class=\"cprp_tags\">Tags: neue, medien, kriterium, experimentierbarkeit, logik, erfahrung, erzeugung, dann, erzeugt<\/div><\/div><\/li><\/ul><\/div><div style=\"clear:both;\"><\/div>","protected":false},"excerpt":{"rendered":"<p>Im Umgang mit bereits vorgefundenen Medien oder im Teilprozess der Reaktivation, k\u00f6nnen neue Medien durch die Abgrenzung von weiteren Zwischen- oder Verbindungsst\u00fccken erzeugt werden. Jeder typischen medialen Logik entspricht eine besondere Art und Weise der Erzeugung von Medien, die bez\u00fcglich&hellip;  <\/p>\n<p class=\"more-link\"><a href=\"http:\/\/www.vrabek.de\/design\/5-mediales\/5-3-1-1-kriterien-zum-subprozess-der-erzeugung\/\">Continue reading <span class=\"meta-nav\">&rarr;<\/span><\/a><\/p>\n","protected":false},"author":1,"featured_media":0,"parent":63,"menu_order":0,"comment_status":"closed","ping_status":"closed","template":"","meta":[],"_links":{"self":[{"href":"http:\/\/www.vrabek.de\/design\/wp-json\/wp\/v2\/pages\/453"}],"collection":[{"href":"http:\/\/www.vrabek.de\/design\/wp-json\/wp\/v2\/pages"}],"about":[{"href":"http:\/\/www.vrabek.de\/design\/wp-json\/wp\/v2\/types\/page"}],"author":[{"embeddable":true,"href":"http:\/\/www.vrabek.de\/design\/wp-json\/wp\/v2\/users\/1"}],"replies":[{"embeddable":true,"href":"http:\/\/www.vrabek.de\/design\/wp-json\/wp\/v2\/comments?post=453"}],"version-history":[{"count":3,"href":"http:\/\/www.vrabek.de\/design\/wp-json\/wp\/v2\/pages\/453\/revisions"}],"predecessor-version":[{"id":584,"href":"http:\/\/www.vrabek.de\/design\/wp-json\/wp\/v2\/pages\/453\/revisions\/584"}],"up":[{"embeddable":true,"href":"http:\/\/www.vrabek.de\/design\/wp-json\/wp\/v2\/pages\/63"}],"wp:attachment":[{"href":"http:\/\/www.vrabek.de\/design\/wp-json\/wp\/v2\/media?parent=453"}],"curies":[{"name":"wp","href":"https:\/\/api.w.org\/{rel}","templated":true}]}}