{"id":414,"date":"2020-12-16T18:40:00","date_gmt":"2020-12-16T17:40:00","guid":{"rendered":"http:\/\/www.vrabek.de\/design\/?page_id=414"},"modified":"2020-12-29T15:21:11","modified_gmt":"2020-12-29T14:21:11","slug":"6-3-4-strategien-zum-hauptprozess-der-medialen-limitation-von-erfahrung","status":"publish","type":"page","link":"http:\/\/www.vrabek.de\/design\/6-antizipierendes\/6-3-4-strategien-zum-hauptprozess-der-medialen-limitation-von-erfahrung\/","title":{"rendered":"6.3.4 Strategien zum Hauptprozess der medialen Limitation von Erfahrung"},"content":{"rendered":"<p>Unter den bedingenden Komponenten \u00e4sthetischer Erfahrung legt die mediale Komponente die h\u00e4rtesten Bedingungen fest. Ihr Haupteinfluss innerhalb des Zusammenwirkens aller Komponenten wird deshalb als Limitation (<a href=\"\/design\/5-mediales\/5-1-modell-zur-organisationsdynamik-der-medialen-komponente\/5-1-3-kausalitaet-nach-oben-durch-den-hauptprozess-der-limitation\/\">vgl. Kapitel 5.1.3<\/a>) gekennzeichnet. Der K\u00f6rper als Medium begrenzt die m\u00f6gliche gef\u00fchlsbezogene Evaluation und subliminale Akkumulation von Erfahrung. Die Vorstellung, frei wie ein Vogel fliegen zu k\u00f6nnen, ist von Menschen auf direktem Weg, das hei\u00dft ohne die Zwischenschaltung weiterer Medien, nicht konkretisierbar. Die soziale Erfahrungsselektion wird von den Medien dadurch begrenzt, weil sie auf Medien angewiesen ist. Medien erleichtern die zwischenmenschliche Kommunikation durch \u00dcberbr\u00fcckung von Entfernungen und engen sie gleichzeitig auf technisch \u00fcbertragbare Anteile ein. Zudem dienen Medien der Erfahrungsselektion in der Funktion als Tr\u00e4ger- oder Speichermedien. Nur in Form von B\u00fcchern, Bauwerken oder technischen Anlagen wird die soziale Erfahrungsselektion konkret und kann l\u00e4ngerfristig, generations\u00fcbergreifend, auf die umfassendere Erfahrungskreation wirken.<\/p>\n<p>Mit Referenz der antizipierenden Komponente auf den Prozess der Limitation ist zu pr\u00fcfen, wie weit diese Limitation greift, wie mit ihr umzugehen ist, ob sie zu akzeptieren ist oder nicht und ob ihr Einfluss auf die \u00e4sthetische Erfahrung positiv oder negativ zu bewerten ist. Klarzustellen ist in diesem Zusammenhang, dass die Gesamtuntersuchung davon ausgeht, dass die menschliche Wahrnehmung und damit die \u00e4sthetische Erfahrung sich in der Interaktion mit Medien diesen zwar anpasst, jedoch keinesfalls zwangsl\u00e4ufig als von den Medien zunehmend beherrscht verstanden werden muss. Die technischen Bedingungen, welche die Medien vorgeben sind f\u00fcr deren Einfluss auf die Erfahrung nicht allein entscheidend. Ebenso bedeutsam ist das Medien-Schema, das die Erwartungen an den Umgang mit einem Medium repr\u00e4sentiert. Verschiedene Personen k\u00f6nnen zum gleichen Medium unterschiedliche Medien-Schemata entwickeln. Dadurch stehen zunehmend mehr Medien und noch mehr Medien-Schemata f\u00fcr Interaktionen zur Auswahl. Doch ihre Entfaltung h\u00e4ngt vom Verhalten der Menschen, welche diese Medien herstellen und nutzen, ab. Menschen sind keiner Eigendynamik der Medien ausgeliefert, sondern haben Einflussm\u00f6glichkeiten. Zwei alternative Richtungen zur Einflussnahme werden im Folgenden reflektiert.<\/p>\n<p>Soll der Prozess der Limitation im Sinne der resonanten Option durch die interpretative Perspektivit\u00e4t von Design beeinflusst werden, so kann dies durch die Strategie der Einf\u00fcgung geschehen. Gibt dagegen die initiative Option die Richtung der Beeinflussung der medialen Limitation vor, so ist die Strategie der \u00d6ffnung f\u00fcr eine langfristig angelegte Umsetzung durch die emanzipative Perspektivit\u00e4t von Design zu w\u00e4hlen.<\/p>\n<h2 class=\"cprp_section_title\">:: Mehr zum Thema ::<\/h2><div class=\"cprp_items list \"><ul><li><div class=\"cprp_data\"><div class=\"cprp_title\"><a href=\"http:\/\/www.vrabek.de\/design\/2015\/12\/18\/limitation-zur-strategie-der-oeffnung-bezueglich-der-initiativen-option\/\" title=\"Limitation &gt; Zur Strategie der \u00bb\u00d6ffnung\u00ab bez\u00fcglich der initiativen Option\">Limitation > Zur Strategie der \u00bb\u00d6ffnung\u00ab bez\u00fcglich der initiativen Option<\/a><\/div><div class=\"cprp_excerpt\"><a href=\"http:\/\/www.vrabek.de\/design\/2015\/12\/18\/limitation-zur-strategie-der-oeffnung-bezueglich-der-initiativen-option\/\" title=\"Limitation &gt; Zur Strategie der \u00bb\u00d6ffnung\u00ab bez\u00fcglich der initiativen Option\"><img src=\"http:\/\/www.vrabek.de\/design\/wp-content\/uploads\/2016\/02\/i6_emanzipativ.svg\" class=\"cprp_thumbnail\" title=\"Limitation &gt; Zur Strategie der \u00bb\u00d6ffnung\u00ab bez\u00fcglich der initiativen Option\" alt=\"Limitation &gt; Zur Strategie der \u00bb\u00d6ffnung\u00ab bez\u00fcglich der initiativen Option\" \/><\/a><span class=\"cprp_excerpt_content\">Wird die Strategie der \u00d6ffnung gew\u00e4hlt, ist es wichtig, diese mit der Einsicht voranzutreiben, dass jede \u00d6ffnung einer momentan registrierten Limitaion nach einiger Zeit an zun\u00e4chst noch nicht erkennbare, neue Grenzen st\u00f6\u00dft. Dies zeigt beispielsweise die rasante Entwicklung der Informationstechnologie. Kaum sind leistungsf\u00e4higere Speichermedien produktionsreif, wird komplexere Software entwickelt, die&hellip;<\/span><\/div><div class=\"cprp_tags\">Tags: limitation, medium, menschen<\/div><\/div><\/li><li><div class=\"cprp_data\"><div class=\"cprp_title\"><a href=\"http:\/\/www.vrabek.de\/design\/2015\/12\/18\/limitation-zur-strategie-der-einfuegung-bezueglich-der-resonanten-option\/\" title=\"Limitation &gt; Zur Strategie der \u00bbEinf\u00fcgung\u00ab bez\u00fcglich der resonanten Option\">Limitation > Zur Strategie der \u00bbEinf\u00fcgung\u00ab bez\u00fcglich der resonanten Option<\/a><\/div><div class=\"cprp_excerpt\"><a href=\"http:\/\/www.vrabek.de\/design\/2015\/12\/18\/limitation-zur-strategie-der-einfuegung-bezueglich-der-resonanten-option\/\" title=\"Limitation &gt; Zur Strategie der \u00bbEinf\u00fcgung\u00ab bez\u00fcglich der resonanten Option\"><img src=\"http:\/\/www.vrabek.de\/design\/wp-content\/uploads\/2016\/02\/i6_interpretativ.svg\" class=\"cprp_thumbnail\" title=\"Limitation &gt; Zur Strategie der \u00bbEinf\u00fcgung\u00ab bez\u00fcglich der resonanten Option\" alt=\"Limitation &gt; Zur Strategie der \u00bbEinf\u00fcgung\u00ab bez\u00fcglich der resonanten Option\" \/><\/a><span class=\"cprp_excerpt_content\">Der Strategie der Einf\u00fcgung ist dann die bessere Wahl, wenn die Strategie der \u00d6ffnung einen so gro\u00dfen Aufwand erfordern w\u00fcrde, dass f\u00fcr die Nutzung des Mediums keine Zeit bliebe. So verschwenden viele Frauen kostbare Lebenszeit mit Versuchen, ihren K\u00f6rper so zu ver\u00e4ndern, dass er ihrem Medien-Schema von einem sch\u00f6nen K\u00f6rper&hellip;<\/span><\/div><div class=\"cprp_tags\">Tags: medien, limitation, menschen<\/div><\/div><\/li><\/ul><\/div><div style=\"clear:both;\"><\/div>","protected":false},"excerpt":{"rendered":"<p>Unter den bedingenden Komponenten \u00e4sthetischer Erfahrung legt die mediale Komponente die h\u00e4rtesten Bedingungen fest. Ihr Haupteinfluss innerhalb des Zusammenwirkens aller Komponenten wird deshalb als Limitation (vgl. Kapitel 5.1.3) gekennzeichnet. Der K\u00f6rper als Medium begrenzt die m\u00f6gliche gef\u00fchlsbezogene Evaluation und subliminale&hellip;  <\/p>\n<p class=\"more-link\"><a href=\"http:\/\/www.vrabek.de\/design\/6-antizipierendes\/6-3-4-strategien-zum-hauptprozess-der-medialen-limitation-von-erfahrung\/\">Continue reading <span class=\"meta-nav\">&rarr;<\/span><\/a><\/p>\n","protected":false},"author":1,"featured_media":0,"parent":65,"menu_order":0,"comment_status":"closed","ping_status":"closed","template":"","meta":[],"_links":{"self":[{"href":"http:\/\/www.vrabek.de\/design\/wp-json\/wp\/v2\/pages\/414"}],"collection":[{"href":"http:\/\/www.vrabek.de\/design\/wp-json\/wp\/v2\/pages"}],"about":[{"href":"http:\/\/www.vrabek.de\/design\/wp-json\/wp\/v2\/types\/page"}],"author":[{"embeddable":true,"href":"http:\/\/www.vrabek.de\/design\/wp-json\/wp\/v2\/users\/1"}],"replies":[{"embeddable":true,"href":"http:\/\/www.vrabek.de\/design\/wp-json\/wp\/v2\/comments?post=414"}],"version-history":[{"count":3,"href":"http:\/\/www.vrabek.de\/design\/wp-json\/wp\/v2\/pages\/414\/revisions"}],"predecessor-version":[{"id":1435,"href":"http:\/\/www.vrabek.de\/design\/wp-json\/wp\/v2\/pages\/414\/revisions\/1435"}],"up":[{"embeddable":true,"href":"http:\/\/www.vrabek.de\/design\/wp-json\/wp\/v2\/pages\/65"}],"wp:attachment":[{"href":"http:\/\/www.vrabek.de\/design\/wp-json\/wp\/v2\/media?parent=414"}],"curies":[{"name":"wp","href":"https:\/\/api.w.org\/{rel}","templated":true}]}}