{"id":410,"date":"2015-12-16T18:39:05","date_gmt":"2015-12-16T17:39:05","guid":{"rendered":"http:\/\/www.vrabek.de\/design\/?page_id=410"},"modified":"2018-05-05T18:03:42","modified_gmt":"2018-05-05T16:03:42","slug":"6-3-2-strategien-zum-hauptprozess-der-subliminalen-akkumulation-von-erfahrung","status":"publish","type":"page","link":"http:\/\/www.vrabek.de\/design\/6-antizipierendes\/6-3-2-strategien-zum-hauptprozess-der-subliminalen-akkumulation-von-erfahrung\/","title":{"rendered":"6.3.2 Strategien zum Hauptprozess der subliminalen Akkumulation von Erfahrung"},"content":{"rendered":"<p>Innerhalb der selbstorganisierenden Dynamik der subliminalen Organisationstendenzen sammeln sich die wichtigen pers\u00f6nlichen Erfahrungen an und bleiben im subliminalen Hintergrund \u00fcber ihr bewusstes Erleben hinaus wirksam. Hier manifestiert sich die pers\u00f6nliche Historie. Der Erfahrungsschatz bildet einen Referenzbereich, in dem eine Osmose zwischen Erfahrungen die der Motivation, der Kognition und der Emotion sowie den drei Ph\u00e4nomenbereichen, Innenwelt, K\u00f6rpergrenze und Au\u00dfenwelt zuzuordnen sind, stattfindet und durch selbstorganisierende Prozesse weitere subliminale Verhaltenstendenzen erwachsen. Aktuelle Forschungen zur Wissensbildung lassen vermuten, dass im Normalfall eine komplexe Vernetzung und ganzheitliche Speicherung der erworbenen Erfahrungen im Erfahrungshintergrund stattfindet. Die Trennung kognitiver Wissenskomponenten von emotionalen oder motivationalen Anteilen erfolgt erst nach jahrelangem \u00dcben in einem Spezialgebiet.<\/p>\n<p>Dass Ver\u00e4nderungen des Erfahrungshintergrunds im Sinne einer Vertiefung oder Erweiterung keine bewusste, gezielte Entscheidung ben\u00f6tigen und sich aus dem Fluss der somatischen, der introvertierten und der explorativen Tendenz ergeben k\u00f6nnen, zeigt die Beobachtung eines Einzellers auf Nahrungssuche von William H. Calvin. Hat der Einzeller eine Nahrungsquelle gefunden, so bewegt er sich wiederholt kurzzeitig von ihr weg. Auf diese Weise kann er zuf\u00e4llig eine bessere Nahrungsquelle finden. Um dieses Verhalten zu erkl\u00e4ren, ist dem Einzeller weder eine bewusste Absicht zu unterstellen, noch intelligente oder sch\u00f6pferische Kr\u00e4fte zu postulieren, sondern allein der Zufall als ausreichende Begr\u00fcndung annehmen. Analog dazu erkl\u00e4rt sich die menschliche Kreativit\u00e4t als selbstorganisierende Kraft, ohne sie auf mystische Eingebungen von au\u00dfen zur\u00fcckf\u00fchren zu m\u00fcssen. Vielmehr bewegt die neuronale Aktivit\u00e4t in ihrer Gesamtheit von Gehirn und K\u00f6rper den Organismus in seinem Kontext in Referenz zum Erfahrungshintergrund auf ein best\u00e4tigendes sicher einsch\u00e4tzbares, weil bekanntes eventuell zur Vertiefung f\u00fchrendes oder auf ein unsicher bleibendes, weil noch unbekanntes, m\u00f6glicherweise zur Erweiterung anregendes Angebot hin. Die Schaffung geeigneter Angebote im Lebenskontext durch Design erh\u00f6ht die Wahrscheinlichkeit einer Begegnung mit einem vertiefenden oder erweiternden Angebot und wirkt sich somit positiv auf die individuelle qualitative Erfahrungsakkumulation aus.<\/p>\n<p>F\u00fcr die Formung des Erfahrungsschatzes, aus dem sich das Wirklichkeitsverst\u00e4ndnis speist, ist es deshalb entscheidend, welche \u00e4sthetischen Angebote w\u00e4hrend einer Verhaltenstendenz verf\u00fcgbar sind. Sensitives, animatives und impulsives Potential von Design k\u00f6nnen in unterschiedlicher Weise zur qualitativen Erfahrungsakkumulation beitragen. Bez\u00fcglich ihrer Wirkung auf den Erfahrungsschatz ist einerseits die auf die resonante Option abgestimmte Strategie der Vertiefung durch die interpretative Perspektivit\u00e4t von Design zu beachten und andererseits die hinsichtlich der initiativen Option entwickelte Strategie der Erweiterung durch die emanzipative Perspektivit\u00e4t.<\/p>\n<h2 class=\"cprp_section_title\">:: Mehr zum Thema ::<\/h2><div class=\"cprp_items list \"><ul><li><div class=\"cprp_data\"><div class=\"cprp_title\"><a href=\"http:\/\/www.vrabek.de\/design\/2015\/12\/18\/akkumulation-zur-strategie-der-erweiterung-bezueglich-der-initiativen-option\/\" title=\"Akkumulation &gt; Zur Strategie der \u00bbErweiterung\u00ab bez\u00fcglich der initiativen Option\">Akkumulation > Zur Strategie der \u00bbErweiterung\u00ab bez\u00fcglich der initiativen Option<\/a><\/div><div class=\"cprp_excerpt\"><a href=\"http:\/\/www.vrabek.de\/design\/2015\/12\/18\/akkumulation-zur-strategie-der-erweiterung-bezueglich-der-initiativen-option\/\" title=\"Akkumulation &gt; Zur Strategie der \u00bbErweiterung\u00ab bez\u00fcglich der initiativen Option\"><img src=\"http:\/\/www.vrabek.de\/design\/wp-content\/uploads\/2016\/02\/i6_emanzipativ.svg\" class=\"cprp_thumbnail\" title=\"Akkumulation &gt; Zur Strategie der \u00bbErweiterung\u00ab bez\u00fcglich der initiativen Option\" alt=\"Akkumulation &gt; Zur Strategie der \u00bbErweiterung\u00ab bez\u00fcglich der initiativen Option\" \/><\/a><span class=\"cprp_excerpt_content\">Design gem\u00e4\u00df der Strategie der Erweiterung in Korrespondenz zur initiativen Option stellt zun\u00e4chst ein Anschluss zur momentanen Tendenz sowie zum Erfahrungshintergrund her und bietet dann weiterf\u00fchrende Perspektiven an. Vorsicht ist dahingehend geboten, als dieses Vorgehen auch als Verlockungstaktik eingesetzt wird, um einen potentiellen Kunden von seinen eigenen Zielen abzubringen und&hellip;<\/span><\/div><div class=\"cprp_tags\">Tags: design, erweiterung, tendenz, perspektivit\u00e4t, option, initiativen, diese, erfahrungshintergrund, emanzipative, erfahrungshintergrunds<\/div><\/div><\/li><li><div class=\"cprp_data\"><div class=\"cprp_title\"><a href=\"http:\/\/www.vrabek.de\/design\/2015\/12\/18\/akkumulation-zur-strategie-der-vertiefung-bezueglich-der-resonanten-option\/\" title=\"Akkumulation &gt; Zur Strategie der \u00bbVertiefung\u00ab bez\u00fcglich der resonanten Option\">Akkumulation > Zur Strategie der \u00bbVertiefung\u00ab bez\u00fcglich der resonanten Option<\/a><\/div><div class=\"cprp_excerpt\"><a href=\"http:\/\/www.vrabek.de\/design\/2015\/12\/18\/akkumulation-zur-strategie-der-vertiefung-bezueglich-der-resonanten-option\/\" title=\"Akkumulation &gt; Zur Strategie der \u00bbVertiefung\u00ab bez\u00fcglich der resonanten Option\"><img src=\"http:\/\/www.vrabek.de\/design\/wp-content\/uploads\/2016\/02\/i6_interpretativ.svg\" class=\"cprp_thumbnail\" title=\"Akkumulation &gt; Zur Strategie der \u00bbVertiefung\u00ab bez\u00fcglich der resonanten Option\" alt=\"Akkumulation &gt; Zur Strategie der \u00bbVertiefung\u00ab bez\u00fcglich der resonanten Option\" \/><\/a><span class=\"cprp_excerpt_content\">Ohne ein Identit\u00e4tsgef\u00fchl als Erfahrungshintergrund k\u00f6nnen Menschen keine selbstbestimmte Aktivit\u00e4t entwickeln. Sie ben\u00f6tigen daher zur Selbstfindung und Selbstentfaltung durch die Vertiefung des Erfahrungshintergrunds Optionen in Resonanz zu ihrer Wirklichkeit. Zu beachten ist jedoch, dass eine zu starke, nur auf sich selbst bezogene Identit\u00e4t in das zwischenmenschliche Abseits f\u00fchren kann. Deshalb&hellip;<\/span><\/div><div class=\"cprp_tags\">Tags: design, tendenz, vertiefung, subliminalen, erfahrungsakkumulation, erfahrungen, diese, perspektivit\u00e4t, interpretative, erfahrungsschatz<\/div><\/div><\/li><\/ul><\/div><div style=\"clear:both;\"><\/div>","protected":false},"excerpt":{"rendered":"<p>Innerhalb der selbstorganisierenden Dynamik der subliminalen Organisationstendenzen sammeln sich die wichtigen pers\u00f6nlichen Erfahrungen an und bleiben im subliminalen Hintergrund \u00fcber ihr bewusstes Erleben hinaus wirksam. Hier manifestiert sich die pers\u00f6nliche Historie. Der Erfahrungsschatz bildet einen Referenzbereich, in dem eine Osmose&hellip;  <\/p>\n<p class=\"more-link\"><a href=\"http:\/\/www.vrabek.de\/design\/6-antizipierendes\/6-3-2-strategien-zum-hauptprozess-der-subliminalen-akkumulation-von-erfahrung\/\">Continue reading <span class=\"meta-nav\">&rarr;<\/span><\/a><\/p>\n","protected":false},"author":1,"featured_media":0,"parent":65,"menu_order":0,"comment_status":"closed","ping_status":"closed","template":"","meta":[],"_links":{"self":[{"href":"http:\/\/www.vrabek.de\/design\/wp-json\/wp\/v2\/pages\/410"}],"collection":[{"href":"http:\/\/www.vrabek.de\/design\/wp-json\/wp\/v2\/pages"}],"about":[{"href":"http:\/\/www.vrabek.de\/design\/wp-json\/wp\/v2\/types\/page"}],"author":[{"embeddable":true,"href":"http:\/\/www.vrabek.de\/design\/wp-json\/wp\/v2\/users\/1"}],"replies":[{"embeddable":true,"href":"http:\/\/www.vrabek.de\/design\/wp-json\/wp\/v2\/comments?post=410"}],"version-history":[{"count":2,"href":"http:\/\/www.vrabek.de\/design\/wp-json\/wp\/v2\/pages\/410\/revisions"}],"predecessor-version":[{"id":601,"href":"http:\/\/www.vrabek.de\/design\/wp-json\/wp\/v2\/pages\/410\/revisions\/601"}],"up":[{"embeddable":true,"href":"http:\/\/www.vrabek.de\/design\/wp-json\/wp\/v2\/pages\/65"}],"wp:attachment":[{"href":"http:\/\/www.vrabek.de\/design\/wp-json\/wp\/v2\/media?parent=410"}],"curies":[{"name":"wp","href":"https:\/\/api.w.org\/{rel}","templated":true}]}}