{"id":408,"date":"2015-12-16T18:34:29","date_gmt":"2015-12-16T17:34:29","guid":{"rendered":"http:\/\/www.vrabek.de\/design\/?page_id=408"},"modified":"2018-05-05T18:03:02","modified_gmt":"2018-05-05T16:03:02","slug":"6-3-1-strategien-zum-hauptprozess-der-bewussten-evaluation-von-erfahrung","status":"publish","type":"page","link":"http:\/\/www.vrabek.de\/design\/6-antizipierendes\/6-3-aesthetische-strategien-fuer-design-in-korrespondenz-zu-antizipierenden-organisationsoptionen\/6-3-1-strategien-zum-hauptprozess-der-bewussten-evaluation-von-erfahrung\/","title":{"rendered":"6.3.1 Strategien zum Hauptprozess der bewussten Evaluation von Erfahrung"},"content":{"rendered":"<p>W\u00e4hrend der bewussten Erfahrungsevaluation erlebt sich der Mensch als selbstbestimmtes Wesen, das den Anlass seiner Erfahrung kennt und in die Bewertung miteinbezieht. Jede positive, \u00e4sthetische Bewertung von Erfahrung ist von dem gegenw\u00e4rtigen Gef\u00fchl etwas Besonderes zu erleben sowie frei von bedrohender Angst oder innerem Zwang zu sein begleitet. Sie kann den Wunsch nach Wiederholung durch erneute Bezugnahme auf den mit ihr verbundenen Anlass erzeugen. Dieser darf aber nicht zur Sucht ausarten, weil dann das \u00e4sthetische Erleben im Dienst deren Befriedigung stehen und somit instrumentalisiert werden w\u00fcrde. Die \u00e4sthetische Bezugnahme auf den Erfahrungsanlass folgt der freien Zuwendung und keiner zwanghaften Hinf\u00fchrung oder inneren Fixierung. Auch wenn die Wertung nur auf eine der drei markanten Qualit\u00e4ten oder auf eine Dimension des Selbstkonzepts bezogen ist, wird das w\u00e4hrend einer \u00e4sthetischen Erfahrung nicht als Beschr\u00e4nkung oder L\u00fcckenhaftigkeit, sondern als Profilierung erfahren. Denn die Wertung kann sich nur auf die momentanen Bewusstseinsinhalte beziehen. Zwar wirken auch bedingende, subliminale, soziale und mediale Einfl\u00fcsse st\u00e4ndig ein, werden aber nicht bewusst mitreflektiert.<\/p>\n<p>Wie durch viele Beobachtungen von hirngesch\u00e4digten Personen belegt ist, sind sich diese des Fehlens einer Erfahrungsebene nicht bewusst. Nur von au\u00dfen betrachtet scheinen ihre Wirklichkeitskonstruktionen eine L\u00fccke zu haben. Der Film \u00bbZeit des Erwachens\u00ab nach dem Buch von Oliver Sacks gedreht, dokumentiert einf\u00fchlsam, wie Menschen zusammen mit der Bewusstseinsf\u00e4higkeit jede \u00e4sthetische Erfahrungsqualit\u00e4t verlieren und um das Erlebnis des Lebens gebracht sind. Nach jahrzehntelangem Leben ohne Bewusstsein verhilft ein Medikament vor\u00fcbergehend wieder zur Erlebnisf\u00e4higkeit. Die Patienten erwachen gleichsam wie nach einem kurzen Schlaf. Von den vielen Jahren in der Anstalt wissen sie nichts. Sie f\u00fchlen sich, als ob keine Zeit vergangen w\u00e4re, suchen im Spiegel nach ihrem jungen, bekannten Gesicht und freuen sich an ihren alten Lieblingst\u00e4tigkeiten. Hier wird die Konstruiertheit von Wirklichkeit erschreckend deutlich. Doch auch f\u00fcr gesunde Menschen ist zu folgern, dass die Reichweite und die erfahrbare \u00e4sthetische Qualit\u00e4t ihrer Wirklichkeit immer an ihr Bewusstseinspotential gebunden bleibt. Das hei\u00dft, dass die Abwesenheit einer bisher unbekannten positiven \u00e4sthetischen Erfahrung nicht vermisst wird. Erst nachdem sie bewusst erlebt wurde, erscheint im R\u00fcckblick das vorherige, im gewohnten Trott eingebundene Leben leer, zuf\u00e4lligen Erfahrungssplittern folgend und unfrei. Demgegen\u00fcber \u00f6ffnen sowohl die resonante, als auch die initiative Option w\u00e4hlbare Alternativen, die nach der Strategie der Profilierung einerseits oder der Aufkl\u00e4rung andererseits durch Design umzusetzen sind.<\/p>\n<h2 class=\"cprp_section_title\">:: Mehr zum Thema ::<\/h2><div class=\"cprp_items list \"><ul><li><div class=\"cprp_data\"><div class=\"cprp_title\"><a href=\"http:\/\/www.vrabek.de\/design\/2015\/12\/17\/zur-strategie-der-aufklaerung-bezueglich-der-initiativen-option\/\" title=\"Evaluation &gt; Zur Strategie der \u00bbAufkl\u00e4rung\u00ab bez\u00fcglich der initiativen Option\">Evaluation > Zur Strategie der \u00bbAufkl\u00e4rung\u00ab bez\u00fcglich der initiativen Option<\/a><\/div><div class=\"cprp_excerpt\"><a href=\"http:\/\/www.vrabek.de\/design\/2015\/12\/17\/zur-strategie-der-aufklaerung-bezueglich-der-initiativen-option\/\" title=\"Evaluation &gt; Zur Strategie der \u00bbAufkl\u00e4rung\u00ab bez\u00fcglich der initiativen Option\"><img src=\"http:\/\/www.vrabek.de\/design\/wp-content\/uploads\/2016\/02\/i6_emanzipativ.svg\" class=\"cprp_thumbnail\" title=\"Evaluation &gt; Zur Strategie der \u00bbAufkl\u00e4rung\u00ab bez\u00fcglich der initiativen Option\" alt=\"Evaluation &gt; Zur Strategie der \u00bbAufkl\u00e4rung\u00ab bez\u00fcglich der initiativen Option\" \/><\/a><span class=\"cprp_excerpt_content\">W\u00e4hrend die Strategie der Profilierung das Bestehende ausbaut und die gewohnte \u00e4sthetische Erfahrung durch die Schaffung resonanter Optionen best\u00e4rkt, \u00f6ffnet die Strategie der Aufkl\u00e4rung ungewohnte Erfahrungsweisen und fordert die Entscheidungskompetenz der Rezipienten. Diese lernen dadurch, sich nicht von \u00e4sthetischen Angeboten \u00fcberlisten zu lassen, sondern sie bewusst auszuw\u00e4hlen. Aufkl\u00e4rung meint in&hellip;<\/span><\/div><div class=\"cprp_tags\">Tags: aufkl\u00e4rung, strategie, design, diese, qualit\u00e4t, \u00e4sthetische, \u00e4sthetischen, ohne, erfahrung, ob<\/div><\/div><\/li><li><div class=\"cprp_data\"><div class=\"cprp_title\"><a href=\"http:\/\/www.vrabek.de\/design\/2015\/12\/17\/zur-strategie-der-profilierung-bezueglich-der-resonanten-option\/\" title=\"Evaluation &gt; Zur Strategie der \u00bbProfilierung\u00ab bez\u00fcglich der resonanten Option\">Evaluation > Zur Strategie der \u00bbProfilierung\u00ab bez\u00fcglich der resonanten Option<\/a><\/div><div class=\"cprp_excerpt\"><a href=\"http:\/\/www.vrabek.de\/design\/2015\/12\/17\/zur-strategie-der-profilierung-bezueglich-der-resonanten-option\/\" title=\"Evaluation &gt; Zur Strategie der \u00bbProfilierung\u00ab bez\u00fcglich der resonanten Option\"><img src=\"http:\/\/www.vrabek.de\/design\/wp-content\/uploads\/2016\/02\/i6_interpretativ.svg\" class=\"cprp_thumbnail\" title=\"Evaluation &gt; Zur Strategie der \u00bbProfilierung\u00ab bez\u00fcglich der resonanten Option\" alt=\"Evaluation &gt; Zur Strategie der \u00bbProfilierung\u00ab bez\u00fcglich der resonanten Option\" \/><\/a><span class=\"cprp_excerpt_content\">Differenzierte Analysen w\u00e4hrend einer \u00e4sthetischen Erfahrung durchzuf\u00fchren ist beinahe ausgeschlossen, ohne die gegenw\u00e4rtige Erfahrungsqualit\u00e4t zu beeintr\u00e4chtigen. Es ist aber im Anschluss und in Zwischenphasen m\u00f6glich, zu unterscheiden, Schwerpunkte oder sich mit der Zeit ver\u00e4ndernde Vorlieben im pers\u00f6nlichen Erleben zu erkennen. Einzelerfahrungen, die durch bewusste, wiederholte Evaluation aktuell bleiben, k\u00f6nnen wiederum&hellip;<\/span><\/div><div class=\"cprp_tags\">Tags: erfahrung, profilierung, strategie, design, \u00e4sthetischen, diese, \u00e4sthetische, erleben, immer, um<\/div><\/div><\/li><\/ul><\/div><div style=\"clear:both;\"><\/div>","protected":false},"excerpt":{"rendered":"<p>W\u00e4hrend der bewussten Erfahrungsevaluation erlebt sich der Mensch als selbstbestimmtes Wesen, das den Anlass seiner Erfahrung kennt und in die Bewertung miteinbezieht. Jede positive, \u00e4sthetische Bewertung von Erfahrung ist von dem gegenw\u00e4rtigen Gef\u00fchl etwas Besonderes zu erleben sowie frei von&hellip;  <\/p>\n<p class=\"more-link\"><a href=\"http:\/\/www.vrabek.de\/design\/6-antizipierendes\/6-3-aesthetische-strategien-fuer-design-in-korrespondenz-zu-antizipierenden-organisationsoptionen\/6-3-1-strategien-zum-hauptprozess-der-bewussten-evaluation-von-erfahrung\/\">Continue reading <span class=\"meta-nav\">&rarr;<\/span><\/a><\/p>\n","protected":false},"author":1,"featured_media":0,"parent":396,"menu_order":0,"comment_status":"closed","ping_status":"closed","template":"","meta":[],"_links":{"self":[{"href":"http:\/\/www.vrabek.de\/design\/wp-json\/wp\/v2\/pages\/408"}],"collection":[{"href":"http:\/\/www.vrabek.de\/design\/wp-json\/wp\/v2\/pages"}],"about":[{"href":"http:\/\/www.vrabek.de\/design\/wp-json\/wp\/v2\/types\/page"}],"author":[{"embeddable":true,"href":"http:\/\/www.vrabek.de\/design\/wp-json\/wp\/v2\/users\/1"}],"replies":[{"embeddable":true,"href":"http:\/\/www.vrabek.de\/design\/wp-json\/wp\/v2\/comments?post=408"}],"version-history":[{"count":3,"href":"http:\/\/www.vrabek.de\/design\/wp-json\/wp\/v2\/pages\/408\/revisions"}],"predecessor-version":[{"id":600,"href":"http:\/\/www.vrabek.de\/design\/wp-json\/wp\/v2\/pages\/408\/revisions\/600"}],"up":[{"embeddable":true,"href":"http:\/\/www.vrabek.de\/design\/wp-json\/wp\/v2\/pages\/396"}],"wp:attachment":[{"href":"http:\/\/www.vrabek.de\/design\/wp-json\/wp\/v2\/media?parent=408"}],"curies":[{"name":"wp","href":"https:\/\/api.w.org\/{rel}","templated":true}]}}