{"id":369,"date":"2020-12-16T15:46:00","date_gmt":"2020-12-16T14:46:00","guid":{"rendered":"http:\/\/www.vrabek.de\/design\/?page_id=369"},"modified":"2020-12-29T14:51:22","modified_gmt":"2020-12-29T13:51:22","slug":"4-1-1-querkausalitaet-durch-teilprozesse-und-kausalitaet-von-unten-durch-subprozesse","status":"publish","type":"page","link":"http:\/\/www.vrabek.de\/design\/4-soziales\/4-1-modell-zur-organisationsdynamik-der-sozialen-komponente\/4-1-1-querkausalitaet-durch-teilprozesse-und-kausalitaet-von-unten-durch-subprozesse\/","title":{"rendered":"4.1.1 Querkausalit\u00e4t durch Teilprozesse und Kausalit\u00e4t von unten durch Subprozesse"},"content":{"rendered":"<p>Drei Teilprozesse sind f\u00fcr das Zustandekommen, Erhalt und Entwicklung der sozial bedingten Komponente besonders wichtig. Im Verlauf des ersten Prozesses, der Stabilisierung von Konventionen, wird die Thematik der Kommunikation sowie deren Wertung und geplante Entwicklung durch ein zugeh\u00f6riges soziales Systems definiert. Das hei\u00dft, Kern, Grundinhalte und Grenzen eines sozialen Systems werden durch die Konvention bestimmt. Der zweite Teilprozess, die Partizipation, betrifft die Beziehung der sozialen Akteure zu einem sozialen System, also deren Beteiligung an der systemspezifischen Kommunikationsthematik. Der dritte Teilprozess, die Kooperation, erfasst die durch die Orientierung an einem sozialen System mitbedingte Beziehung der Individuen oder sozialen Akteure zueinander, also die R\u00fcckwirkung der kommunikativen Ausrichtung an einem Strukturtyp und deren Einfluss auf die mitmenschliche Begegnung. Alle hervorgehobenen Teilprozesse wechselwirken miteinander. So kann der als gelungen und positiv erfahrene Teilprozess der Kooperation entsprechende Ver\u00e4nderungen am Teilprozess der Konvention mitbewirken.<\/p>\n<p>Alle drei Teilprozesse werden im Verlauf der weiteren Analyse genauer bestimmt und zur weiteren Detaillierung der Analyse der sozial bedingten Komponente \u00e4sthetischer Erfahrung nochmals in drei Subprozesse differenziert. (<a href=\"\/design\/4-soziales\/4-3-aesthetische-kriterien-fuer-design-in-korrespondenz-zu-sozialen-organisationsstrukturen\/\">vgl. Punkt 4.3<\/a>).<\/p>\n","protected":false},"excerpt":{"rendered":"<p>Drei Teilprozesse sind f\u00fcr das Zustandekommen, Erhalt und Entwicklung der sozial bedingten Komponente besonders wichtig. Im Verlauf des ersten Prozesses, der Stabilisierung von Konventionen, wird die Thematik der Kommunikation sowie deren Wertung und geplante Entwicklung durch ein zugeh\u00f6riges soziales Systems&hellip;  <\/p>\n<p class=\"more-link\"><a href=\"http:\/\/www.vrabek.de\/design\/4-soziales\/4-1-modell-zur-organisationsdynamik-der-sozialen-komponente\/4-1-1-querkausalitaet-durch-teilprozesse-und-kausalitaet-von-unten-durch-subprozesse\/\">Continue reading <span class=\"meta-nav\">&rarr;<\/span><\/a><\/p>\n","protected":false},"author":1,"featured_media":0,"parent":349,"menu_order":0,"comment_status":"closed","ping_status":"closed","template":"","meta":[],"_links":{"self":[{"href":"http:\/\/www.vrabek.de\/design\/wp-json\/wp\/v2\/pages\/369"}],"collection":[{"href":"http:\/\/www.vrabek.de\/design\/wp-json\/wp\/v2\/pages"}],"about":[{"href":"http:\/\/www.vrabek.de\/design\/wp-json\/wp\/v2\/types\/page"}],"author":[{"embeddable":true,"href":"http:\/\/www.vrabek.de\/design\/wp-json\/wp\/v2\/users\/1"}],"replies":[{"embeddable":true,"href":"http:\/\/www.vrabek.de\/design\/wp-json\/wp\/v2\/comments?post=369"}],"version-history":[{"count":3,"href":"http:\/\/www.vrabek.de\/design\/wp-json\/wp\/v2\/pages\/369\/revisions"}],"predecessor-version":[{"id":1422,"href":"http:\/\/www.vrabek.de\/design\/wp-json\/wp\/v2\/pages\/369\/revisions\/1422"}],"up":[{"embeddable":true,"href":"http:\/\/www.vrabek.de\/design\/wp-json\/wp\/v2\/pages\/349"}],"wp:attachment":[{"href":"http:\/\/www.vrabek.de\/design\/wp-json\/wp\/v2\/media?parent=369"}],"curies":[{"name":"wp","href":"https:\/\/api.w.org\/{rel}","templated":true}]}}