{"id":357,"date":"2015-12-16T15:36:28","date_gmt":"2015-12-16T14:36:28","guid":{"rendered":"http:\/\/www.vrabek.de\/design\/?page_id=357"},"modified":"2018-10-04T16:01:50","modified_gmt":"2018-10-04T14:01:50","slug":"4-3-2-subprozesse-im-teilprozess-der-partizipation","status":"publish","type":"page","link":"http:\/\/www.vrabek.de\/design\/4-soziales\/4-3-aesthetische-kriterien-fuer-design-in-korrespondenz-zu-sozialen-organisationsstrukturen\/4-3-2-subprozesse-im-teilprozess-der-partizipation\/","title":{"rendered":"4.3.2 Subprozesse im Teilprozess der Partizipation"},"content":{"rendered":"<p>Ein weiterer Teilprozess, der die kommunikative Dimension der Erfahrung beeinflusst, ist die Partizipation. Die Erhaltung einer sozialen Organisationsstruktur erfordert die Mitwirkung von sozialen Akteuren. Auch dieser Prozess ist in drei Subprozesse zu gliedern. Der erste Subprozess kann als Eingliederung gekennzeichnet werden. Hierbei ist darauf zu achten, die bestehende Struktur nicht durch beliebige Kommunikationsbeitr\u00e4ge zu gef\u00e4hrden. Deshalb werden je nach Strukturtyp schw\u00e4chere oder strengere Beteiligungsvorgaben aufgebaut. Zudem entwickelt jeder Strukturtyp in einem zweiten Subprozess bestimmte Anforderungen an die wesentliche Art und Weise, in der die sozialen Akteure ihre Beteiligung ausrichten sollen. Neben den Anforderungen bietet jeder Strukturtyp den Akteuren auch eine Belohnung an, welche die Mitwirkung an dem System attraktiv macht und als dritter Subprozess zu differenzieren ist.<\/p>\n<h2 class=\"cprp_section_title\">:: Mehr zum Thema ::<\/h2><div class=\"cprp_items list \"><ul><li><div class=\"cprp_data\"><div class=\"cprp_title\"><a href=\"http:\/\/www.vrabek.de\/design\/4-soziales\/4-3-aesthetische-kriterien-fuer-design-in-korrespondenz-zu-sozialen-organisationsstrukturen\/4-3-2-subprozesse-im-teilprozess-der-partizipation\/4-3-2-1-kriterien-zum-subprozess-der-eingliederung\/\" title=\"4.3.2.1 Kriterien zum Subprozess der Eingliederung\">4.3.2.1 Kriterien zum Subprozess der Eingliederung<\/a><\/div><div class=\"cprp_excerpt\"><span class=\"cprp_excerpt_content\">Den drei untersuchten Strukturtypen l\u00e4sst sich jeweils eine besonders erfolgreiche und bevorzugte Methode zuordnen, nach der neu hinzukommende, an der Partizipation interessierte soziale Akteure, seien es Kinder, Immigranten, Berufswechsler usw., selektiert und eingegliedert werden. Obgleich kein soziales System ohne die Mitwirkung individueller Akteure bestehen kann und st\u00e4ndig weitere Individuen f\u00fcr&hellip;<\/span><\/div><div class=\"cprp_tags\">Tags: struktur, partizipation, system, akteure, subprozess, eingliederung, beteiligungsvorgaben, bestimmte, strukturtyp, je<\/div><\/div><\/li><li><div class=\"cprp_data\"><div class=\"cprp_title\"><a href=\"http:\/\/www.vrabek.de\/design\/4-soziales\/4-3-aesthetische-kriterien-fuer-design-in-korrespondenz-zu-sozialen-organisationsstrukturen\/4-3-2-subprozesse-im-teilprozess-der-partizipation\/4-3-2-2-kriterien-zum-subprozess-der-anforderung\/\" title=\"4.3.2.2 Kriterien zum Subprozess der Anforderung\">4.3.2.2 Kriterien zum Subprozess der Anforderung<\/a><\/div><div class=\"cprp_excerpt\"><span class=\"cprp_excerpt_content\">Im zweiten Subprozess im Teilprozess der Partizipation, der Anforderung, entwickelt jedes soziale System entsprechend seiner typischen Organisationsstruktur bestimmte H\u00fcrden, deren Bew\u00e4ltigung von den Beteiligungswilligen verlangt wird. Diesen Anforderungen nachzukommen kann beispielsweise in Bezug auf die hierarchischen Struktur einen so gro\u00dfen Teil der Erfahrung beanspruchen, dass f\u00fcr das Ausleben anderer Erfahrungsdimensionen&hellip;<\/span><\/div><div class=\"cprp_tags\">Tags: subprozess, struktur, erfahrung, anforderungen, strukturtyp, partizipation, bietet, dritter, akteure, belohnung<\/div><\/div><\/li><li><div class=\"cprp_data\"><div class=\"cprp_title\"><a href=\"http:\/\/www.vrabek.de\/design\/4-soziales\/4-3-aesthetische-kriterien-fuer-design-in-korrespondenz-zu-sozialen-organisationsstrukturen\/4-3-2-subprozesse-im-teilprozess-der-partizipation\/4-3-2-3-kriterien-zum-subprozess-der-belohnung\/\" title=\"4.3.2.3 Kriterien zum Subprozess der Belohnung\">4.3.2.3 Kriterien zum Subprozess der Belohnung<\/a><\/div><div class=\"cprp_excerpt\"><span class=\"cprp_excerpt_content\">Die Orientierung an jedem der drei Strukturtypen kann in Anbetracht unterschiedlicher Neigungen oder Befindlichkeiten von Menschen attraktiv sein. Deshalb ist nach dem Subprozess der Anforderung als dritter Subprozess des Teilprozesses der Partizipation die Belohnung zu differenzieren. So liegt die Beteiligung an einer polyvalenten Struktur sicher einem Menschen mit ausgepr\u00e4gter explorativer&hellip;<\/span><\/div><div class=\"cprp_tags\">Tags: struktur, belohnung, subprozess, erfahrung, strukturtyp, partizipation, differenzieren, beteiligung, dritter, drei<\/div><\/div><\/li><\/ul><\/div><div style=\"clear:both;\"><\/div>","protected":false},"excerpt":{"rendered":"<p>Ein weiterer Teilprozess, der die kommunikative Dimension der Erfahrung beeinflusst, ist die Partizipation. Die Erhaltung einer sozialen Organisationsstruktur erfordert die Mitwirkung von sozialen Akteuren. Auch dieser Prozess ist in drei Subprozesse zu gliedern. Der erste Subprozess kann als Eingliederung gekennzeichnet&hellip;  <\/p>\n<p class=\"more-link\"><a href=\"http:\/\/www.vrabek.de\/design\/4-soziales\/4-3-aesthetische-kriterien-fuer-design-in-korrespondenz-zu-sozialen-organisationsstrukturen\/4-3-2-subprozesse-im-teilprozess-der-partizipation\/\">Continue reading <span class=\"meta-nav\">&rarr;<\/span><\/a><\/p>\n","protected":false},"author":1,"featured_media":0,"parent":353,"menu_order":0,"comment_status":"closed","ping_status":"closed","template":"","meta":[],"_links":{"self":[{"href":"http:\/\/www.vrabek.de\/design\/wp-json\/wp\/v2\/pages\/357"}],"collection":[{"href":"http:\/\/www.vrabek.de\/design\/wp-json\/wp\/v2\/pages"}],"about":[{"href":"http:\/\/www.vrabek.de\/design\/wp-json\/wp\/v2\/types\/page"}],"author":[{"embeddable":true,"href":"http:\/\/www.vrabek.de\/design\/wp-json\/wp\/v2\/users\/1"}],"replies":[{"embeddable":true,"href":"http:\/\/www.vrabek.de\/design\/wp-json\/wp\/v2\/comments?post=357"}],"version-history":[{"count":2,"href":"http:\/\/www.vrabek.de\/design\/wp-json\/wp\/v2\/pages\/357\/revisions"}],"predecessor-version":[{"id":566,"href":"http:\/\/www.vrabek.de\/design\/wp-json\/wp\/v2\/pages\/357\/revisions\/566"}],"up":[{"embeddable":true,"href":"http:\/\/www.vrabek.de\/design\/wp-json\/wp\/v2\/pages\/353"}],"wp:attachment":[{"href":"http:\/\/www.vrabek.de\/design\/wp-json\/wp\/v2\/media?parent=357"}],"curies":[{"name":"wp","href":"https:\/\/api.w.org\/{rel}","templated":true}]}}