{"id":353,"date":"2015-12-16T15:34:32","date_gmt":"2015-12-16T14:34:32","guid":{"rendered":"http:\/\/www.vrabek.de\/design\/?page_id=353"},"modified":"2018-05-04T16:39:14","modified_gmt":"2018-05-04T14:39:14","slug":"4-3-aesthetische-kriterien-fuer-design-in-korrespondenz-zu-sozialen-organisationsstrukturen","status":"publish","type":"page","link":"http:\/\/www.vrabek.de\/design\/4-soziales\/4-3-aesthetische-kriterien-fuer-design-in-korrespondenz-zu-sozialen-organisationsstrukturen\/","title":{"rendered":"4.3 \u00c4sthetische Kriterien f\u00fcr Design in Korrespondenz zu sozialen Organisationsstrukturen"},"content":{"rendered":"<p>Aufgrund der zuvor dargestellten Korrespondenz von Design und sozialen Organisationsstrukturen kann im Folgenden untersucht werden, in welcher Weise die typischen sozialen Strukturen als Akzentuierungen der sozial bedingte Komponenten die Erfahrungsdynamik und die \u00e4sthetische Erfahrung beeinflussen und welche \u00e4sthetischen Kriterien f\u00fcr das jeweils entsprechende Potential von Design abzuleiten sind. Der Grundaufbau der Analyse entsteht durch das Nebeneinanderstellen der definierten typischen Organisationsstrukturen und der Gegen\u00fcberstellung des jeweils zugeh\u00f6rigen spezifisch ausgerichteten Potentials von Design. Die weitere Untergliederung der Analyse ist durch die erw\u00e4hnten Teilprozesse, Konvention, Partizipation und Kooperation, gegeben. Mittels der dadurch zu erstellenden Untersuchungsmatrix sind die sozial bedingten \u00e4sthetischen Kriterien f\u00fcr Design auszufiltern. Die drei ausgew\u00e4hlten sozialen Organisationsstrukturen, integrative, hierarchische und polyvalente Struktur, akzentuieren in spezieller Weise die Qualit\u00e4tsempfindung von \u00e4sthetischer Erfahrung. Hierf\u00fcr werden im Folgenden differenzierte Kriterien erarbeitet, die durch das korrespondierende, spezifisch ausgeformte Potential von Design zu verwirklichen sind. Dies wird jeweils an einem Beispiel erl\u00e4utert (vgl. Abbildung 9).<\/p>\n","protected":false},"excerpt":{"rendered":"<p>Aufgrund der zuvor dargestellten Korrespondenz von Design und sozialen Organisationsstrukturen kann im Folgenden untersucht werden, in welcher Weise die typischen sozialen Strukturen als Akzentuierungen der sozial bedingte Komponenten die Erfahrungsdynamik und die \u00e4sthetische Erfahrung beeinflussen und welche \u00e4sthetischen Kriterien f\u00fcr&hellip;  <\/p>\n<p class=\"more-link\"><a href=\"http:\/\/www.vrabek.de\/design\/4-soziales\/4-3-aesthetische-kriterien-fuer-design-in-korrespondenz-zu-sozialen-organisationsstrukturen\/\">Continue reading <span class=\"meta-nav\">&rarr;<\/span><\/a><\/p>\n","protected":false},"author":1,"featured_media":0,"parent":61,"menu_order":0,"comment_status":"closed","ping_status":"closed","template":"","meta":[],"_links":{"self":[{"href":"http:\/\/www.vrabek.de\/design\/wp-json\/wp\/v2\/pages\/353"}],"collection":[{"href":"http:\/\/www.vrabek.de\/design\/wp-json\/wp\/v2\/pages"}],"about":[{"href":"http:\/\/www.vrabek.de\/design\/wp-json\/wp\/v2\/types\/page"}],"author":[{"embeddable":true,"href":"http:\/\/www.vrabek.de\/design\/wp-json\/wp\/v2\/users\/1"}],"replies":[{"embeddable":true,"href":"http:\/\/www.vrabek.de\/design\/wp-json\/wp\/v2\/comments?post=353"}],"version-history":[{"count":2,"href":"http:\/\/www.vrabek.de\/design\/wp-json\/wp\/v2\/pages\/353\/revisions"}],"predecessor-version":[{"id":563,"href":"http:\/\/www.vrabek.de\/design\/wp-json\/wp\/v2\/pages\/353\/revisions\/563"}],"up":[{"embeddable":true,"href":"http:\/\/www.vrabek.de\/design\/wp-json\/wp\/v2\/pages\/61"}],"wp:attachment":[{"href":"http:\/\/www.vrabek.de\/design\/wp-json\/wp\/v2\/media?parent=353"}],"curies":[{"name":"wp","href":"https:\/\/api.w.org\/{rel}","templated":true}]}}