{"id":351,"date":"2015-12-16T15:33:50","date_gmt":"2015-12-16T14:33:50","guid":{"rendered":"http:\/\/www.vrabek.de\/design\/?page_id=351"},"modified":"2018-05-04T16:38:57","modified_gmt":"2018-05-04T14:38:57","slug":"4-2-kategorie-der-potentialitaet-von-design-in-korrespondenz-zur-sozial-bedingten-akzentuierung-aesthetischer-erfahrung","status":"publish","type":"page","link":"http:\/\/www.vrabek.de\/design\/4-soziales\/4-2-kategorie-der-potentialitaet-von-design-in-korrespondenz-zur-sozial-bedingten-akzentuierung-aesthetischer-erfahrung\/","title":{"rendered":"4.2 Kategorie der Potentialit\u00e4t von Design in Korrespondenz zur sozial bedingten Akzentuierung \u00e4sthetischer Erfahrung"},"content":{"rendered":"<p>Im Sinne des Modells zur Organisationsdynamik ist jeder Strukturtyp hinsichtlich den Bedingungen, die er als Akzentuierung der sozialen Dimension von Erfahrung in die korrelative Erfahrungskreation einbringt, positiv oder negativ wertbar. Zudem ist jede Akzentuierung durch die andauernde Organisationsdynamik ver\u00e4nderbar. Daher besteht die M\u00f6glichkeit, die Qualit\u00e4t der sozial bedingten Komponente f\u00fcr die Erfahrung und die Richtung von Ver\u00e4nderungen durch das Angebot von korrespondierendem Design mitzubeeinflussen. Nachfolgend werden die Strukturtypen in Relation zu dem jeweils spezifischen Potential von Design \u00ad integrative Struktur und das kollektive Potential von Design, hierarchische Struktur und das distinktive Potential von Design, polyvalente Struktur und das partizipative Potential von Design \u00ad ausf\u00fchrlicher umrissen.<\/p>\n","protected":false},"excerpt":{"rendered":"<p>Im Sinne des Modells zur Organisationsdynamik ist jeder Strukturtyp hinsichtlich den Bedingungen, die er als Akzentuierung der sozialen Dimension von Erfahrung in die korrelative Erfahrungskreation einbringt, positiv oder negativ wertbar. Zudem ist jede Akzentuierung durch die andauernde Organisationsdynamik ver\u00e4nderbar. Daher&hellip;  <\/p>\n<p class=\"more-link\"><a href=\"http:\/\/www.vrabek.de\/design\/4-soziales\/4-2-kategorie-der-potentialitaet-von-design-in-korrespondenz-zur-sozial-bedingten-akzentuierung-aesthetischer-erfahrung\/\">Continue reading <span class=\"meta-nav\">&rarr;<\/span><\/a><\/p>\n","protected":false},"author":1,"featured_media":0,"parent":61,"menu_order":0,"comment_status":"closed","ping_status":"closed","template":"","meta":[],"_links":{"self":[{"href":"http:\/\/www.vrabek.de\/design\/wp-json\/wp\/v2\/pages\/351"}],"collection":[{"href":"http:\/\/www.vrabek.de\/design\/wp-json\/wp\/v2\/pages"}],"about":[{"href":"http:\/\/www.vrabek.de\/design\/wp-json\/wp\/v2\/types\/page"}],"author":[{"embeddable":true,"href":"http:\/\/www.vrabek.de\/design\/wp-json\/wp\/v2\/users\/1"}],"replies":[{"embeddable":true,"href":"http:\/\/www.vrabek.de\/design\/wp-json\/wp\/v2\/comments?post=351"}],"version-history":[{"count":1,"href":"http:\/\/www.vrabek.de\/design\/wp-json\/wp\/v2\/pages\/351\/revisions"}],"predecessor-version":[{"id":352,"href":"http:\/\/www.vrabek.de\/design\/wp-json\/wp\/v2\/pages\/351\/revisions\/352"}],"up":[{"embeddable":true,"href":"http:\/\/www.vrabek.de\/design\/wp-json\/wp\/v2\/pages\/61"}],"wp:attachment":[{"href":"http:\/\/www.vrabek.de\/design\/wp-json\/wp\/v2\/media?parent=351"}],"curies":[{"name":"wp","href":"https:\/\/api.w.org\/{rel}","templated":true}]}}