{"id":343,"date":"2015-12-16T15:11:06","date_gmt":"2015-12-16T14:11:06","guid":{"rendered":"http:\/\/www.vrabek.de\/design\/?page_id=343"},"modified":"2018-05-04T23:02:12","modified_gmt":"2018-05-04T21:02:12","slug":"5-3-1-subprozesse-im-teilprozess-der-aktivation","status":"publish","type":"page","link":"http:\/\/www.vrabek.de\/design\/5-mediales\/5-3-aesthetische-kriterien-fuer-design-in-korrespondenz-zu-medialen-organisationslogiken\/5-3-1-subprozesse-im-teilprozess-der-aktivation\/","title":{"rendered":"5.3.1 Subprozesse im Teilprozess der Aktivation"},"content":{"rendered":"<p>Hinsichtlich dem Teilprozess der Aktivation und dessen bedingender Einfl\u00fcsse auf die Erfahrung und die \u00e4sthetische Erfahrung sind drei Subprozesse zu differenzieren. Erstens ist es wichtig zu untersuchen, durch welche Art von Aktivit\u00e4t ein Medium entdeckt wird oder entsteht. Dies betrifft den Subprozess der Erzeugung. Zweitens ist zu kl\u00e4ren, inwieweit schon im Prozess der Aktivation korrigierende Ver\u00e4nderungen eingebracht werden k\u00f6nnen. Dies geh\u00f6rt zum Subprozess der Verbesserung. Einen dritten zu untersuchenden Subprozess im Teilprozess der Aktivation bildet die Entwicklung eines Mediums. Jeder dieser Subprozesse wird in Relation zu den drei typischen medialen Logiken analysiert.<\/p>\n<h2 class=\"cprp_section_title\">:: Mehr zum Thema ::<\/h2><div class=\"cprp_items list \"><ul><li><div class=\"cprp_data\"><div class=\"cprp_title\"><a href=\"http:\/\/www.vrabek.de\/design\/5-mediales\/5-3-1-1-kriterien-zum-subprozess-der-erzeugung\/\" title=\"5.3.1.1 Kriterien zum Subprozess der Erzeugung\">5.3.1.1 Kriterien zum Subprozess der Erzeugung<\/a><\/div><div class=\"cprp_excerpt\"><span class=\"cprp_excerpt_content\">Im Umgang mit bereits vorgefundenen Medien oder im Teilprozess der Reaktivation, k\u00f6nnen neue Medien durch die Abgrenzung von weiteren Zwischen- oder Verbindungsst\u00fccken erzeugt werden. Jeder typischen medialen Logik entspricht eine besondere Art und Weise der Erzeugung von Medien, die bez\u00fcglich der jeweiligen Erfahrung neu sind. Bisher unbekannte, der organischen Logik&hellip;<\/span><\/div><div class=\"cprp_tags\">Tags: erfahrung, erzeugung, logiken, art, teilprozess, subprozess, medialen, typischen<\/div><\/div><\/li><li><div class=\"cprp_data\"><div class=\"cprp_title\"><a href=\"http:\/\/www.vrabek.de\/design\/5-mediales\/5-3-1-2-kriterien-zum-subprozess-der-verbesserung\/\" title=\"5.3.1.2 Kriterien zum Subprozess der Verbesserung\">5.3.1.2 Kriterien zum Subprozess der Verbesserung<\/a><\/div><div class=\"cprp_excerpt\"><span class=\"cprp_excerpt_content\">Gestaltende Ver\u00e4nderungsversuche oder Eingriffe am Ausgangsmedium misslingen h\u00e4ufig oder f\u00fchren anstelle der beabsichtigten Verbesserung zur Verschlechterung des Mediums. Die Freude am Spielen, Erproben und Experimentieren h\u00e4ngt sicher in hohem Ma\u00dfe davon ab, wie fehlerfreundlich ein Medium reagiert oder wie ressourcenschonend dessen Wiederherstellung ist. Daher wird als zweiter Subprozess im Teilprozess&hellip;<\/span><\/div><div class=\"cprp_tags\">Tags: verbesserung, subprozess, medialen, erfahrung, logiken, wichtig, hinsichtlich, mediums, teilprozess, aktivation<\/div><\/div><\/li><li><div class=\"cprp_data\"><div class=\"cprp_title\"><a href=\"http:\/\/www.vrabek.de\/design\/5-mediales\/5-3-1-3-kriterien-zum-subprozess-der-entwicklung\/\" title=\"5.3.1.3 Kriterien zum Subprozess der Entwicklung\">5.3.1.3 Kriterien zum Subprozess der Entwicklung<\/a><\/div><div class=\"cprp_excerpt\"><span class=\"cprp_excerpt_content\">Als dritter wichtiger Subprozess der Aktivation als Teilprozess der Interaktion mit Medien, ist neben Erzeugung und Verbesserung die Entwicklung zu untersuchen. Auch dieser Subprozess der Aktivation von Medien unterliegt den Bedingungen der medialen Logiken, wird aber nicht von ihnen beherrscht. Ohne das menschliche aktivierende T\u00e4tigsein als Antrieb k\u00f6nnen sich Medien&hellip;<\/span><\/div><div class=\"cprp_tags\">Tags: entwicklung, subprozess, verbesserung, aktivation, aktivit\u00e4t, geh\u00f6rt, teilprozess, erzeugung, untersuchen, medialen<\/div><\/div><\/li><\/ul><\/div><div style=\"clear:both;\"><\/div>","protected":false},"excerpt":{"rendered":"<p>Hinsichtlich dem Teilprozess der Aktivation und dessen bedingender Einfl\u00fcsse auf die Erfahrung und die \u00e4sthetische Erfahrung sind drei Subprozesse zu differenzieren. Erstens ist es wichtig zu untersuchen, durch welche Art von Aktivit\u00e4t ein Medium entdeckt wird oder entsteht. Dies betrifft&hellip;  <\/p>\n<p class=\"more-link\"><a href=\"http:\/\/www.vrabek.de\/design\/5-mediales\/5-3-aesthetische-kriterien-fuer-design-in-korrespondenz-zu-medialen-organisationslogiken\/5-3-1-subprozesse-im-teilprozess-der-aktivation\/\">Continue reading <span class=\"meta-nav\">&rarr;<\/span><\/a><\/p>\n","protected":false},"author":1,"featured_media":0,"parent":174,"menu_order":0,"comment_status":"closed","ping_status":"closed","template":"","meta":[],"_links":{"self":[{"href":"http:\/\/www.vrabek.de\/design\/wp-json\/wp\/v2\/pages\/343"}],"collection":[{"href":"http:\/\/www.vrabek.de\/design\/wp-json\/wp\/v2\/pages"}],"about":[{"href":"http:\/\/www.vrabek.de\/design\/wp-json\/wp\/v2\/types\/page"}],"author":[{"embeddable":true,"href":"http:\/\/www.vrabek.de\/design\/wp-json\/wp\/v2\/users\/1"}],"replies":[{"embeddable":true,"href":"http:\/\/www.vrabek.de\/design\/wp-json\/wp\/v2\/comments?post=343"}],"version-history":[{"count":3,"href":"http:\/\/www.vrabek.de\/design\/wp-json\/wp\/v2\/pages\/343\/revisions"}],"predecessor-version":[{"id":579,"href":"http:\/\/www.vrabek.de\/design\/wp-json\/wp\/v2\/pages\/343\/revisions\/579"}],"up":[{"embeddable":true,"href":"http:\/\/www.vrabek.de\/design\/wp-json\/wp\/v2\/pages\/174"}],"wp:attachment":[{"href":"http:\/\/www.vrabek.de\/design\/wp-json\/wp\/v2\/media?parent=343"}],"curies":[{"name":"wp","href":"https:\/\/api.w.org\/{rel}","templated":true}]}}