{"id":339,"date":"2015-12-16T15:03:54","date_gmt":"2015-12-16T14:03:54","guid":{"rendered":"http:\/\/www.vrabek.de\/design\/?page_id=339"},"modified":"2018-05-08T22:43:19","modified_gmt":"2018-05-08T20:43:19","slug":"3-3-3-subprozesse-im-teilprozess-der-emotion","status":"publish","type":"page","link":"http:\/\/www.vrabek.de\/design\/3-subliminales\/3-3-aesthetische-kriterien-fuer-design-in-korrespondenz-zu-subliminalen-organisationstendenzen\/3-3-3-subprozesse-im-teilprozess-der-emotion\/","title":{"rendered":"3.3.3 Subprozesse im Teilprozess der Emotion"},"content":{"rendered":"<p>Der psychische Bereich der Emotion hat zum einen die Funktion der abschlie\u00dfenden Bewertung einer Verhaltenssequenz und zum anderen die Funktion deren Verankerung im Erfahrungshintergrund. Das Ged\u00e4chtnis kann emotional gef\u00e4rbte Erinnerungen leichter reaktivieren und das Wertungsergebnis bleibt mit der Erinnerung an die vorhergehende Aktion verbunden und flie\u00dft wiederum in die Motivation zur n\u00e4chsten Aktion ein. F\u00fcr die qualitative Bestimmung eines Erlebnisses ist haupts\u00e4chlich die Emotion zust\u00e4ndig. Die Dynamik emotionaler Prozesse l\u00e4sst sich \u00e4hnlich der motivationalen Prozesse durch einen Spannungsbogen beschreiben. Dessen einzelne Subprozesse werden im folgenden als Zuneigung, Erf\u00fcllung und Vertrauensbildung differenziert. Dementsprechend sind die emotionsbezogenen Kriterien je nach bevorzugter Verhaltenstendenz zu differenzieren und bei der Konzeption des sensitiven, animativen und impulsiven Potentials von Design besonders zu beachten.<\/p>\n<h2 class=\"cprp_section_title\">:: Mehr zum Thema ::<\/h2><div class=\"cprp_items list \"><ul><li><div class=\"cprp_data\"><div class=\"cprp_title\"><a href=\"http:\/\/www.vrabek.de\/design\/3-subliminales\/3-3-aesthetische-kriterien-fuer-design-in-korrespondenz-zu-subliminalen-organisationstendenzen\/3-3-3-subprozesse-im-teilprozess-der-emotion\/3-3-3-1-kriterien-zum-subprozess-der-zuneigung\/\" title=\"3.3.3.1 Kriterien zum Subprozess der Zuneigung\">3.3.3.1 Kriterien zum Subprozess der Zuneigung<\/a><\/div><div class=\"cprp_excerpt\"><span class=\"cprp_excerpt_content\">Die Konfrontation mit einem Reizangebot kann trotz motivationsbezogener Aufmerksamkeit oder kognitiver Anschlussf\u00e4higkeit zur emotionalen Ablehnung f\u00fchren. Dagegen setzt sich manchmal das Gef\u00fchl der Zuneigung durch und regt beispielsweise zur Besch\u00e4ftigung mit dem Eigenwert des Reizangebots an. Dem Teilprozess der Emotion kommt der gr\u00f6\u00dfte Anteil an der subjektiven und bereits subliminal&hellip;<\/span><\/div><div class=\"cprp_tags\">Tags: zuneigung, emotion, teilprozess, kriterien, design, bleibt, bewertung<\/div><\/div><\/li><li><div class=\"cprp_data\"><div class=\"cprp_title\"><a href=\"http:\/\/www.vrabek.de\/design\/3-subliminales\/3-3-aesthetische-kriterien-fuer-design-in-korrespondenz-zu-subliminalen-organisationstendenzen\/3-3-3-subprozesse-im-teilprozess-der-emotion\/3-3-3-2-kriterien-zum-subprozess-der-erfuellung\/\" title=\"3.3.3.2 Kriterien zum Subprozess der Erf\u00fcllung\">3.3.3.2 Kriterien zum Subprozess der Erf\u00fcllung<\/a><\/div><div class=\"cprp_excerpt\"><span class=\"cprp_excerpt_content\">Zu den Emotionen, die das Erleben am intensivsten erf\u00fcllen und deren subliminale Tiefe deutlich sp\u00fcrbar ist, weil sie aus dem Innersten aufzusteigen scheinen und sich mit Macht ins Bewusstsein dr\u00e4ngen, geh\u00f6ren Freude und Angst. Freude bezeichnet ein Erlebnis von Freiheit, Sicherheit und offener Leichtigkeit. Im Kontrast dazu geh\u00f6rt zur Angst&hellip;<\/span><\/div><div class=\"cprp_tags\">Tags: design, kriterien, erf\u00fcllung<\/div><\/div><\/li><li><div class=\"cprp_data\"><div class=\"cprp_title\"><a href=\"http:\/\/www.vrabek.de\/design\/3-subliminales\/3-3-aesthetische-kriterien-fuer-design-in-korrespondenz-zu-subliminalen-organisationstendenzen\/3-3-3-subprozesse-im-teilprozess-der-emotion\/3-3-3-3-kriterien-zum-subprozess-der-vertrauensbildung\/\" title=\"3.3.3.3 Kriterien zum Subprozess der Vertrauensbildung\">3.3.3.3 Kriterien zum Subprozess der Vertrauensbildung<\/a><\/div><div class=\"cprp_excerpt\"><span class=\"cprp_excerpt_content\">Ohne Vertrauen in die eigenen F\u00e4higkeiten kann ein Mensch kein selbstbestimmtes Handeln entwickeln. Das Gef\u00fchl des Vertrauens bildet sich durch Best\u00e4tigung einer Erwartung, die mit einer T\u00e4tigkeit verbunden wurde. Wenn keine Gelegenheit zur Ein\u00fcbung selbstbestimmten Handelns gegeben ist, wird das Vertrauen nicht an der eigenen Person, sondern an anderen Personen&hellip;<\/span><\/div><div class=\"cprp_tags\">Tags: vertrauensbildung, besonders, psychische, verankerung, anderen, kriterien, verbunden<\/div><\/div><\/li><\/ul><\/div><div style=\"clear:both;\"><\/div>","protected":false},"excerpt":{"rendered":"<p>Der psychische Bereich der Emotion hat zum einen die Funktion der abschlie\u00dfenden Bewertung einer Verhaltenssequenz und zum anderen die Funktion deren Verankerung im Erfahrungshintergrund. Das Ged\u00e4chtnis kann emotional gef\u00e4rbte Erinnerungen leichter reaktivieren und das Wertungsergebnis bleibt mit der Erinnerung an&hellip;  <\/p>\n<p class=\"more-link\"><a href=\"http:\/\/www.vrabek.de\/design\/3-subliminales\/3-3-aesthetische-kriterien-fuer-design-in-korrespondenz-zu-subliminalen-organisationstendenzen\/3-3-3-subprozesse-im-teilprozess-der-emotion\/\">Continue reading <span class=\"meta-nav\">&rarr;<\/span><\/a><\/p>\n","protected":false},"author":1,"featured_media":0,"parent":109,"menu_order":0,"comment_status":"closed","ping_status":"closed","template":"","meta":[],"_links":{"self":[{"href":"http:\/\/www.vrabek.de\/design\/wp-json\/wp\/v2\/pages\/339"}],"collection":[{"href":"http:\/\/www.vrabek.de\/design\/wp-json\/wp\/v2\/pages"}],"about":[{"href":"http:\/\/www.vrabek.de\/design\/wp-json\/wp\/v2\/types\/page"}],"author":[{"embeddable":true,"href":"http:\/\/www.vrabek.de\/design\/wp-json\/wp\/v2\/users\/1"}],"replies":[{"embeddable":true,"href":"http:\/\/www.vrabek.de\/design\/wp-json\/wp\/v2\/comments?post=339"}],"version-history":[{"count":2,"href":"http:\/\/www.vrabek.de\/design\/wp-json\/wp\/v2\/pages\/339\/revisions"}],"predecessor-version":[{"id":552,"href":"http:\/\/www.vrabek.de\/design\/wp-json\/wp\/v2\/pages\/339\/revisions\/552"}],"up":[{"embeddable":true,"href":"http:\/\/www.vrabek.de\/design\/wp-json\/wp\/v2\/pages\/109"}],"wp:attachment":[{"href":"http:\/\/www.vrabek.de\/design\/wp-json\/wp\/v2\/media?parent=339"}],"curies":[{"name":"wp","href":"https:\/\/api.w.org\/{rel}","templated":true}]}}