{"id":312,"date":"2020-12-16T14:13:00","date_gmt":"2020-12-16T13:13:00","guid":{"rendered":"http:\/\/www.vrabek.de\/design\/?page_id=312"},"modified":"2020-12-29T13:36:30","modified_gmt":"2020-12-29T12:36:30","slug":"2-3-2-hauptkriterien-zur-dimension-der-kommunikation","status":"publish","type":"page","link":"http:\/\/www.vrabek.de\/design\/2-design-und\/2-3-aesthetische-hauptkriterien-fuer-design-in-korrespondenz-zu-bewussten-organisationsqualitaeten\/2-3-2-hauptkriterien-zur-dimension-der-kommunikation\/","title":{"rendered":"2.3.2 Hauptkriterien zur Dimension der Kommunikation"},"content":{"rendered":"<p>Nach der Analyse der Ausrichtung des Selbstkonzepts auf das innerliche Selbst, das in erster Linie durch Selbstreflexion zug\u00e4nglich ist, wird im Anschluss die zweite Dimension des Selbstkonzepts, die an den Mitmenschen ausgerichtet ist und durch Kommunikation entfaltet wird, untersucht. W\u00e4hrend diese Dimension hier nur als eine von weiteren Dimensionen betrachtet wird, fassen einige soziologische Ans\u00e4tze das Selbst \u00fcberhaupt als Produkt der Sozialisation auf. Die vorliegende Untersuchung f\u00fchrt zwar nicht zu dieser Auffassung, weist jedoch der kommunikativen Bezugnahme auf die Mitmenschen und deren Einfluss auf die \u00e4sthetische Erfahrung (<a href=\"\/design\/4-soziales\/\">vgl. Kapitel 4<\/a>) einen hohen Stellenwert zu. Wesentlich f\u00fcr mitmenschliche Kommunikation ist deren dialogische Struktur, denn im Unterschied zur Selbstreflexion oder zur Interaktion in der Welt, sind bei der Kommunikation immer wenigstens zwei Subjekte beteiligt, von denen jedes dem anderen menschliche F\u00e4higkeiten, wie in \u00e4sthetischer Hinsicht die Entwicklung eines Geschmacks, Gef\u00fchls oder projektiven Ideen unterstellt.<\/p>\n<p>Kommunikation wird im folgenden nicht auf die verbale Sprache beschr\u00e4nkt oder im Anschluss an die technische Kommunikationstheorie als Informations\u00fcbertragung definiert, sondern im weitesten Sinne als das Herstellen, Aufrechterhalten und Weiterentwickeln von zwischenmenschlicher Gemeinsamkeit verstanden. Der Wunsch nach Selbstverwirklichung und Lebensqualit\u00e4t ist bei dieser Ausrichtung des Selbstkonzepts auf Mitmenschen und Kommunikation damit verbunden, Gelegenheiten f\u00fcr Begegnungen zu finden oder langanhaltende, freundschaftliche Beziehungen pflegen zu k\u00f6nnen. Innerhalb der \u00e4sthetischen Erfahrung kann die Ausrichtung des Selbstkonzepts auf Mitmenschen und Kommunikation entsprechend den drei bewussten Organisationsqualit\u00e4ten der Erfahrung durch drei Hauptkriterien beschrieben werden. Das Hauptkriterium der geschmacklichen Gemeinsamkeit bezieht sich auf die perzeptive, das Hauptkriterium der gegenw\u00e4rtigen Verbundenheit auf die empathive und das Hauptkriterium der projektiven Einigkeit auf die imaginative Qualit\u00e4t.<\/p>\n<h2 class=\"cprp_section_title\">:: Mehr zum Thema ::<\/h2><div class=\"cprp_items list \"><ul><li><div class=\"cprp_data\"><div class=\"cprp_title\"><a href=\"http:\/\/www.vrabek.de\/design\/2020\/12\/28\/kommunikation-zum-hauptkriterium-der-geschmacklichen-gemeinsamkeit-bezueglich-der-perzeptiven-qualitaet\/\" title=\"Kommunikation &gt; Zum Hauptkriterium der \u00bbgeschmacklichen Gemeinsamkeit\u00ab bez\u00fcglich der perzeptiven Qualit\u00e4t\">Kommunikation > Zum Hauptkriterium der \u00bbgeschmacklichen Gemeinsamkeit\u00ab bez\u00fcglich der perzeptiven Qualit\u00e4t<\/a><\/div><div class=\"cprp_excerpt\"><a href=\"http:\/\/www.vrabek.de\/design\/2020\/12\/28\/kommunikation-zum-hauptkriterium-der-geschmacklichen-gemeinsamkeit-bezueglich-der-perzeptiven-qualitaet\/\" title=\"Kommunikation &gt; Zum Hauptkriterium der \u00bbgeschmacklichen Gemeinsamkeit\u00ab bez\u00fcglich der perzeptiven Qualit\u00e4t\"><img src=\"http:\/\/www.vrabek.de\/design\/wp-content\/uploads\/2016\/02\/i2_formativ.svg\" class=\"cprp_thumbnail\" title=\"Kommunikation &gt; Zum Hauptkriterium der \u00bbgeschmacklichen Gemeinsamkeit\u00ab bez\u00fcglich der perzeptiven Qualit\u00e4t\" alt=\"Kommunikation &gt; Zum Hauptkriterium der \u00bbgeschmacklichen Gemeinsamkeit\u00ab bez\u00fcglich der perzeptiven Qualit\u00e4t\" \/><\/a><span class=\"cprp_excerpt_content\">Die Wertung von \u00e4sthetischem Reizmaterial als Eigenwert und die Qualit\u00e4t der Entfaltung von reflektierter Sinnlichkeit bez\u00fcglich dieser Reize ist f\u00fcr Kant mit dem Anspruch auf Zustimmung durch den Gemeinsinn verbunden und im Apriorischen verankert. Demjenigen, der hierzu nicht f\u00e4hig ist, bescheinigt Kant einen \u00bbbarbarischen Geschmack\u00ab. In der Folge bediente sich&hellip;<\/span><\/div><div class=\"cprp_tags\">Tags: gemeinsamkeit<\/div><\/div><\/li><li><div class=\"cprp_data\"><div class=\"cprp_title\"><a href=\"http:\/\/www.vrabek.de\/design\/2020\/12\/28\/kommunikation-zum-hauptkriterium-der-gegenwaertige-verbundenheit-bezueglich-der-empathiven-qualitaet\/\" title=\"Kommunikation &gt; Zum Hauptkriterium der \u00bbgegenw\u00e4rtige Verbundenheit\u00ab bez\u00fcglich der empathiven Qualit\u00e4t\">Kommunikation > Zum Hauptkriterium der \u00bbgegenw\u00e4rtige Verbundenheit\u00ab bez\u00fcglich der empathiven Qualit\u00e4t<\/a><\/div><div class=\"cprp_excerpt\"><a href=\"http:\/\/www.vrabek.de\/design\/2020\/12\/28\/kommunikation-zum-hauptkriterium-der-gegenwaertige-verbundenheit-bezueglich-der-empathiven-qualitaet\/\" title=\"Kommunikation &gt; Zum Hauptkriterium der \u00bbgegenw\u00e4rtige Verbundenheit\u00ab bez\u00fcglich der empathiven Qualit\u00e4t\"><img src=\"http:\/\/www.vrabek.de\/design\/wp-content\/uploads\/2016\/02\/i2_evokativ.svg\" class=\"cprp_thumbnail\" title=\"Kommunikation &gt; Zum Hauptkriterium der \u00bbgegenw\u00e4rtige Verbundenheit\u00ab bez\u00fcglich der empathiven Qualit\u00e4t\" alt=\"Kommunikation &gt; Zum Hauptkriterium der \u00bbgegenw\u00e4rtige Verbundenheit\u00ab bez\u00fcglich der empathiven Qualit\u00e4t\" \/><\/a><span class=\"cprp_excerpt_content\">Der Glaube an das Mythische als Gef\u00fchl einer urspr\u00fcnglichen Verbundenheit allen Lebens ist mit der von Max Weber diagnostizierten \u00bbEntzauberung der Welt\u00ab im Zuge der wissenschaftlichen Aufkl\u00e4rung des Menschen verloren gegangen. Heute ist Verbundenheit als gemeinsames Gef\u00fchl der Zusammengeh\u00f6rigkeit als gegebener, sicherer Halt oder als einschr\u00e4nkende Bremse individueller T\u00e4tigkeitsorientierung erlebbar.&hellip;<\/span><\/div><div class=\"cprp_tags\">Tags: kommunikation<\/div><\/div><\/li><li><div class=\"cprp_data\"><div class=\"cprp_title\"><a href=\"http:\/\/www.vrabek.de\/design\/2020\/12\/28\/kommunikation-zum-hauptkriterium-der-projektiven-einigkeit-bezueglich-der-imaginativen-qualitaet\/\" title=\"Kommunikation &gt; Zum Hauptkriterium der \u00bbprojektiven Einigkeit\u00ab bez\u00fcglich der imaginativen Qualit\u00e4t\">Kommunikation > Zum Hauptkriterium der \u00bbprojektiven Einigkeit\u00ab bez\u00fcglich der imaginativen Qualit\u00e4t<\/a><\/div><div class=\"cprp_excerpt\"><a href=\"http:\/\/www.vrabek.de\/design\/2020\/12\/28\/kommunikation-zum-hauptkriterium-der-projektiven-einigkeit-bezueglich-der-imaginativen-qualitaet\/\" title=\"Kommunikation &gt; Zum Hauptkriterium der \u00bbprojektiven Einigkeit\u00ab bez\u00fcglich der imaginativen Qualit\u00e4t\"><img src=\"http:\/\/www.vrabek.de\/design\/wp-content\/uploads\/2016\/02\/i2_prospektiv.svg\" class=\"cprp_thumbnail\" title=\"Kommunikation &gt; Zum Hauptkriterium der \u00bbprojektiven Einigkeit\u00ab bez\u00fcglich der imaginativen Qualit\u00e4t\" alt=\"Kommunikation &gt; Zum Hauptkriterium der \u00bbprojektiven Einigkeit\u00ab bez\u00fcglich der imaginativen Qualit\u00e4t\" \/><\/a><span class=\"cprp_excerpt_content\">W\u00e4hrend das gegenw\u00e4rtige Gef\u00fchl der Verbundenheit fl\u00fcchtig ist und an momentanes Erleben gekoppelt bleibt, ergibt sich aus der Ged\u00e4chtnisfunktion von Gef\u00fchlen als allgemeinen Erfahrungsqualit\u00e4ten die Grundlage zur langfristigen Erhaltung von gemeinsamen Erlebnissen, die zu einem sp\u00e4teren Zeitpunkt wieder aktiviert und weiterentwickelt werden k\u00f6nnen. Eine kommerzielle Umsetzung findet das Wissen um&hellip;<\/span><\/div><div class=\"cprp_tags\">Tags: projektiven, erfahrung, hauptkriterium<\/div><\/div><\/li><\/ul><\/div><div style=\"clear:both;\"><\/div>","protected":false},"excerpt":{"rendered":"<p>Nach der Analyse der Ausrichtung des Selbstkonzepts auf das innerliche Selbst, das in erster Linie durch Selbstreflexion zug\u00e4nglich ist, wird im Anschluss die zweite Dimension des Selbstkonzepts, die an den Mitmenschen ausgerichtet ist und durch Kommunikation entfaltet wird, untersucht. W\u00e4hrend&hellip;  <\/p>\n<p class=\"more-link\"><a href=\"http:\/\/www.vrabek.de\/design\/2-design-und\/2-3-aesthetische-hauptkriterien-fuer-design-in-korrespondenz-zu-bewussten-organisationsqualitaeten\/2-3-2-hauptkriterien-zur-dimension-der-kommunikation\/\">Continue reading <span class=\"meta-nav\">&rarr;<\/span><\/a><\/p>\n","protected":false},"author":1,"featured_media":0,"parent":300,"menu_order":0,"comment_status":"closed","ping_status":"closed","template":"","meta":[],"_links":{"self":[{"href":"http:\/\/www.vrabek.de\/design\/wp-json\/wp\/v2\/pages\/312"}],"collection":[{"href":"http:\/\/www.vrabek.de\/design\/wp-json\/wp\/v2\/pages"}],"about":[{"href":"http:\/\/www.vrabek.de\/design\/wp-json\/wp\/v2\/types\/page"}],"author":[{"embeddable":true,"href":"http:\/\/www.vrabek.de\/design\/wp-json\/wp\/v2\/users\/1"}],"replies":[{"embeddable":true,"href":"http:\/\/www.vrabek.de\/design\/wp-json\/wp\/v2\/comments?post=312"}],"version-history":[{"count":3,"href":"http:\/\/www.vrabek.de\/design\/wp-json\/wp\/v2\/pages\/312\/revisions"}],"predecessor-version":[{"id":1382,"href":"http:\/\/www.vrabek.de\/design\/wp-json\/wp\/v2\/pages\/312\/revisions\/1382"}],"up":[{"embeddable":true,"href":"http:\/\/www.vrabek.de\/design\/wp-json\/wp\/v2\/pages\/300"}],"wp:attachment":[{"href":"http:\/\/www.vrabek.de\/design\/wp-json\/wp\/v2\/media?parent=312"}],"curies":[{"name":"wp","href":"https:\/\/api.w.org\/{rel}","templated":true}]}}