{"id":306,"date":"2020-12-16T14:12:00","date_gmt":"2020-12-16T13:12:00","guid":{"rendered":"http:\/\/www.vrabek.de\/design\/?page_id=306"},"modified":"2020-12-29T13:17:43","modified_gmt":"2020-12-29T12:17:43","slug":"2-3-1-hauptkriterien-zur-dimension-der-selbstreflexion","status":"publish","type":"page","link":"http:\/\/www.vrabek.de\/design\/2-design-und\/2-3-aesthetische-hauptkriterien-fuer-design-in-korrespondenz-zu-bewussten-organisationsqualitaeten\/2-3-1-hauptkriterien-zur-dimension-der-selbstreflexion\/","title":{"rendered":"2.3.1 Hauptkriterien zur Dimension der Selbstreflexion"},"content":{"rendered":"<p>Der Erfahrungsbereich des pers\u00f6nlichen Selbst als ein Referenzbereich des Selbstkonzepts wird durch Selbstreflexion erschlossen und mitkonstruiert. Als bedingende Einflussgr\u00f6\u00dfen hierf\u00fcr sind insbesondere die subliminalen Organisationstendenzen zu ber\u00fccksichtigen (<a href=\"\/design\/3-subliminales\/\">vgl. Kapitel 3<\/a>). Selbstverwirklichung und bewusst erlebte Lebensqualit\u00e4t wird unter diesem Schwerpunkt haupts\u00e4chlich als St\u00e4rkung, Vertiefung und Erweiterung des inneren Selbst verstanden.<\/p>\n<p>Durch die bewusste, gef\u00fchlsm\u00e4\u00dfige Organisation der Erfahrungsinhalte nach verschiedenen Qualit\u00e4ten ist das Selbst in unterschiedlichen Positionen erfahrbar. Es entstehen subjektive Wertungskriterien f\u00fcr Erfahrungen, die das innere Selbst betreffen. Die perzeptive Qualit\u00e4t wird durch das Hauptkriterium der reflektierten Sinnlichkeit, die empathive Qualit\u00e4t durch das Hauptkriterium des bewussten Selbstgef\u00fchls und die imaginative Qualit\u00e4t durch das Hauptkriterium des fiktiven Selbstentwurfs erfasst.<\/p>\n<h2 class=\"cprp_section_title\">:: Mehr zum Thema ::<\/h2><div class=\"cprp_items list \"><ul><li><div class=\"cprp_data\"><div class=\"cprp_title\"><a href=\"http:\/\/www.vrabek.de\/design\/2020\/12\/28\/selbstreflexion-zum-hauptkriterium-der-reflektierten-sinnlichkeit-bezueglich-der-perzeptiven-qualitaet\/\" title=\"Selbstreflexion &gt; Zum Hauptkriterium der \u00bbreflektierten Sinnlichkeit\u00ab bez\u00fcglich der perzeptiven Qualit\u00e4t\">Selbstreflexion > Zum Hauptkriterium der \u00bbreflektierten Sinnlichkeit\u00ab bez\u00fcglich der perzeptiven Qualit\u00e4t<\/a><\/div><div class=\"cprp_excerpt\"><a href=\"http:\/\/www.vrabek.de\/design\/2020\/12\/28\/selbstreflexion-zum-hauptkriterium-der-reflektierten-sinnlichkeit-bezueglich-der-perzeptiven-qualitaet\/\" title=\"Selbstreflexion &gt; Zum Hauptkriterium der \u00bbreflektierten Sinnlichkeit\u00ab bez\u00fcglich der perzeptiven Qualit\u00e4t\"><img src=\"http:\/\/www.vrabek.de\/design\/wp-content\/uploads\/2016\/02\/i2_formativ.svg\" class=\"cprp_thumbnail\" title=\"Selbstreflexion &gt; Zum Hauptkriterium der \u00bbreflektierten Sinnlichkeit\u00ab bez\u00fcglich der perzeptiven Qualit\u00e4t\" alt=\"Selbstreflexion &gt; Zum Hauptkriterium der \u00bbreflektierten Sinnlichkeit\u00ab bez\u00fcglich der perzeptiven Qualit\u00e4t\" \/><\/a><span class=\"cprp_excerpt_content\">Wenn die Erfahrung als perzeptive Qualit\u00e4t bewertet wird, ist das bewusste Selbst in seiner Gegebenheitsweise Thema ohne jegliche Interpretation oder Wertung des seelischen Zustands. Unter diesem Blickwinkel ist das Selbst aber allein durch das Bewusstsein von sinnlichem Reizmaterial gegeben. Das Hauptkriterium der reflektierten Sinnlichkeit bewertet daher ausschlie\u00dflich das reflektierende, vergn\u00fcgliche&hellip;<\/span><\/div><div class=\"cprp_tags\">Tags: sinnlichkeit, selbst, hauptkriterium, reflektierten, qualit\u00e4t, bewusste, perzeptive<\/div><\/div><\/li><li><div class=\"cprp_data\"><div class=\"cprp_title\"><a href=\"http:\/\/www.vrabek.de\/design\/2020\/12\/28\/selbstreflexion-zum-hauptkriterium-des-bewussten-selbstgefuehls-bezueglich-der-empathiven-qualitaet\/\" title=\"Selbstreflexion &gt; Zum Hauptkriterium des \u00bbbewussten Selbstgef\u00fchls\u00ab bez\u00fcglich der empathiven Qualit\u00e4t\">Selbstreflexion > Zum Hauptkriterium des \u00bbbewussten Selbstgef\u00fchls\u00ab bez\u00fcglich der empathiven Qualit\u00e4t<\/a><\/div><div class=\"cprp_excerpt\"><a href=\"http:\/\/www.vrabek.de\/design\/2020\/12\/28\/selbstreflexion-zum-hauptkriterium-des-bewussten-selbstgefuehls-bezueglich-der-empathiven-qualitaet\/\" title=\"Selbstreflexion &gt; Zum Hauptkriterium des \u00bbbewussten Selbstgef\u00fchls\u00ab bez\u00fcglich der empathiven Qualit\u00e4t\"><img src=\"http:\/\/www.vrabek.de\/design\/wp-content\/uploads\/2016\/02\/i2_evokativ.svg\" class=\"cprp_thumbnail\" title=\"Selbstreflexion &gt; Zum Hauptkriterium des \u00bbbewussten Selbstgef\u00fchls\u00ab bez\u00fcglich der empathiven Qualit\u00e4t\" alt=\"Selbstreflexion &gt; Zum Hauptkriterium des \u00bbbewussten Selbstgef\u00fchls\u00ab bez\u00fcglich der empathiven Qualit\u00e4t\" \/><\/a><span class=\"cprp_excerpt_content\">W\u00e4hrend der empathiven Erfahrungsbewertung tritt die momentane Gegebenheitsweise der Erfahrungsinhalte zugunsten der Reflexion des inneren Zustands, der mit ihnen verbunden ist, in den Hintergrund. Das Hauptkriterium des bewussten Selbstgef\u00fchls bezieht sich auf das subjektive, innerliche Selbst. Zwei wesentliche Kriterien bestimmen das Selbstgef\u00fchl. Erstens wird mit ihm die Subjektivit\u00e4t, die Einmaligkeit&hellip;<\/span><\/div><div class=\"cprp_tags\">Tags: bewussten, selbstgef\u00fchls, selbst, qualit\u00e4t, vgl, hauptkriterium, selbstreflexion, erfahrungen, inneren, insbesondere<\/div><\/div><\/li><li><div class=\"cprp_data\"><div class=\"cprp_title\"><a href=\"http:\/\/www.vrabek.de\/design\/2020\/12\/28\/selbstreflexion-zum-hauptkriterium-des-fiktiven-selbstentwurfs-bezueglich-der-imaginativen-qualitaet\/\" title=\"Selbstreflexion &gt; Zum Hauptkriterium des \u00bbfiktiven Selbstentwurfs\u00ab bez\u00fcglich der imaginativen Qualit\u00e4t\">Selbstreflexion > Zum Hauptkriterium des \u00bbfiktiven Selbstentwurfs\u00ab bez\u00fcglich der imaginativen Qualit\u00e4t<\/a><\/div><div class=\"cprp_excerpt\"><a href=\"http:\/\/www.vrabek.de\/design\/2020\/12\/28\/selbstreflexion-zum-hauptkriterium-des-fiktiven-selbstentwurfs-bezueglich-der-imaginativen-qualitaet\/\" title=\"Selbstreflexion &gt; Zum Hauptkriterium des \u00bbfiktiven Selbstentwurfs\u00ab bez\u00fcglich der imaginativen Qualit\u00e4t\"><img src=\"http:\/\/www.vrabek.de\/design\/wp-content\/uploads\/2016\/02\/i2_prospektiv.svg\" class=\"cprp_thumbnail\" title=\"Selbstreflexion &gt; Zum Hauptkriterium des \u00bbfiktiven Selbstentwurfs\u00ab bez\u00fcglich der imaginativen Qualit\u00e4t\" alt=\"Selbstreflexion &gt; Zum Hauptkriterium des \u00bbfiktiven Selbstentwurfs\u00ab bez\u00fcglich der imaginativen Qualit\u00e4t\" \/><\/a><span class=\"cprp_excerpt_content\">Erfolgt die Selbstreflexion in Hinsicht auf die imaginative Qualit\u00e4t, so sind die momentane sinnliche Gegebenheit und die gef\u00fchlte Zust\u00e4ndlichkeit des Selbst weniger wichtig. Vielmehr ist nun das Hauptkriterium des fiktiven Selbstentwurfs ausschlaggebend f\u00fcr die Bewertung der \u00e4sthetischen Erfahrung. Der fiktive Selbstentwurf kann \u00fcber einen faktisch bestehenden negativen Zustand hinwegt\u00e4uschen, indem&hellip;<\/span><\/div><div class=\"cprp_tags\">Tags: selbst, fiktiven, selbstentwurfs, inneren, selbstreflexion, hauptkriterium, qualit\u00e4t, bewusste, imaginative<\/div><\/div><\/li><\/ul><\/div><div style=\"clear:both;\"><\/div>","protected":false},"excerpt":{"rendered":"<p>Der Erfahrungsbereich des pers\u00f6nlichen Selbst als ein Referenzbereich des Selbstkonzepts wird durch Selbstreflexion erschlossen und mitkonstruiert. Als bedingende Einflussgr\u00f6\u00dfen hierf\u00fcr sind insbesondere die subliminalen Organisationstendenzen zu ber\u00fccksichtigen (vgl. Kapitel 3). Selbstverwirklichung und bewusst erlebte Lebensqualit\u00e4t wird unter diesem Schwerpunkt haupts\u00e4chlich&hellip;  <\/p>\n<p class=\"more-link\"><a href=\"http:\/\/www.vrabek.de\/design\/2-design-und\/2-3-aesthetische-hauptkriterien-fuer-design-in-korrespondenz-zu-bewussten-organisationsqualitaeten\/2-3-1-hauptkriterien-zur-dimension-der-selbstreflexion\/\">Continue reading <span class=\"meta-nav\">&rarr;<\/span><\/a><\/p>\n","protected":false},"author":1,"featured_media":0,"parent":300,"menu_order":0,"comment_status":"closed","ping_status":"closed","template":"","meta":[],"_links":{"self":[{"href":"http:\/\/www.vrabek.de\/design\/wp-json\/wp\/v2\/pages\/306"}],"collection":[{"href":"http:\/\/www.vrabek.de\/design\/wp-json\/wp\/v2\/pages"}],"about":[{"href":"http:\/\/www.vrabek.de\/design\/wp-json\/wp\/v2\/types\/page"}],"author":[{"embeddable":true,"href":"http:\/\/www.vrabek.de\/design\/wp-json\/wp\/v2\/users\/1"}],"replies":[{"embeddable":true,"href":"http:\/\/www.vrabek.de\/design\/wp-json\/wp\/v2\/comments?post=306"}],"version-history":[{"count":4,"href":"http:\/\/www.vrabek.de\/design\/wp-json\/wp\/v2\/pages\/306\/revisions"}],"predecessor-version":[{"id":1375,"href":"http:\/\/www.vrabek.de\/design\/wp-json\/wp\/v2\/pages\/306\/revisions\/1375"}],"up":[{"embeddable":true,"href":"http:\/\/www.vrabek.de\/design\/wp-json\/wp\/v2\/pages\/300"}],"wp:attachment":[{"href":"http:\/\/www.vrabek.de\/design\/wp-json\/wp\/v2\/media?parent=306"}],"curies":[{"name":"wp","href":"https:\/\/api.w.org\/{rel}","templated":true}]}}