{"id":300,"date":"2015-12-16T14:09:24","date_gmt":"2015-12-16T13:09:24","guid":{"rendered":"http:\/\/www.vrabek.de\/design\/?page_id=300"},"modified":"2018-05-08T22:50:30","modified_gmt":"2018-05-08T20:50:30","slug":"2-3-aesthetische-hauptkriterien-fuer-design-in-korrespondenz-zu-bewussten-organisationsqualitaeten","status":"publish","type":"page","link":"http:\/\/www.vrabek.de\/design\/2-design-und\/2-3-aesthetische-hauptkriterien-fuer-design-in-korrespondenz-zu-bewussten-organisationsqualitaeten\/","title":{"rendered":"2.3 \u00c4sthetische Hauptkriterien f\u00fcr Design in Korrespondenz zu bewussten Organisationsqualit\u00e4ten"},"content":{"rendered":"<p>Die bewussten Organisationsqualit\u00e4ten als gef\u00fchlsbezogene Akzentuierung \u00e4sthetischer Erfahrung werden in der folgenden detaillierten Analyse hinsichtlich drei Dimensionen des Selbstkonzepts untersucht. Es werden Hauptkriterien benannt, die f\u00fcr das Zustandekommen der jeweiligen bewussten Organisationsqualit\u00e4t relevant sind. Je nach subjektiver Ausrichtung des Selbstkonzepts und des prim\u00e4ren Gef\u00fchlsbezugs auf eine Dimension und deren Gewichtung f\u00fcr das Empfinden von Lebensqualit\u00e4t, ist die bewusste, qualitative Einl\u00f6sung der entsprechenden Hauptkriterien zu finden. Da manche Hauptkriterien schwer einl\u00f6sbar sind oder eine Dominanz von wenigen Hauptkriterien vorliegt, wird die spezielle Auspr\u00e4gung des Selbstkonzepts und dessen bewusstes Ausleben unterdr\u00fcckt. Beispielsweise kann durch die animative Aktualit\u00e4t von Design das Entstehen und Ausleben der empathiven Qualit\u00e4t gef\u00f6rdert werden. Bezogen auf das innere Selbst w\u00e4re dann anzustreben, das Entstehen eines bewussten Selbstgef\u00fchls zu unterst\u00fctzen. Hinsichtlich der zwischenmenschlichen Kommunikation w\u00e4re das Gef\u00fchl der geteilten Verbundenheit auszubauen und bez\u00fcglich der Interaktion in der Lebensumwelt sollte die Herstellung von N\u00e4he durch lebendige Anmutung das Ziel sein.<\/p>\n<p>Im Hinblick auf die unterschiedlichen Vorstellungen von Lebensqualit\u00e4t und einem gegl\u00fcckten, guten Leben, sollte Design viele dieser Hauptkriterien zum Ausdruck bringen k\u00f6nnen. Mittels der folgenden Detailuntersuchung (vgl. Abbildung 5) wird aufgezeigt wie die Hauptkriterien durch die gestalterische Ausrichtung auf die jeweilige Aktualit\u00e4t von Design als gegenw\u00e4rtig bewusst erfahrbare Lebensqualit\u00e4t ber\u00fccksichtigt werden k\u00f6nnen.<\/p>\n<h2 class=\"cprp_section_title\">:: Mehr zum Thema ::<\/h2><div class=\"cprp_items list \"><ul><li><div class=\"cprp_data\"><div class=\"cprp_title\"><a href=\"http:\/\/www.vrabek.de\/design\/2-design-und\/2-3-aesthetische-hauptkriterien-fuer-design-in-korrespondenz-zu-bewussten-organisationsqualitaeten\/2-3-1-hauptkriterien-zur-dimension-der-selbstreflexion\/\" title=\"2.3.1 Hauptkriterien zur Dimension der Selbstreflexion\">2.3.1 Hauptkriterien zur Dimension der Selbstreflexion<\/a><\/div><div class=\"cprp_excerpt\"><span class=\"cprp_excerpt_content\">Der Erfahrungsbereich des pers\u00f6nlichen Selbst als ein Referenzbereich des Selbstkonzepts wird durch Selbstreflexion erschlossen und mitkonstruiert. Als bedingende Einflussgr\u00f6\u00dfen hierf\u00fcr sind insbesondere die subliminalen Organisationstendenzen zu ber\u00fccksichtigen (vgl. Kapitel 3). Selbstverwirklichung und bewusst erlebte Lebensqualit\u00e4t wird unter diesem Schwerpunkt haupts\u00e4chlich als St\u00e4rkung, Vertiefung und Erweiterung des inneren Selbst verstanden. Durch&hellip;<\/span><\/div><div class=\"cprp_tags\">Tags: entstehen, bewussten, selbstkonzepts, hauptkriterien, lebensqualit\u00e4t<\/div><\/div><\/li><li><div class=\"cprp_data\"><div class=\"cprp_title\"><a href=\"http:\/\/www.vrabek.de\/design\/2-design-und\/2-3-aesthetische-hauptkriterien-fuer-design-in-korrespondenz-zu-bewussten-organisationsqualitaeten\/2-3-2-hauptkriterien-zur-dimension-der-kommunikation\/\" title=\"2.3.2 Hauptkriterien zur Dimension der Kommunikation\">2.3.2 Hauptkriterien zur Dimension der Kommunikation<\/a><\/div><div class=\"cprp_excerpt\"><span class=\"cprp_excerpt_content\">Nach der Analyse der Ausrichtung des Selbstkonzepts auf das innerliche Selbst, das in erster Linie durch Selbstreflexion zug\u00e4nglich ist, wird im Anschluss die zweite Dimension des Selbstkonzepts, die an den Mitmenschen ausgerichtet ist und durch Kommunikation entfaltet wird, untersucht. W\u00e4hrend diese Dimension hier nur als eine von weiteren Dimensionen betrachtet&hellip;<\/span><\/div><div class=\"cprp_tags\">Tags: selbstkonzepts, ausrichtung, hauptkriterien<\/div><\/div><\/li><li><div class=\"cprp_data\"><div class=\"cprp_title\"><a href=\"http:\/\/www.vrabek.de\/design\/2-design-und\/2-3-aesthetische-hauptkriterien-fuer-design-in-korrespondenz-zu-bewussten-organisationsqualitaeten\/2-3-3-hauptkriterien-zur-dimension-der-interaktion\/\" title=\"2.3.3 Hauptkriterien zur Dimension der Interaktion\">2.3.3 Hauptkriterien zur Dimension der Interaktion<\/a><\/div><div class=\"cprp_excerpt\"><span class=\"cprp_excerpt_content\">Die dritte Dimension der schwerpunktm\u00e4\u00dfigen Ausrichtung der bewussten Organisationsqualit\u00e4ten und des Selbstkonzepts ergibt sich aus der Interaktion mit der Welt. Diese Dimension ist die elementarste und liegt der Selbstreflexion, welche die Erschlie\u00dfung und Entwicklung des inneren Selbst betrifft sowie der Kommunikation, welche die Beziehung zu den Mitmenschen erfasst, zugrunde. Sie&hellip;<\/span><\/div><div class=\"cprp_tags\">Tags: design, selbstkonzepts, organisationsqualit\u00e4ten, bewussten, ausrichtung, hauptkriterien<\/div><\/div><\/li><\/ul><\/div><div style=\"clear:both;\"><\/div>","protected":false},"excerpt":{"rendered":"<p>Die bewussten Organisationsqualit\u00e4ten als gef\u00fchlsbezogene Akzentuierung \u00e4sthetischer Erfahrung werden in der folgenden detaillierten Analyse hinsichtlich drei Dimensionen des Selbstkonzepts untersucht. Es werden Hauptkriterien benannt, die f\u00fcr das Zustandekommen der jeweiligen bewussten Organisationsqualit\u00e4t relevant sind. Je nach subjektiver Ausrichtung des Selbstkonzepts&hellip;  <\/p>\n<p class=\"more-link\"><a href=\"http:\/\/www.vrabek.de\/design\/2-design-und\/2-3-aesthetische-hauptkriterien-fuer-design-in-korrespondenz-zu-bewussten-organisationsqualitaeten\/\">Continue reading <span class=\"meta-nav\">&rarr;<\/span><\/a><\/p>\n","protected":false},"author":1,"featured_media":0,"parent":48,"menu_order":0,"comment_status":"closed","ping_status":"closed","template":"","meta":[],"_links":{"self":[{"href":"http:\/\/www.vrabek.de\/design\/wp-json\/wp\/v2\/pages\/300"}],"collection":[{"href":"http:\/\/www.vrabek.de\/design\/wp-json\/wp\/v2\/pages"}],"about":[{"href":"http:\/\/www.vrabek.de\/design\/wp-json\/wp\/v2\/types\/page"}],"author":[{"embeddable":true,"href":"http:\/\/www.vrabek.de\/design\/wp-json\/wp\/v2\/users\/1"}],"replies":[{"embeddable":true,"href":"http:\/\/www.vrabek.de\/design\/wp-json\/wp\/v2\/comments?post=300"}],"version-history":[{"count":2,"href":"http:\/\/www.vrabek.de\/design\/wp-json\/wp\/v2\/pages\/300\/revisions"}],"predecessor-version":[{"id":526,"href":"http:\/\/www.vrabek.de\/design\/wp-json\/wp\/v2\/pages\/300\/revisions\/526"}],"up":[{"embeddable":true,"href":"http:\/\/www.vrabek.de\/design\/wp-json\/wp\/v2\/pages\/48"}],"wp:attachment":[{"href":"http:\/\/www.vrabek.de\/design\/wp-json\/wp\/v2\/media?parent=300"}],"curies":[{"name":"wp","href":"https:\/\/api.w.org\/{rel}","templated":true}]}}