{"id":222,"date":"2020-12-16T13:55:00","date_gmt":"2020-12-16T12:55:00","guid":{"rendered":"http:\/\/www.vrabek.de\/design\/?page_id=222"},"modified":"2020-12-29T12:18:03","modified_gmt":"2020-12-29T11:18:03","slug":"1-3-korrespondenz-von-design-und-aesthetischer-erfahrung-relativ-zur-wirklichkeitsbildenden-orientierung-von-erfahrung","status":"publish","type":"page","link":"http:\/\/www.vrabek.de\/design\/1-design-und-aesthetische-erfahrung-innerhalb-der-wirklichkeitsbildenden-basis-von-erfahrung\/1-3-korrespondenz-von-design-und-aesthetischer-erfahrung-relativ-zur-wirklichkeitsbildenden-orientierung-von-erfahrung\/","title":{"rendered":"1.3 Korrespondenz von Design und \u00e4sthetischer Erfahrung relativ zur wirklichkeitsbildenden Orientierung von Erfahrung"},"content":{"rendered":"<p>Nach der Modellvorstellung entsteht die Kreation von Erfahrung aufgrund einer interpersonell unterschiedlichen sowie intrapsychisch wechselnden Organisationsdynamik. Bez\u00fcglich derer sind nur durch analytische, theorieabh\u00e4ngige Trennung verschiedene Kausalit\u00e4ten bestimmbar und dominierende Orientierungen typisierbar. Durch eine dominierende Orientierungen bildet die Organisationsdynamik eine gewisse Stabilit\u00e4t aus. Diese wirkt wiederum durch die Kreiskausalit\u00e4t aller Prozesse auch auf die hervorgehobenen Teilprozesse, erstens die \u00e4sthetische Erfahrung als ein in besonderer Weise erlebbarem und zweitens die spezifische Gestaltung, bzw. das Design, als handlungsbezogenem Teilprozess, zur\u00fcck.<\/p>\n<p>Diese Untersuchung geht davon aus, dass der ganzheitliche Wirkzusammenhang der dynamischen Erfahrungskreation durch detaillierte Analysen zumindest ann\u00e4herungsweise erfassbar wird und ein Verst\u00e4ndnis f\u00fcr die qualitative Vielf\u00e4ltigkeit individueller Erfahrung erleichtert. Indem die Querkausalit\u00e4t, also die beiden Teilprozesse der \u00e4sthetischen Erfahrung einerseits sowie der spezifischen Gestaltung oder dem Design andererseits explizit in Beziehung zur Kreiskausalit\u00e4t, als wirksamer, urs\u00e4chlicher und folgebezogener Orientierung, gesetzt wird, ergibt sich die Grundeinteilung der Untersuchung. Jede der drei typischen Orientierungen ist in Relation zu den Teilprozessen zu analysieren. Diese bilden wiederum eine besondere, durch die jeweilige Orientierung mitbeeinflusste sowie auf sie zur\u00fcckwirkende Korrespondenz aus.<\/p>\n<p>Durch die Unterscheidung von Komponenten des Teilprozesses der \u00e4sthetischen Erfahrung in Relation zu den typischen Orientierungen sowie der dementsprechend korrespondierenden Zuordnung von Kategorien f\u00fcr den Teilprozess der spezifischen Gestaltung oder dem Design, entsteht eine erste Gliederung des Untersuchungsbereichs. Der wirkungsbezogenen Orientierung ist die Kategorie der Aktualit\u00e4t von spezifischer Gestaltung oder Design und in Korrespondenz dazu die gef\u00fchlsbezogene Komponente \u00e4sthetischer Erfahrung zugeordnet. Die Kategorie der Potentialit\u00e4t von spezifischer Gestaltung oder Design wird in Korrespondenz zu bedingenden Komponenten \u00e4sthetischer Erfahrung und in Relation zur ursachenbezogenen Orientierung gebracht. Den dritten Bereich grenzt die Zuordnung der Kategorie der Perspek\u00adtivit\u00e4t von spezifischer Gestaltung oder Design mit der antizipierenden Komponente \u00e4sthetischer Erfahrung im Verh\u00e4ltnis zur folgebezogenen Orientierung ein. Auf Basis dieser Grundeinteilung erfolgt (<a href=\"\/design\/1-design-und-aesthetische-erfahrung-innerhalb-der-wirklichkeitsbildenden-basis-von-erfahrung\/1-4-differenzierte-richtlinien-fuer-design-in-korrespondenz-zur-vielfalt-aesthetischer-erfahrung\/\">vgl. Punkt 1.4<\/a>) eine verfeinerte Gliederung der Untersuchung.<\/p>\n","protected":false},"excerpt":{"rendered":"<p>Nach der Modellvorstellung entsteht die Kreation von Erfahrung aufgrund einer interpersonell unterschiedlichen sowie intrapsychisch wechselnden Organisationsdynamik. Bez\u00fcglich derer sind nur durch analytische, theorieabh\u00e4ngige Trennung verschiedene Kausalit\u00e4ten bestimmbar und dominierende Orientierungen typisierbar. Durch eine dominierende Orientierungen bildet die Organisationsdynamik eine gewisse&hellip;  <\/p>\n<p class=\"more-link\"><a href=\"http:\/\/www.vrabek.de\/design\/1-design-und-aesthetische-erfahrung-innerhalb-der-wirklichkeitsbildenden-basis-von-erfahrung\/1-3-korrespondenz-von-design-und-aesthetischer-erfahrung-relativ-zur-wirklichkeitsbildenden-orientierung-von-erfahrung\/\">Continue reading <span class=\"meta-nav\">&rarr;<\/span><\/a><\/p>\n","protected":false},"author":1,"featured_media":0,"parent":7,"menu_order":0,"comment_status":"closed","ping_status":"closed","template":"","meta":[],"_links":{"self":[{"href":"http:\/\/www.vrabek.de\/design\/wp-json\/wp\/v2\/pages\/222"}],"collection":[{"href":"http:\/\/www.vrabek.de\/design\/wp-json\/wp\/v2\/pages"}],"about":[{"href":"http:\/\/www.vrabek.de\/design\/wp-json\/wp\/v2\/types\/page"}],"author":[{"embeddable":true,"href":"http:\/\/www.vrabek.de\/design\/wp-json\/wp\/v2\/users\/1"}],"replies":[{"embeddable":true,"href":"http:\/\/www.vrabek.de\/design\/wp-json\/wp\/v2\/comments?post=222"}],"version-history":[{"count":3,"href":"http:\/\/www.vrabek.de\/design\/wp-json\/wp\/v2\/pages\/222\/revisions"}],"predecessor-version":[{"id":1352,"href":"http:\/\/www.vrabek.de\/design\/wp-json\/wp\/v2\/pages\/222\/revisions\/1352"}],"up":[{"embeddable":true,"href":"http:\/\/www.vrabek.de\/design\/wp-json\/wp\/v2\/pages\/7"}],"wp:attachment":[{"href":"http:\/\/www.vrabek.de\/design\/wp-json\/wp\/v2\/media?parent=222"}],"curies":[{"name":"wp","href":"https:\/\/api.w.org\/{rel}","templated":true}]}}