{"id":216,"date":"2015-12-16T13:54:20","date_gmt":"2015-12-16T12:54:20","guid":{"rendered":"http:\/\/www.vrabek.de\/design\/?page_id=216"},"modified":"2020-12-29T12:19:32","modified_gmt":"2020-12-29T11:19:32","slug":"1-3-1-wirkungsbezogene-orientierung-und-die-kategorie-der-aktualitaet-von-design-in-korrespondenz-zur-gefuehlsbezogenen-komponente-aesthetischer-erfahrung","status":"publish","type":"page","link":"http:\/\/www.vrabek.de\/design\/1-design-und-aesthetische-erfahrung-innerhalb-der-wirklichkeitsbildenden-basis-von-erfahrung\/1-3-1-wirkungsbezogene-orientierung-und-die-kategorie-der-aktualitaet-von-design-in-korrespondenz-zur-gefuehlsbezogenen-komponente-aesthetischer-erfahrung\/","title":{"rendered":"1.3.1 Wirkungsbezogene Orientierung und die Kategorie der Aktualit\u00e4t von Design in Korrespondenz zur gef\u00fchlsbezogenen Komponente \u00e4sthetischer Erfahrung"},"content":{"rendered":"<p>Wird die Erfahrung und insbesondere der Teilprozess der \u00e4sthetischen Erfahrung prim\u00e4r von der wirkungsbezogenen Orientierung dominiert, so bestimmt das gegenw\u00e4rtige Erleben die Erfahrungswirklichkeit. Fragen nach den Ursachen und Folgen der Wirkungen, die das bewusste Erleben bewegen, bleiben ausgeklammert. Vielmehr konzentriert sich die Erfahrung auf das bewusste Empfinden der besonderen Gef\u00fchle, welche die Erfahrungsgegenwart bewirkt. Dieser Einfluss der wirkungsbezogenen Orientierung in Korrelation mit dem Teilprozess der \u00e4sthetischen Erfahrung, wird im folgenden als gef\u00fchlsbezogene Komponente \u00e4sthetischer Erfahrung abgegrenzt.<\/p>\n<p>In Hinsicht auf eine explizite Darstellung und ein besseres Verst\u00e4ndnis der gef\u00fchlsbezogenen Komponente \u00e4sthetischer Erfahrung, f\u00fcr welche die Pr\u00e4senz eines Gef\u00fchls wesentlich ist, sind Gef\u00fchle differenziert zu analysieren und zu untersuchen, wodurch sie zustandekommen. Hierf\u00fcr k\u00f6nnen mehrere Ausl\u00f6ser in Betracht kommen. Zum Beispiel kann die Erinnerung an ein lange zur\u00fcckliegendes Erlebnis zum Entstehen einer gef\u00fchlsbezogenen, gegenw\u00e4rtigen \u00e4sthetischen Erfahrung beitragen. Denn f\u00fcr die Dauer der \u00e4sthetischen Erfahrung ist das Erinnerte wieder pr\u00e4sent. Der Ausl\u00f6ser oder Anlass f\u00fcr eine \u00e4sthetische Erfahrung in der die gef\u00fchlsbezogene Komponente Priorit\u00e4t hat, muss Bewusstseinspr\u00e4senz gewinnen k\u00f6nnen, muss bewusst aktualisierbar sein. Diese Aktualisierung gelingt nicht immer. Genausowenig wie ein Kind mit dem Hinweis auf irgendein sp\u00e4teres sch\u00f6nes Erlebnis, von dem es sich keinerlei aktuelle Vorstellung machen kann, abzulenken ist, kann ein Erwachsener selten nur aufgrund der Vorlage von beispielsweise kunsthistorisch als \u00e4sthetisch wertvoll legitimierten, ihm aber fremden Gegenst\u00e4nden eine gef\u00fchlsbezogene \u00e4sthetische Erfahrung entfalten.<\/p>\n<p>Diesen \u00dcberlegungen entspricht im Sinne des Untersuchungsziels (<a href=\"\/design\/1-design-und-aesthetische-erfahrung-innerhalb-der-wirklichkeitsbildenden-basis-von-erfahrung\/1-2-2-kreiskausalitaet-und-stabilisierung-durch-dominierende-organisationsorientierungen\/\">vgl. Punkt 1.2.2<\/a>) die Forderung, dass der gegebene Anlass die bewusste Aktualisierung einer \u00e4sthetischen Erfahrung aus dem pers\u00f6nlichen Erfahrungstand erlauben sollte. Der Anlass m\u00fcsste sich zumindest minimal auf den bisherigen Erfahrungsstand und die Gewichtung von Vorlieben beziehen. Entsprechend gestaltete Anl\u00e4sse in Korrespondenz zur \u00e4sthetischen Erfahrung bereitzustellen w\u00e4re demnach die Aufgabe von Design. Die Analyse der Relation der Teilprozesse von Erfahrung zu deren wirkungsbezogener Orientierung erfordert somit die Gegen\u00fcberstellung der gef\u00fchlsbezogenen Komponente \u00e4sthetischer Erfahrung und der Kategorie der Aktualit\u00e4t von spezifischer Gestaltung oder Design.<\/p>\n","protected":false},"excerpt":{"rendered":"<p>Wird die Erfahrung und insbesondere der Teilprozess der \u00e4sthetischen Erfahrung prim\u00e4r von der wirkungsbezogenen Orientierung dominiert, so bestimmt das gegenw\u00e4rtige Erleben die Erfahrungswirklichkeit. Fragen nach den Ursachen und Folgen der Wirkungen, die das bewusste Erleben bewegen, bleiben ausgeklammert. Vielmehr konzentriert&hellip;  <\/p>\n<p class=\"more-link\"><a href=\"http:\/\/www.vrabek.de\/design\/1-design-und-aesthetische-erfahrung-innerhalb-der-wirklichkeitsbildenden-basis-von-erfahrung\/1-3-1-wirkungsbezogene-orientierung-und-die-kategorie-der-aktualitaet-von-design-in-korrespondenz-zur-gefuehlsbezogenen-komponente-aesthetischer-erfahrung\/\">Continue reading <span class=\"meta-nav\">&rarr;<\/span><\/a><\/p>\n","protected":false},"author":1,"featured_media":0,"parent":7,"menu_order":0,"comment_status":"closed","ping_status":"closed","template":"","meta":[],"_links":{"self":[{"href":"http:\/\/www.vrabek.de\/design\/wp-json\/wp\/v2\/pages\/216"}],"collection":[{"href":"http:\/\/www.vrabek.de\/design\/wp-json\/wp\/v2\/pages"}],"about":[{"href":"http:\/\/www.vrabek.de\/design\/wp-json\/wp\/v2\/types\/page"}],"author":[{"embeddable":true,"href":"http:\/\/www.vrabek.de\/design\/wp-json\/wp\/v2\/users\/1"}],"replies":[{"embeddable":true,"href":"http:\/\/www.vrabek.de\/design\/wp-json\/wp\/v2\/comments?post=216"}],"version-history":[{"count":3,"href":"http:\/\/www.vrabek.de\/design\/wp-json\/wp\/v2\/pages\/216\/revisions"}],"predecessor-version":[{"id":1353,"href":"http:\/\/www.vrabek.de\/design\/wp-json\/wp\/v2\/pages\/216\/revisions\/1353"}],"up":[{"embeddable":true,"href":"http:\/\/www.vrabek.de\/design\/wp-json\/wp\/v2\/pages\/7"}],"wp:attachment":[{"href":"http:\/\/www.vrabek.de\/design\/wp-json\/wp\/v2\/media?parent=216"}],"curies":[{"name":"wp","href":"https:\/\/api.w.org\/{rel}","templated":true}]}}