{"id":139,"date":"2015-12-01T23:32:03","date_gmt":"2015-12-01T22:32:03","guid":{"rendered":"http:\/\/www.vrabek.de\/design\/?page_id=139"},"modified":"2015-12-18T12:38:33","modified_gmt":"2015-12-18T11:38:33","slug":"5-2-2-kontextuelle-logik-aesthetischer-erfahrung-und-situatives-potential-von-design","status":"publish","type":"page","link":"http:\/\/www.vrabek.de\/design\/5-mediales\/5-2-kategorie-der-potentialitaet-von-design-in-korrespondenz-zur-medial-bedingten-akzentuierung-aesthetischer-erfahrung\/5-2-2-kontextuelle-logik-aesthetischer-erfahrung-und-situatives-potential-von-design\/","title":{"rendered":"5.2.2 Kontextuelle Logik \u00e4sthetischer Erfahrung und situatives Potential von Design"},"content":{"rendered":"<p>Die kontextuelle Logik steht in besonders enger Korrelation mit der sozial bedingten Komponente der Erfahrung und den sozialen Organisationsstrukturen. Sie betrifft Medien als Umwelten und beeinflusst die Ausbildung von gemeinsam zug\u00e4nglichen und teilbaren Erfahrungen. Soziale Erfahrung verwirklicht sich in Zuge der sozialen Kooperation zum Beispiel durch Medien wie die Sprache oder Rituale und entsprechende symbolische und gegenst\u00e4ndliche Konkretisierungen. Die mit diesen Medien assoziierte Logik bedingt wiederum die an sie anschlie\u00dfende soziale Erfahrung.<\/p>\n<p>Dies wird beim Versuch deutlich, bez\u00fcglich kontextueller Medien im Nachhinein Entscheidungen zu revidieren, neue Medien zu installieren oder wieder auf ein \u00e4lteres Medium zur\u00fcckzugehen. Denn viele Konkretisierungen sind Ausdruck von tradierten sozialen Erfahrung, erhalten einen institutionalisierten, sozial gefestigten Charakter und erschweren dadurch Ver\u00e4nderungen der auf sie bezogenen Erfahrungen. Beispielsweise k\u00f6nnen teure Verwaltungsgeb\u00e4ude nicht st\u00e4ndig der sozialen Erfahrungsdynamik und dem aktuellen politischen Beschreibungsmodell angepasst werden. Deshalb werden auch in einer demokratischen Gesellschaft alte Geb\u00e4ude genutzt, die ehemals in Bezug auf eine straffe Staatsorganisation geplant wurden. So vermittelt die kontextuelle Logik des Mediums Verwaltung in Form der Konkretisierung als Geb\u00e4ude mit langen Fluren und endlosen T\u00fcrreihen den Klienten ein Gef\u00fchl von Ohnmacht. Solche negativen Erfahrungen im Umgang mit dem Geb\u00e4ude wirken wiederum in die gesamte Erfahrungsorganisation zur\u00fcck und beeinflussen die soziale Kooperation der Beteiligten. In diesem Fall k\u00f6nnte das spezielle, medial bedingte Potential von Design darin liegen, die veraltete kontextuelle Logik aufzulockern, sei es durch eine \u00fcbersichtlichere Gliederung der Flure, den Einsatz von Glast\u00fcren, angenehm gestaltete Wartezonen, leichter auszuf\u00fcllende Formulare, die Einrichtung eines Schalters f\u00fcr die erste Information usw. Diese Ausrichtung von Design wird als situatives Potential gekennzeichnet. Es unterst\u00fctzt das Zustandekommen einer positiven \u00e4sthetischen Erfahrungsqualit\u00e4t im Umgang mit Medien die prim\u00e4r den Bedingungen der kontextuellen Logik unterliegen.<\/p>\n","protected":false},"excerpt":{"rendered":"<p>Die kontextuelle Logik steht in besonders enger Korrelation mit der sozial bedingten Komponente der Erfahrung und den sozialen Organisationsstrukturen. Sie betrifft Medien als Umwelten und beeinflusst die Ausbildung von gemeinsam zug\u00e4nglichen und teilbaren Erfahrungen. Soziale Erfahrung verwirklicht sich in Zuge&hellip;  <\/p>\n<p class=\"more-link\"><a href=\"http:\/\/www.vrabek.de\/design\/5-mediales\/5-2-kategorie-der-potentialitaet-von-design-in-korrespondenz-zur-medial-bedingten-akzentuierung-aesthetischer-erfahrung\/5-2-2-kontextuelle-logik-aesthetischer-erfahrung-und-situatives-potential-von-design\/\">Continue reading <span class=\"meta-nav\">&rarr;<\/span><\/a><\/p>\n","protected":false},"author":1,"featured_media":0,"parent":135,"menu_order":0,"comment_status":"closed","ping_status":"closed","template":"","meta":[],"_links":{"self":[{"href":"http:\/\/www.vrabek.de\/design\/wp-json\/wp\/v2\/pages\/139"}],"collection":[{"href":"http:\/\/www.vrabek.de\/design\/wp-json\/wp\/v2\/pages"}],"about":[{"href":"http:\/\/www.vrabek.de\/design\/wp-json\/wp\/v2\/types\/page"}],"author":[{"embeddable":true,"href":"http:\/\/www.vrabek.de\/design\/wp-json\/wp\/v2\/users\/1"}],"replies":[{"embeddable":true,"href":"http:\/\/www.vrabek.de\/design\/wp-json\/wp\/v2\/comments?post=139"}],"version-history":[{"count":2,"href":"http:\/\/www.vrabek.de\/design\/wp-json\/wp\/v2\/pages\/139\/revisions"}],"predecessor-version":[{"id":576,"href":"http:\/\/www.vrabek.de\/design\/wp-json\/wp\/v2\/pages\/139\/revisions\/576"}],"up":[{"embeddable":true,"href":"http:\/\/www.vrabek.de\/design\/wp-json\/wp\/v2\/pages\/135"}],"wp:attachment":[{"href":"http:\/\/www.vrabek.de\/design\/wp-json\/wp\/v2\/media?parent=139"}],"curies":[{"name":"wp","href":"https:\/\/api.w.org\/{rel}","templated":true}]}}