{"id":135,"date":"2015-12-01T23:30:18","date_gmt":"2015-12-01T22:30:18","guid":{"rendered":"http:\/\/www.vrabek.de\/design\/?page_id=135"},"modified":"2015-12-18T12:32:57","modified_gmt":"2015-12-18T11:32:57","slug":"5-2-kategorie-der-potentialitaet-von-design-in-korrespondenz-zur-medial-bedingten-akzentuierung-aesthetischer-erfahrung","status":"publish","type":"page","link":"http:\/\/www.vrabek.de\/design\/5-mediales\/5-2-kategorie-der-potentialitaet-von-design-in-korrespondenz-zur-medial-bedingten-akzentuierung-aesthetischer-erfahrung\/","title":{"rendered":"5.2 Kategorie der Potentialit\u00e4t von Design in Korrespondenz zur medial bedingten Akzentuierung \u00e4sthetischer Erfahrung"},"content":{"rendered":"<p>Die interaktive, auf den Umgang mit der Welt gerichtete Dimension von \u00e4sthetischer Erfahrung wird von der Orientierung an drei typischen Organisationslogiken beeinflusst Menschen, die eine dieser Logiken bevorzugen, bilden eine schwerpunktm\u00e4\u00dfige Akzentuierung der Erfahrung aus. Zu F\u00f6rderung der Qualit\u00e4t ihrer diesbez\u00fcglichen \u00e4sthetischen Erfahrung, sind solche Angebote geeignet, welche mit der jeweiligen Akzentuierung korrespondieren. Um diese zu gestalten, ist zun\u00e4chst die detailliertere Erfassung der typischen Logiken sowie die Kennzeichnung von spezifisch, in Korrespondenz zu den Logiken ausgelegtem Design notwendig.<\/p>\n<p>Die erste Gruppe, die organische Logik, bezieht sich auf alle Medien, welche durch den menschlichen Organismus verk\u00f6rpert sind. Zur zweiten Gruppe, der kontextuellen Logik, sollen alle Medien geh\u00f6ren, die in der allt\u00e4glichen Lebensumgebung zur Verf\u00fcgung stehen. Die dritte Gruppe, die standardisierte Logik, beinhaltet alle komplexeren Medien, welche gezielt durch Forschung entwickelt werden und deren Handhabung expliziten Regeln folgt. Die anschlie\u00dfenden Untersuchungspunkte pr\u00e4zisieren diese medial bedingten Organisationslogiken hinsichtlich der Akzentuierung der \u00e4sthetischen Erfahrung und kennzeichnen das jeweils korrespondierende Potential von Design. Der organischen Logik wird das adaptive Potential von Design zugeordnet, der kontextuellen Logik das situative Potential von Design und der standardisierten Logik das innovative Potential.<\/p>\n","protected":false},"excerpt":{"rendered":"<p>Die interaktive, auf den Umgang mit der Welt gerichtete Dimension von \u00e4sthetischer Erfahrung wird von der Orientierung an drei typischen Organisationslogiken beeinflusst Menschen, die eine dieser Logiken bevorzugen, bilden eine schwerpunktm\u00e4\u00dfige Akzentuierung der Erfahrung aus. Zu F\u00f6rderung der Qualit\u00e4t ihrer&hellip;  <\/p>\n<p class=\"more-link\"><a href=\"http:\/\/www.vrabek.de\/design\/5-mediales\/5-2-kategorie-der-potentialitaet-von-design-in-korrespondenz-zur-medial-bedingten-akzentuierung-aesthetischer-erfahrung\/\">Continue reading <span class=\"meta-nav\">&rarr;<\/span><\/a><\/p>\n","protected":false},"author":1,"featured_media":0,"parent":63,"menu_order":0,"comment_status":"closed","ping_status":"closed","template":"","meta":[],"_links":{"self":[{"href":"http:\/\/www.vrabek.de\/design\/wp-json\/wp\/v2\/pages\/135"}],"collection":[{"href":"http:\/\/www.vrabek.de\/design\/wp-json\/wp\/v2\/pages"}],"about":[{"href":"http:\/\/www.vrabek.de\/design\/wp-json\/wp\/v2\/types\/page"}],"author":[{"embeddable":true,"href":"http:\/\/www.vrabek.de\/design\/wp-json\/wp\/v2\/users\/1"}],"replies":[{"embeddable":true,"href":"http:\/\/www.vrabek.de\/design\/wp-json\/wp\/v2\/comments?post=135"}],"version-history":[{"count":2,"href":"http:\/\/www.vrabek.de\/design\/wp-json\/wp\/v2\/pages\/135\/revisions"}],"predecessor-version":[{"id":574,"href":"http:\/\/www.vrabek.de\/design\/wp-json\/wp\/v2\/pages\/135\/revisions\/574"}],"up":[{"embeddable":true,"href":"http:\/\/www.vrabek.de\/design\/wp-json\/wp\/v2\/pages\/63"}],"wp:attachment":[{"href":"http:\/\/www.vrabek.de\/design\/wp-json\/wp\/v2\/media?parent=135"}],"curies":[{"name":"wp","href":"https:\/\/api.w.org\/{rel}","templated":true}]}}