{"id":127,"date":"2015-12-01T23:25:32","date_gmt":"2015-12-01T22:25:32","guid":{"rendered":"http:\/\/www.vrabek.de\/design\/?page_id=127"},"modified":"2018-05-05T15:15:55","modified_gmt":"2018-05-05T13:15:55","slug":"5-1-modell-zur-organisationsdynamik-der-medialen-komponente","status":"publish","type":"page","link":"http:\/\/www.vrabek.de\/design\/5-mediales\/5-1-modell-zur-organisationsdynamik-der-medialen-komponente\/","title":{"rendered":"5.1 Modell zur Organisationsdynamik der medialen Komponente"},"content":{"rendered":"<p>Im Folgenden wird ein Modell konzipiert (vgl. Abbildung 10), das durch Differenzierung von Teilprozessen und Subprozessen die Organisationsdynamik der medialen Komponente von Erfahrung erfasst. Intern wirkt sich die Dynamik der R\u00fcckkopplungsprozesse so aus, dass sie je nach Erfahrungshistorie unterschiedliche Schwerpunkte und Akzentuierungen der medienbezogenen Erfahrung ausbilden. Drei typische Akzentuierungen sind unterscheidbar. Sie pr\u00e4gen auch den besonderen, die medial bedingte Komponente von den anderen Komponenten abhebenden, nach au\u00dfen wirkenden Hauptprozess. Dadurch beeinflussen die Akzentuierungen auch die Art und Weise sowie die Qualit\u00e4t der \u00e4sthetischen Erfahrung, welche sich durch die Korrelation aller Komponenten bildet.<\/p>\n","protected":false},"excerpt":{"rendered":"<p>Im Folgenden wird ein Modell konzipiert (vgl. Abbildung 10), das durch Differenzierung von Teilprozessen und Subprozessen die Organisationsdynamik der medialen Komponente von Erfahrung erfasst. Intern wirkt sich die Dynamik der R\u00fcckkopplungsprozesse so aus, dass sie je nach Erfahrungshistorie unterschiedliche Schwerpunkte&hellip;  <\/p>\n<p class=\"more-link\"><a href=\"http:\/\/www.vrabek.de\/design\/5-mediales\/5-1-modell-zur-organisationsdynamik-der-medialen-komponente\/\">Continue reading <span class=\"meta-nav\">&rarr;<\/span><\/a><\/p>\n","protected":false},"author":1,"featured_media":0,"parent":63,"menu_order":0,"comment_status":"closed","ping_status":"closed","template":"","meta":[],"_links":{"self":[{"href":"http:\/\/www.vrabek.de\/design\/wp-json\/wp\/v2\/pages\/127"}],"collection":[{"href":"http:\/\/www.vrabek.de\/design\/wp-json\/wp\/v2\/pages"}],"about":[{"href":"http:\/\/www.vrabek.de\/design\/wp-json\/wp\/v2\/types\/page"}],"author":[{"embeddable":true,"href":"http:\/\/www.vrabek.de\/design\/wp-json\/wp\/v2\/users\/1"}],"replies":[{"embeddable":true,"href":"http:\/\/www.vrabek.de\/design\/wp-json\/wp\/v2\/comments?post=127"}],"version-history":[{"count":3,"href":"http:\/\/www.vrabek.de\/design\/wp-json\/wp\/v2\/pages\/127\/revisions"}],"predecessor-version":[{"id":164,"href":"http:\/\/www.vrabek.de\/design\/wp-json\/wp\/v2\/pages\/127\/revisions\/164"}],"up":[{"embeddable":true,"href":"http:\/\/www.vrabek.de\/design\/wp-json\/wp\/v2\/pages\/63"}],"wp:attachment":[{"href":"http:\/\/www.vrabek.de\/design\/wp-json\/wp\/v2\/media?parent=127"}],"curies":[{"name":"wp","href":"https:\/\/api.w.org\/{rel}","templated":true}]}}