{"id":101,"date":"2015-11-30T17:16:31","date_gmt":"2015-11-30T16:16:31","guid":{"rendered":"http:\/\/www.vrabek.de\/design\/?page_id=101"},"modified":"2018-05-03T22:08:42","modified_gmt":"2018-05-03T20:08:42","slug":"3-2-kategorie-der-potentialitaet-von-design-in-korrespondenz-zur-subliminal-bedingten-akzentuierung-aesthetischer-erfahrung","status":"publish","type":"page","link":"http:\/\/www.vrabek.de\/design\/3-subliminales\/3-2-kategorie-der-potentialitaet-von-design-in-korrespondenz-zur-subliminal-bedingten-akzentuierung-aesthetischer-erfahrung\/","title":{"rendered":"3.2 Kategorie der Potenzialit\u00e4t von Design in Korrespondenz zur subliminal bedingten Akzentuierung \u00e4sthetischer Erfahrung"},"content":{"rendered":"<p>Das Modell der Organisationsdynamik der subliminal bedingten Komponente von Erfahrung verdeutlicht einerseits die prinzipielle Unhintergehbarkeit der subliminalen Mechanismen, andererseits aber auch ihre Ver\u00e4nderbarkeit. Deshalb ist es erstens notwendig, mit Design auf die subliminale Akzentuierung der \u00e4sthetischen Erfahrung einzugehen. Zweitens besteht die Chance, durch Design positiv auf Ver\u00e4nderungsprozesse einzuwirken. Hierf\u00fcr ist die spezifische Abstimmung von Designangeboten n\u00f6tig. In Korrespondenz zu der Unterscheidung von drei typischen subliminalen Organisationstendenzen, welche die subliminalen Einfl\u00fcsse auf die Erfahrung in besonderer Weise akzentuieren, werden daher im folgenden drei Auspr\u00e4gungen von Design hergeleitet, welche der Kategorie der Potentialit\u00e4t von Design zugeh\u00f6ren.<\/p>\n","protected":false},"excerpt":{"rendered":"<p>Das Modell der Organisationsdynamik der subliminal bedingten Komponente von Erfahrung verdeutlicht einerseits die prinzipielle Unhintergehbarkeit der subliminalen Mechanismen, andererseits aber auch ihre Ver\u00e4nderbarkeit. Deshalb ist es erstens notwendig, mit Design auf die subliminale Akzentuierung der \u00e4sthetischen Erfahrung einzugehen. Zweitens besteht&hellip;  <\/p>\n<p class=\"more-link\"><a href=\"http:\/\/www.vrabek.de\/design\/3-subliminales\/3-2-kategorie-der-potentialitaet-von-design-in-korrespondenz-zur-subliminal-bedingten-akzentuierung-aesthetischer-erfahrung\/\">Continue reading <span class=\"meta-nav\">&rarr;<\/span><\/a><\/p>\n","protected":false},"author":1,"featured_media":0,"parent":54,"menu_order":2,"comment_status":"closed","ping_status":"closed","template":"","meta":[],"_links":{"self":[{"href":"http:\/\/www.vrabek.de\/design\/wp-json\/wp\/v2\/pages\/101"}],"collection":[{"href":"http:\/\/www.vrabek.de\/design\/wp-json\/wp\/v2\/pages"}],"about":[{"href":"http:\/\/www.vrabek.de\/design\/wp-json\/wp\/v2\/types\/page"}],"author":[{"embeddable":true,"href":"http:\/\/www.vrabek.de\/design\/wp-json\/wp\/v2\/users\/1"}],"replies":[{"embeddable":true,"href":"http:\/\/www.vrabek.de\/design\/wp-json\/wp\/v2\/comments?post=101"}],"version-history":[{"count":4,"href":"http:\/\/www.vrabek.de\/design\/wp-json\/wp\/v2\/pages\/101\/revisions"}],"predecessor-version":[{"id":538,"href":"http:\/\/www.vrabek.de\/design\/wp-json\/wp\/v2\/pages\/101\/revisions\/538"}],"up":[{"embeddable":true,"href":"http:\/\/www.vrabek.de\/design\/wp-json\/wp\/v2\/pages\/54"}],"wp:attachment":[{"href":"http:\/\/www.vrabek.de\/design\/wp-json\/wp\/v2\/media?parent=101"}],"curies":[{"name":"wp","href":"https:\/\/api.w.org\/{rel}","templated":true}]}}